{"id":58617,"date":"2025-11-25T09:53:25","date_gmt":"2025-11-25T02:53:25","guid":{"rendered":"https:\/\/tru-life.com.vn\/?post_type=product&#038;p=58617"},"modified":"2026-01-05T17:12:33","modified_gmt":"2026-01-05T10:12:33","slug":"pho-mai-feta-sahara","status":"publish","type":"product","link":"https:\/\/tru-life.com.vn\/en\/product\/pho-mai-feta-sahara\/","title":{"rendered":"Sahara Feta Cheese \u2013 Soft Feta Cheese"},"content":{"rendered":"<p data-pm-slice=\"1 1 []\">The cheese is brined using traditional methods, resulting in a soft, smooth, delicately creamy texture with a rich, natural buttery aroma. Its mild, clean saltiness without any bitterness or sharpness offers a gentle, pleasant flavor that\u2019s much easier to enjoy compared to typical feta varieties.<\/p>\n<p>All Sahara Dairy products are handcrafted from 100% premium fresh cow\u2019s milk, preserving their natural, creamy, and rich dairy flavors.<\/p>\n<h2>Origin<\/h2>\n<p data-pm-slice=\"1 1 []\">Feta Sahara K\u00f6y is handcrafted following traditional Anatolian feta-making techniques, preserving long-standing heritage while adhering to the highest production standards.<\/p>\n<p>\u0110i\u1ec3m l\u00e0m n\u00ean s\u1ef1 kh\u00e1c bi\u1ec7t c\u1ee7a Ph\u00f4 mai Feta Sahara K\u00f6y ch\u00ednh l\u00e0 vi\u1ec7c s\u1eed d\u1ee5ng 100% S\u1eeeA B\u00d2 T\u01af\u01a0I CH\u1ea4T L\u01af\u1ee2NG CAO. \u0110\u00e2y l\u00e0 \u0111i\u1ec1u r\u1ea5t hi\u1ebfm trong d\u00f2ng feta &#8211; v\u1ed1n th\u01b0\u1eddng l\u00e0m t\u1eeb s\u1eefa d\u00ea ho\u1eb7c s\u1eefa c\u1eebu. Nh\u1edd v\u1eady, h\u01b0\u01a1ng v\u1ecb c\u1ee7a Feta Sahara K\u00f6y nh\u1eb9 nh\u00e0ng, d\u1ec5 \u0103n, c\u1ef1c k\u1ef3 h\u1ee3p kh\u1ea9u v\u1ecb ng\u01b0\u1eddi Vi\u1ec7t.<\/p>\n<p>The cheese is brined using traditional methods, creating a soft, smooth, delicately creamy texture with a rich, natural buttery aroma. Its mild, clean saltiness without any bitterness or sharpness brings a pleasantly \u201csmooth\u201d taste that is far more approachable than most conventional feta varieties.<\/p>\n<h2>Product Code\/Type\/Brand<\/h2>\n<p><span data-contrast=\"auto\">Sahara\u00a0Dairy\u00a0l\u00e0 c\u01a1 s\u1edf s\u1ea3n xu\u1ea5t ph\u00f4 mai th\u1ee7 c\u00f4ng theo m\u00f4 h\u00ecnh gia \u0111\u00ecnh t\u1ea1i \u00dac, tr\u1ef1c thu\u1ed9c\u00a0Picnic\u00a0Foods\u00a0&#8211; m\u1ed9t c\u00f4ng ty uy t\u00edn v\u1ec1 c\u00e1c s\u1ea3n ph\u1ea9m th\u1ef1c ph\u1ea9m ch\u1ea5t l\u01b0\u1ee3ng cao.<\/span><span data-ccp-props=\"{&quot;134233117&quot;:false,&quot;134233118&quot;:false,&quot;201341983&quot;:0,&quot;335551550&quot;:1,&quot;335551620&quot;:1,&quot;335559685&quot;:0,&quot;335559737&quot;:0,&quot;335559738&quot;:240,&quot;335559739&quot;:240,&quot;335559740&quot;:279}\">\u00a0<\/span><\/p>\n<p><span data-contrast=\"auto\">All Sahara Dairy products are handcrafted from 100% premium fresh cow\u2019s milk, retaining the natural, smooth, and creamy taste.\u00a0<\/span><span data-ccp-props=\"{&quot;134233117&quot;:false,&quot;134233118&quot;:false,&quot;201341983&quot;:0,&quot;335551550&quot;:1,&quot;335551620&quot;:1,&quot;335559685&quot;:0,&quot;335559737&quot;:0,&quot;335559738&quot;:240,&quot;335559739&quot;:240,&quot;335559740&quot;:279}\">\u00a0<\/span><\/p>\n<p><span data-contrast=\"auto\">Highlights of Sahara Dairy:<\/span><span data-ccp-props=\"{&quot;134233117&quot;:false,&quot;134233118&quot;:false,&quot;201341983&quot;:0,&quot;335551550&quot;:1,&quot;335551620&quot;:1,&quot;335559685&quot;:0,&quot;335559737&quot;:0,&quot;335559738&quot;:240,&quot;335559739&quot;:240,&quot;335559740&quot;:279}\">\u00a0<\/span><\/p>\n<ul>\n<li><span data-contrast=\"auto\"> Premium, fresh Australian milk<\/span><\/li>\n<li><span data-contrast=\"auto\"> Meticulous, handcrafted production<\/span><\/li>\n<li><span data-contrast=\"auto\"> Natural, smooth, creamy taste<\/span><\/li>\n<li><span data-contrast=\"auto\"> A diverse range of products: from handcrafted cheeses to delicious and nutritious drinking yogurts.<\/span><span data-ccp-props=\"{&quot;134233117&quot;:false,&quot;134233118&quot;:false,&quot;201341983&quot;:0,&quot;335551550&quot;:1,&quot;335551620&quot;:1,&quot;335559685&quot;:0,&quot;335559737&quot;:0,&quot;335559738&quot;:240,&quot;335559739&quot;:240,&quot;335559740&quot;:279}\">\u00a0<\/span><\/li>\n<\/ul>","protected":false},"excerpt":{"rendered":"<p>Ph\u00f4 mai Feta Sahara \u0111\u01b0\u1ee3c \u1ee7 mu\u1ed1i theo ph\u01b0\u01a1ng ph\u00e1p truy\u1ec1n th\u1ed1ng, t\u1ea1o n\u00ean k\u1ebft c\u1ea5u m\u1ec1m m\u1ea1i \u2013 m\u1ecbn m\u00e0ng \u2013 b\u00e9o d\u1ecbu, th\u01a1m \u0111\u1eadm m\u00f9i b\u01a1 s\u1eefa t\u1ef1 nhi\u00ean. V\u1ecb m\u1eb7n thanh, kh\u00f4ng \u0111\u1eafng, kh\u00f4ng g\u1eaft, mang \u0111\u1ebfn c\u1ea3m gi\u00e1c \u201c\u00eam\u201d v\u00e0 d\u1ec5 th\u01b0\u1edfng th\u1ee9c h\u01a1n nhi\u1ec1u so v\u1edbi c\u00e1c lo\u1ea1i feta th\u00f4ng [&hellip;]<\/p>","protected":false},"featured_media":58615,"template":"","meta":{"_acf_changed":false},"product_origin":[43078],"product_brand":[43150],"product_cat":[43096],"product_tag":[],"class_list":{"0":"post-58617","1":"product","2":"type-product","3":"status-publish","4":"has-post-thumbnail","6":"product_origin-australia","7":"product_brand-sahara","8":"product_cat-bo-sua","10":"first","11":"instock","12":"shipping-taxable","13":"purchasable","14":"product-type-simple"},"acf":[],"yoast_head":"<!-- This site is optimized with the Yoast SEO plugin v26.5 - https:\/\/yoast.com\/wordpress\/plugins\/seo\/ -->\n<title>Ph\u00f4 mai Feta Sahara - Soft Feta Cheese - Tru-Life<\/title>\n<meta name=\"description\" content=\"Ph\u00f4 mai Feta Sahara \u0111\u01b0\u1ee3c \u1ee7 mu\u1ed1i theo ph\u01b0\u01a1ng ph\u00e1p truy\u1ec1n th\u1ed1ng, t\u1ea1o n\u00ean k\u1ebft c\u1ea5u m\u1ec1m m\u1ea1i \u2013 m\u1ecbn m\u00e0ng \u2013 b\u00e9o d\u1ecbu, th\u01a1m \u0111\u1eadm m\u00f9i b\u01a1 s\u1eefa t\u1ef1 nhi\u00ean.\" \/>\n<meta name=\"robots\" content=\"index, follow, max-snippet:-1, max-image-preview:large, max-video-preview:-1\" \/>\n<link rel=\"canonical\" href=\"https:\/\/tru-life.com.vn\/en\/product\/pho-mai-feta-sahara\/\" \/>\n<script type=\"application\/ld+json\" class=\"yoast-schema-graph\">{\"@context\":\"https:\/\/schema.org\",\"@graph\":[{\"@type\":\"WebPage\",\"@id\":\"https:\/\/tru-life.com.vn\/en\/product\/pho-mai-feta-sahara\/\",\"url\":\"https:\/\/tru-life.com.vn\/en\/product\/pho-mai-feta-sahara\/\",\"name\":\"Ph\u00f4 mai Feta Sahara - Soft Feta Cheese - Tru-Life\",\"isPartOf\":{\"@id\":\"https:\/\/tru-life.com.vn\/en\/#website\"},\"primaryImageOfPage\":{\"@id\":\"https:\/\/tru-life.com.vn\/en\/product\/pho-mai-feta-sahara\/#primaryimage\"},\"image\":{\"@id\":\"https:\/\/tru-life.com.vn\/en\/product\/pho-mai-feta-sahara\/#primaryimage\"},\"thumbnailUrl\":\"https:\/\/tru-life.com.vn\/wp-content\/uploads\/2025\/11\/Feta-Cheese.webp\",\"datePublished\":\"2025-11-25T02:53:25+00:00\",\"dateModified\":\"2026-01-05T10:12:33+00:00\",\"description\":\"Ph\u00f4 mai Feta Sahara \u0111\u01b0\u1ee3c \u1ee7 mu\u1ed1i theo ph\u01b0\u01a1ng ph\u00e1p truy\u1ec1n th\u1ed1ng, t\u1ea1o n\u00ean k\u1ebft c\u1ea5u m\u1ec1m m\u1ea1i \u2013 m\u1ecbn m\u00e0ng \u2013 b\u00e9o d\u1ecbu, th\u01a1m \u0111\u1eadm m\u00f9i b\u01a1 s\u1eefa t\u1ef1 nhi\u00ean.\",\"breadcrumb\":{\"@id\":\"https:\/\/tru-life.com.vn\/en\/product\/pho-mai-feta-sahara\/#breadcrumb\"},\"inLanguage\":\"en-US\",\"potentialAction\":[{\"@type\":\"ReadAction\",\"target\":[\"https:\/\/tru-life.com.vn\/en\/product\/pho-mai-feta-sahara\/\"]}]},{\"@type\":\"ImageObject\",\"inLanguage\":\"en-US\",\"@id\":\"https:\/\/tru-life.com.vn\/en\/product\/pho-mai-feta-sahara\/#primaryimage\",\"url\":\"https:\/\/tru-life.com.vn\/wp-content\/uploads\/2025\/11\/Feta-Cheese.webp\",\"contentUrl\":\"https:\/\/tru-life.com.vn\/wp-content\/uploads\/2025\/11\/Feta-Cheese.webp\",\"width\":900,\"height\":900},{\"@type\":\"BreadcrumbList\",\"@id\":\"https:\/\/tru-life.com.vn\/en\/product\/pho-mai-feta-sahara\/#breadcrumb\",\"itemListElement\":[{\"@type\":\"ListItem\",\"position\":1,\"name\":\"Trang ch\u1ee7\",\"item\":\"https:\/\/tru-life.com.vn\/en\/\"},{\"@type\":\"ListItem\",\"position\":2,\"name\":\"C\u1eeda h\u00e0ng\",\"item\":\"https:\/\/tru-life.com.vn\/en\/cua-hang\/\"},{\"@type\":\"ListItem\",\"position\":3,\"name\":\"Ph\u00f4 mai Feta Sahara &#8211; Soft Feta Cheese\"}]},{\"@type\":\"WebSite\",\"@id\":\"https:\/\/tru-life.com.vn\/en\/#website\",\"url\":\"https:\/\/tru-life.com.vn\/en\/\",\"name\":\"Tru-Life\",\"description\":\"Nh\u1eadp Kh\u1ea9u &amp; Ph\u00e2n Ph\u1ed1i Th\u1ef1c Ph\u1ea9m Cao C\u1ea5p\",\"publisher\":{\"@id\":\"https:\/\/tru-life.com.vn\/en\/#organization\"},\"potentialAction\":[{\"@type\":\"SearchAction\",\"target\":{\"@type\":\"EntryPoint\",\"urlTemplate\":\"https:\/\/tru-life.com.vn\/en\/?s={search_term_string}\"},\"query-input\":{\"@type\":\"PropertyValueSpecification\",\"valueRequired\":true,\"valueName\":\"search_term_string\"}}],\"inLanguage\":\"en-US\"},{\"@type\":\"Organization\",\"@id\":\"https:\/\/tru-life.com.vn\/en\/#organization\",\"name\":\"C\u00d4NG TY C\u1ed4 PH\u1ea6N TRU-LIFE VI\u1ec6T NAM\",\"url\":\"https:\/\/tru-life.com.vn\/en\/\",\"logo\":{\"@type\":\"ImageObject\",\"inLanguage\":\"en-US\",\"@id\":\"https:\/\/tru-life.com.vn\/en\/#\/schema\/logo\/image\/\",\"url\":\"https:\/\/tru-life.com.vn\/wp-content\/uploads\/2020\/08\/logo.png\",\"contentUrl\":\"https:\/\/tru-life.com.vn\/wp-content\/uploads\/2020\/08\/logo.png\",\"width\":416,\"height\":159,\"caption\":\"C\u00d4NG TY C\u1ed4 PH\u1ea6N TRU-LIFE VI\u1ec6T NAM\"},\"image\":{\"@id\":\"https:\/\/tru-life.com.vn\/en\/#\/schema\/logo\/image\/\"},\"sameAs\":[\"https:\/\/www.facebook.com\/TruLife.VietNam.Headoffice\/\",\"https:\/\/www.instagram.com\/trulifevietnam\/\",\"https:\/\/www.linkedin.com\/company\/tru-life-vietnam\"]}]}<\/script>\n<!-- \/ Yoast SEO plugin. -->","yoast_head_json":{"title":"Ph\u00f4 mai Feta Sahara - Soft Feta Cheese - Tru-Life","description":"Ph\u00f4 mai Feta Sahara \u0111\u01b0\u1ee3c \u1ee7 mu\u1ed1i theo ph\u01b0\u01a1ng ph\u00e1p truy\u1ec1n th\u1ed1ng, t\u1ea1o n\u00ean k\u1ebft c\u1ea5u m\u1ec1m m\u1ea1i \u2013 m\u1ecbn m\u00e0ng \u2013 b\u00e9o d\u1ecbu, th\u01a1m \u0111\u1eadm m\u00f9i b\u01a1 s\u1eefa t\u1ef1 nhi\u00ean.","robots":{"index":"index","follow":"follow","max-snippet":"max-snippet:-1","max-image-preview":"max-image-preview:large","max-video-preview":"max-video-preview:-1"},"canonical":"https:\/\/tru-life.com.vn\/en\/product\/pho-mai-feta-sahara\/","schema":{"@context":"https:\/\/schema.org","@graph":[{"@type":"WebPage","@id":"https:\/\/tru-life.com.vn\/en\/product\/pho-mai-feta-sahara\/","url":"https:\/\/tru-life.com.vn\/en\/product\/pho-mai-feta-sahara\/","name":"Ph\u00f4 mai Feta Sahara - Soft Feta Cheese - Tru-Life","isPartOf":{"@id":"https:\/\/tru-life.com.vn\/en\/#website"},"primaryImageOfPage":{"@id":"https:\/\/tru-life.com.vn\/en\/product\/pho-mai-feta-sahara\/#primaryimage"},"image":{"@id":"https:\/\/tru-life.com.vn\/en\/product\/pho-mai-feta-sahara\/#primaryimage"},"thumbnailUrl":"https:\/\/tru-life.com.vn\/wp-content\/uploads\/2025\/11\/Feta-Cheese.webp","datePublished":"2025-11-25T02:53:25+00:00","dateModified":"2026-01-05T10:12:33+00:00","description":"Ph\u00f4 mai Feta Sahara \u0111\u01b0\u1ee3c \u1ee7 mu\u1ed1i theo ph\u01b0\u01a1ng ph\u00e1p truy\u1ec1n th\u1ed1ng, t\u1ea1o n\u00ean k\u1ebft c\u1ea5u m\u1ec1m m\u1ea1i \u2013 m\u1ecbn m\u00e0ng \u2013 b\u00e9o d\u1ecbu, th\u01a1m \u0111\u1eadm m\u00f9i b\u01a1 s\u1eefa t\u1ef1 nhi\u00ean.","breadcrumb":{"@id":"https:\/\/tru-life.com.vn\/en\/product\/pho-mai-feta-sahara\/#breadcrumb"},"inLanguage":"en-US","potentialAction":[{"@type":"ReadAction","target":["https:\/\/tru-life.com.vn\/en\/product\/pho-mai-feta-sahara\/"]}]},{"@type":"ImageObject","inLanguage":"en-US","@id":"https:\/\/tru-life.com.vn\/en\/product\/pho-mai-feta-sahara\/#primaryimage","url":"https:\/\/tru-life.com.vn\/wp-content\/uploads\/2025\/11\/Feta-Cheese.webp","contentUrl":"https:\/\/tru-life.com.vn\/wp-content\/uploads\/2025\/11\/Feta-Cheese.webp","width":900,"height":900},{"@type":"BreadcrumbList","@id":"https:\/\/tru-life.com.vn\/en\/product\/pho-mai-feta-sahara\/#breadcrumb","itemListElement":[{"@type":"ListItem","position":1,"name":"Trang ch\u1ee7","item":"https:\/\/tru-life.com.vn\/en\/"},{"@type":"ListItem","position":2,"name":"C\u1eeda h\u00e0ng","item":"https:\/\/tru-life.com.vn\/en\/cua-hang\/"},{"@type":"ListItem","position":3,"name":"Ph\u00f4 mai Feta Sahara &#8211; Soft Feta Cheese"}]},{"@type":"WebSite","@id":"https:\/\/tru-life.com.vn\/en\/#website","url":"https:\/\/tru-life.com.vn\/en\/","name":"Tru-Life","description":"Nh\u1eadp Kh\u1ea9u &amp; Ph\u00e2n Ph\u1ed1i Th\u1ef1c Ph\u1ea9m Cao C\u1ea5p","publisher":{"@id":"https:\/\/tru-life.com.vn\/en\/#organization"},"potentialAction":[{"@type":"SearchAction","target":{"@type":"EntryPoint","urlTemplate":"https:\/\/tru-life.com.vn\/en\/?s={search_term_string}"},"query-input":{"@type":"PropertyValueSpecification","valueRequired":true,"valueName":"search_term_string"}}],"inLanguage":"en-US"},{"@type":"Organization","@id":"https:\/\/tru-life.com.vn\/en\/#organization","name":"C\u00d4NG TY C\u1ed4 PH\u1ea6N TRU-LIFE VI\u1ec6T NAM","url":"https:\/\/tru-life.com.vn\/en\/","logo":{"@type":"ImageObject","inLanguage":"en-US","@id":"https:\/\/tru-life.com.vn\/en\/#\/schema\/logo\/image\/","url":"https:\/\/tru-life.com.vn\/wp-content\/uploads\/2020\/08\/logo.png","contentUrl":"https:\/\/tru-life.com.vn\/wp-content\/uploads\/2020\/08\/logo.png","width":416,"height":159,"caption":"C\u00d4NG TY C\u1ed4 PH\u1ea6N TRU-LIFE VI\u1ec6T NAM"},"image":{"@id":"https:\/\/tru-life.com.vn\/en\/#\/schema\/logo\/image\/"},"sameAs":["https:\/\/www.facebook.com\/TruLife.VietNam.Headoffice\/","https:\/\/www.instagram.com\/trulifevietnam\/","https:\/\/www.linkedin.com\/company\/tru-life-vietnam"]}]}},"_links":{"self":[{"href":"https:\/\/tru-life.com.vn\/en\/wp-json\/wp\/v2\/product\/58617","targetHints":{"allow":["GET"]}}],"collection":[{"href":"https:\/\/tru-life.com.vn\/en\/wp-json\/wp\/v2\/product"}],"about":[{"href":"https:\/\/tru-life.com.vn\/en\/wp-json\/wp\/v2\/types\/product"}],"wp:featuredmedia":[{"embeddable":true,"href":"https:\/\/tru-life.com.vn\/en\/wp-json\/wp\/v2\/media\/58615"}],"wp:attachment":[{"href":"https:\/\/tru-life.com.vn\/en\/wp-json\/wp\/v2\/media?parent=58617"}],"wp:term":[{"taxonomy":"product_origin","embeddable":true,"href":"https:\/\/tru-life.com.vn\/en\/wp-json\/wp\/v2\/product_origin?post=58617"},{"taxonomy":"product_brand","embeddable":true,"href":"https:\/\/tru-life.com.vn\/en\/wp-json\/wp\/v2\/product_brand?post=58617"},{"taxonomy":"product_cat","embeddable":true,"href":"https:\/\/tru-life.com.vn\/en\/wp-json\/wp\/v2\/product_cat?post=58617"},{"taxonomy":"product_tag","embeddable":true,"href":"https:\/\/tru-life.com.vn\/en\/wp-json\/wp\/v2\/product_tag?post=58617"}],"curies":[{"name":"wp","href":"https:\/\/api.w.org\/{rel}","templated":true}]}}