{"id":58616,"date":"2025-11-25T09:51:24","date_gmt":"2025-11-25T02:51:24","guid":{"rendered":"https:\/\/tru-life.com.vn\/?post_type=product&#038;p=58616"},"modified":"2026-01-22T11:28:53","modified_gmt":"2026-01-22T04:28:53","slug":"pho-mai-nuong-haloumi-chesse-sahara","status":"publish","type":"product","link":"https:\/\/tru-life.com.vn\/en\/product\/pho-mai-nuong-haloumi-chesse-sahara\/","title":{"rendered":"Haloumi Chesse Sahara Grilled Cheese"},"content":{"rendered":"<p data-pm-slice=\"1 1 []\">This cheese is brined using traditional methods, creating a soft, smooth, rich, and natural buttery flavor profile.<\/p>\n<p data-pm-slice=\"1 1 []\">Sahara Haloumi is a non-melting, heat-resistant cheese. When grilled or pan-seared, it forms an appealing golden-brown crust while the inside remains soft, elastic, and incredibly enticing. It pairs perfectly with salads, bread, and roasted vegetables.<\/p>\n<p>All Sahara Dairy products are handcrafted from 100% premium fresh cow\u2019s milk, preserving their natural, creamy, and rich dairy flavors.<\/p>\n<h2>Origin<\/h2>\n<p data-pm-slice=\"1 1 []\">The cheese is hand-brined and carefully strained to create a soft, smooth texture with a rich, natural buttery aroma.<\/p>\n<p>What sets Sahara Haloumi apart is the use of 100% HIGH-QUALITY FRESH MILK. This gives Sahara Haloumi a gentle, mildly salty, creamy flavor that suits Vietnamese taste preferences particularly well. The cheese contains a lower salt content compared to similar products while maintaining its authentic character, following the traditional Cypriot recipe.<\/p>\n<p>Sahara Haloumi is a non-melting, heat-resistant cheese. When grilled or pan-seared, it develops an attractive golden-brown crust, while the interior stays soft and elastic, perfect for pairing with salads, bread, or roasted vegetables.<\/p>\n<h2>Product Code\/Type\/Brand<\/h2>\n<p><span data-contrast=\"auto\">Sahara\u00a0Dairy\u00a0l\u00e0 c\u01a1 s\u1edf s\u1ea3n xu\u1ea5t ph\u00f4 mai th\u1ee7 c\u00f4ng theo m\u00f4 h\u00ecnh gia \u0111\u00ecnh t\u1ea1i \u00dac, tr\u1ef1c thu\u1ed9c\u00a0Picnic\u00a0Foods\u00a0&#8211; m\u1ed9t c\u00f4ng ty uy t\u00edn v\u1ec1 c\u00e1c s\u1ea3n ph\u1ea9m th\u1ef1c ph\u1ea9m ch\u1ea5t l\u01b0\u1ee3ng cao.<\/span><span data-ccp-props=\"{&quot;134233117&quot;:false,&quot;134233118&quot;:false,&quot;201341983&quot;:0,&quot;335551550&quot;:1,&quot;335551620&quot;:1,&quot;335559685&quot;:0,&quot;335559737&quot;:0,&quot;335559738&quot;:240,&quot;335559739&quot;:240,&quot;335559740&quot;:279}\">\u00a0<\/span><\/p>\n<p><span data-contrast=\"auto\">All Sahara Dairy products are handcrafted from 100% premium fresh cow\u2019s milk, retaining the natural, smooth, and creamy taste.\u00a0<\/span><span data-ccp-props=\"{&quot;134233117&quot;:false,&quot;134233118&quot;:false,&quot;201341983&quot;:0,&quot;335551550&quot;:1,&quot;335551620&quot;:1,&quot;335559685&quot;:0,&quot;335559737&quot;:0,&quot;335559738&quot;:240,&quot;335559739&quot;:240,&quot;335559740&quot;:279}\">\u00a0<\/span><\/p>\n<p><span data-contrast=\"auto\">Highlights of Sahara Dairy:<\/span><span data-ccp-props=\"{&quot;134233117&quot;:false,&quot;134233118&quot;:false,&quot;201341983&quot;:0,&quot;335551550&quot;:1,&quot;335551620&quot;:1,&quot;335559685&quot;:0,&quot;335559737&quot;:0,&quot;335559738&quot;:240,&quot;335559739&quot;:240,&quot;335559740&quot;:279}\">\u00a0<\/span><\/p>\n<ul>\n<li><span data-contrast=\"auto\"> Premium, fresh Australian milk<\/span><\/li>\n<li><span data-contrast=\"auto\"> Meticulous, handcrafted production<\/span><\/li>\n<li><span data-contrast=\"auto\"> Natural, smooth, creamy taste<\/span><\/li>\n<li><span data-contrast=\"auto\"> \u0110a d\u1ea1ng s\u1ea3n ph\u1ea9m: t\u1eeb ph\u00f4 mai artisan \u0111\u1ebfn s\u1eefa chua u\u1ed1ng th\u01a1m ngon, b\u1ed5 d\u01b0\u1ee1ng<\/span><span data-ccp-props=\"{&quot;134233117&quot;:false,&quot;134233118&quot;:false,&quot;201341983&quot;:0,&quot;335551550&quot;:1,&quot;335551620&quot;:1,&quot;335559685&quot;:0,&quot;335559737&quot;:0,&quot;335559738&quot;:240,&quot;335559739&quot;:240,&quot;335559740&quot;:279}\">\u00a0<\/span><\/li>\n<\/ul>","protected":false},"excerpt":{"rendered":"<p>Ph\u00f4 mai n\u01b0\u1edbng Haloumi Chesse Sahara \u0111\u01b0\u1ee3c l\u00e0m theo ph\u01b0\u01a1ng ph\u00e1p th\u1ee7 c\u00f4ng truy\u1ec1n th\u1ed1ng c\u1ee7a ng\u01b0\u1eddi S\u00edp, t\u1ea1o n\u00ean k\u1ebft c\u1ea5u m\u1ec1m m\u1ea1i, b\u00e9o th\u01a1m, \u0111\u1eadm m\u00f9i b\u01a1 s\u1eefa t\u1ef1 nhi\u00ean. Ph\u00f4 mai Sahara Haloumi l\u00e0 lo\u1ea1i ph\u00f4 mai kh\u00f4ng tan ch\u1ea3y, ch\u1ecbu \u0111\u01b0\u1ee3c nhi\u1ec7t. Khi n\u01b0\u1edbng ho\u1eb7c \u00e1p ch\u1ea3o, s\u1ebd t\u1ea1o l\u1edbp v\u1ecf [&hellip;]<\/p>","protected":false},"featured_media":58614,"template":"","meta":{"_acf_changed":false},"product_origin":[43078],"product_brand":[43150],"product_cat":[43096],"product_tag":[],"class_list":{"0":"post-58616","1":"product","2":"type-product","3":"status-publish","4":"has-post-thumbnail","6":"product_origin-australia","7":"product_brand-sahara","8":"product_cat-bo-sua","10":"first","11":"instock","12":"shipping-taxable","13":"purchasable","14":"product-type-variable","15":"has-default-attributes"},"acf":[],"yoast_head":"<!-- This site is optimized with the Yoast SEO plugin v26.5 - https:\/\/yoast.com\/wordpress\/plugins\/seo\/ -->\n<title>Ph\u00f4 mai n\u01b0\u1edbng Haloumi Chesse Sahara - Tru-Life<\/title>\n<meta name=\"description\" content=\"Ph\u00f4 mai n\u01b0\u1edbng Haloumi Chesse Sahara \u0111\u01b0\u1ee3c l\u00e0m theo ph\u01b0\u01a1ng ph\u00e1p th\u1ee7 c\u00f4ng truy\u1ec1n th\u1ed1ng c\u1ee7a ng\u01b0\u1eddi S\u00edp, t\u1ea1o n\u00ean k\u1ebft c\u1ea5u m\u1ec1m m\u1ea1i, b\u00e9o th\u01a1m,\" \/>\n<meta name=\"robots\" content=\"index, follow, max-snippet:-1, max-image-preview:large, max-video-preview:-1\" \/>\n<link rel=\"canonical\" href=\"https:\/\/tru-life.com.vn\/en\/product\/pho-mai-nuong-haloumi-chesse-sahara\/\" \/>\n<script type=\"application\/ld+json\" class=\"yoast-schema-graph\">{\"@context\":\"https:\/\/schema.org\",\"@graph\":[{\"@type\":\"WebPage\",\"@id\":\"https:\/\/tru-life.com.vn\/en\/product\/pho-mai-nuong-haloumi-chesse-sahara\/\",\"url\":\"https:\/\/tru-life.com.vn\/en\/product\/pho-mai-nuong-haloumi-chesse-sahara\/\",\"name\":\"Ph\u00f4 mai n\u01b0\u1edbng Haloumi Chesse Sahara - Tru-Life\",\"isPartOf\":{\"@id\":\"https:\/\/tru-life.com.vn\/en\/#website\"},\"primaryImageOfPage\":{\"@id\":\"https:\/\/tru-life.com.vn\/en\/product\/pho-mai-nuong-haloumi-chesse-sahara\/#primaryimage\"},\"image\":{\"@id\":\"https:\/\/tru-life.com.vn\/en\/product\/pho-mai-nuong-haloumi-chesse-sahara\/#primaryimage\"},\"thumbnailUrl\":\"https:\/\/tru-life.com.vn\/wp-content\/uploads\/2025\/11\/Haloumi-Cheese.webp\",\"datePublished\":\"2025-11-25T02:51:24+00:00\",\"dateModified\":\"2026-01-22T04:28:53+00:00\",\"description\":\"Ph\u00f4 mai n\u01b0\u1edbng Haloumi Chesse Sahara \u0111\u01b0\u1ee3c l\u00e0m theo ph\u01b0\u01a1ng ph\u00e1p th\u1ee7 c\u00f4ng truy\u1ec1n th\u1ed1ng c\u1ee7a ng\u01b0\u1eddi S\u00edp, t\u1ea1o n\u00ean k\u1ebft c\u1ea5u m\u1ec1m m\u1ea1i, b\u00e9o th\u01a1m,\",\"breadcrumb\":{\"@id\":\"https:\/\/tru-life.com.vn\/en\/product\/pho-mai-nuong-haloumi-chesse-sahara\/#breadcrumb\"},\"inLanguage\":\"en-US\",\"potentialAction\":[{\"@type\":\"ReadAction\",\"target\":[\"https:\/\/tru-life.com.vn\/en\/product\/pho-mai-nuong-haloumi-chesse-sahara\/\"]}]},{\"@type\":\"ImageObject\",\"inLanguage\":\"en-US\",\"@id\":\"https:\/\/tru-life.com.vn\/en\/product\/pho-mai-nuong-haloumi-chesse-sahara\/#primaryimage\",\"url\":\"https:\/\/tru-life.com.vn\/wp-content\/uploads\/2025\/11\/Haloumi-Cheese.webp\",\"contentUrl\":\"https:\/\/tru-life.com.vn\/wp-content\/uploads\/2025\/11\/Haloumi-Cheese.webp\",\"width\":900,\"height\":900},{\"@type\":\"BreadcrumbList\",\"@id\":\"https:\/\/tru-life.com.vn\/en\/product\/pho-mai-nuong-haloumi-chesse-sahara\/#breadcrumb\",\"itemListElement\":[{\"@type\":\"ListItem\",\"position\":1,\"name\":\"Trang ch\u1ee7\",\"item\":\"https:\/\/tru-life.com.vn\/en\/\"},{\"@type\":\"ListItem\",\"position\":2,\"name\":\"C\u1eeda h\u00e0ng\",\"item\":\"https:\/\/tru-life.com.vn\/en\/cua-hang\/\"},{\"@type\":\"ListItem\",\"position\":3,\"name\":\"Ph\u00f4 mai n\u01b0\u1edbng Haloumi Chesse Sahara\"}]},{\"@type\":\"WebSite\",\"@id\":\"https:\/\/tru-life.com.vn\/en\/#website\",\"url\":\"https:\/\/tru-life.com.vn\/en\/\",\"name\":\"Tru-Life\",\"description\":\"Nh\u1eadp Kh\u1ea9u &amp; Ph\u00e2n Ph\u1ed1i Th\u1ef1c Ph\u1ea9m Cao C\u1ea5p\",\"publisher\":{\"@id\":\"https:\/\/tru-life.com.vn\/en\/#organization\"},\"potentialAction\":[{\"@type\":\"SearchAction\",\"target\":{\"@type\":\"EntryPoint\",\"urlTemplate\":\"https:\/\/tru-life.com.vn\/en\/?s={search_term_string}\"},\"query-input\":{\"@type\":\"PropertyValueSpecification\",\"valueRequired\":true,\"valueName\":\"search_term_string\"}}],\"inLanguage\":\"en-US\"},{\"@type\":\"Organization\",\"@id\":\"https:\/\/tru-life.com.vn\/en\/#organization\",\"name\":\"C\u00d4NG TY C\u1ed4 PH\u1ea6N TRU-LIFE VI\u1ec6T NAM\",\"url\":\"https:\/\/tru-life.com.vn\/en\/\",\"logo\":{\"@type\":\"ImageObject\",\"inLanguage\":\"en-US\",\"@id\":\"https:\/\/tru-life.com.vn\/en\/#\/schema\/logo\/image\/\",\"url\":\"https:\/\/tru-life.com.vn\/wp-content\/uploads\/2020\/08\/logo.png\",\"contentUrl\":\"https:\/\/tru-life.com.vn\/wp-content\/uploads\/2020\/08\/logo.png\",\"width\":416,\"height\":159,\"caption\":\"C\u00d4NG TY C\u1ed4 PH\u1ea6N TRU-LIFE VI\u1ec6T NAM\"},\"image\":{\"@id\":\"https:\/\/tru-life.com.vn\/en\/#\/schema\/logo\/image\/\"},\"sameAs\":[\"https:\/\/www.facebook.com\/TruLife.VietNam.Headoffice\/\",\"https:\/\/www.instagram.com\/trulifevietnam\/\",\"https:\/\/www.linkedin.com\/company\/tru-life-vietnam\"]}]}<\/script>\n<!-- \/ Yoast SEO plugin. -->","yoast_head_json":{"title":"Ph\u00f4 mai n\u01b0\u1edbng Haloumi Chesse Sahara - Tru-Life","description":"Ph\u00f4 mai n\u01b0\u1edbng Haloumi Chesse Sahara \u0111\u01b0\u1ee3c l\u00e0m theo ph\u01b0\u01a1ng ph\u00e1p th\u1ee7 c\u00f4ng truy\u1ec1n th\u1ed1ng c\u1ee7a ng\u01b0\u1eddi S\u00edp, t\u1ea1o n\u00ean k\u1ebft c\u1ea5u m\u1ec1m m\u1ea1i, b\u00e9o th\u01a1m,","robots":{"index":"index","follow":"follow","max-snippet":"max-snippet:-1","max-image-preview":"max-image-preview:large","max-video-preview":"max-video-preview:-1"},"canonical":"https:\/\/tru-life.com.vn\/en\/product\/pho-mai-nuong-haloumi-chesse-sahara\/","schema":{"@context":"https:\/\/schema.org","@graph":[{"@type":"WebPage","@id":"https:\/\/tru-life.com.vn\/en\/product\/pho-mai-nuong-haloumi-chesse-sahara\/","url":"https:\/\/tru-life.com.vn\/en\/product\/pho-mai-nuong-haloumi-chesse-sahara\/","name":"Ph\u00f4 mai n\u01b0\u1edbng Haloumi Chesse Sahara - Tru-Life","isPartOf":{"@id":"https:\/\/tru-life.com.vn\/en\/#website"},"primaryImageOfPage":{"@id":"https:\/\/tru-life.com.vn\/en\/product\/pho-mai-nuong-haloumi-chesse-sahara\/#primaryimage"},"image":{"@id":"https:\/\/tru-life.com.vn\/en\/product\/pho-mai-nuong-haloumi-chesse-sahara\/#primaryimage"},"thumbnailUrl":"https:\/\/tru-life.com.vn\/wp-content\/uploads\/2025\/11\/Haloumi-Cheese.webp","datePublished":"2025-11-25T02:51:24+00:00","dateModified":"2026-01-22T04:28:53+00:00","description":"Ph\u00f4 mai n\u01b0\u1edbng Haloumi Chesse Sahara \u0111\u01b0\u1ee3c l\u00e0m theo ph\u01b0\u01a1ng ph\u00e1p th\u1ee7 c\u00f4ng truy\u1ec1n th\u1ed1ng c\u1ee7a ng\u01b0\u1eddi S\u00edp, t\u1ea1o n\u00ean k\u1ebft c\u1ea5u m\u1ec1m m\u1ea1i, b\u00e9o th\u01a1m,","breadcrumb":{"@id":"https:\/\/tru-life.com.vn\/en\/product\/pho-mai-nuong-haloumi-chesse-sahara\/#breadcrumb"},"inLanguage":"en-US","potentialAction":[{"@type":"ReadAction","target":["https:\/\/tru-life.com.vn\/en\/product\/pho-mai-nuong-haloumi-chesse-sahara\/"]}]},{"@type":"ImageObject","inLanguage":"en-US","@id":"https:\/\/tru-life.com.vn\/en\/product\/pho-mai-nuong-haloumi-chesse-sahara\/#primaryimage","url":"https:\/\/tru-life.com.vn\/wp-content\/uploads\/2025\/11\/Haloumi-Cheese.webp","contentUrl":"https:\/\/tru-life.com.vn\/wp-content\/uploads\/2025\/11\/Haloumi-Cheese.webp","width":900,"height":900},{"@type":"BreadcrumbList","@id":"https:\/\/tru-life.com.vn\/en\/product\/pho-mai-nuong-haloumi-chesse-sahara\/#breadcrumb","itemListElement":[{"@type":"ListItem","position":1,"name":"Trang ch\u1ee7","item":"https:\/\/tru-life.com.vn\/en\/"},{"@type":"ListItem","position":2,"name":"C\u1eeda h\u00e0ng","item":"https:\/\/tru-life.com.vn\/en\/cua-hang\/"},{"@type":"ListItem","position":3,"name":"Ph\u00f4 mai n\u01b0\u1edbng Haloumi Chesse Sahara"}]},{"@type":"WebSite","@id":"https:\/\/tru-life.com.vn\/en\/#website","url":"https:\/\/tru-life.com.vn\/en\/","name":"Tru-Life","description":"Nh\u1eadp Kh\u1ea9u &amp; Ph\u00e2n Ph\u1ed1i Th\u1ef1c Ph\u1ea9m Cao C\u1ea5p","publisher":{"@id":"https:\/\/tru-life.com.vn\/en\/#organization"},"potentialAction":[{"@type":"SearchAction","target":{"@type":"EntryPoint","urlTemplate":"https:\/\/tru-life.com.vn\/en\/?s={search_term_string}"},"query-input":{"@type":"PropertyValueSpecification","valueRequired":true,"valueName":"search_term_string"}}],"inLanguage":"en-US"},{"@type":"Organization","@id":"https:\/\/tru-life.com.vn\/en\/#organization","name":"C\u00d4NG TY C\u1ed4 PH\u1ea6N TRU-LIFE VI\u1ec6T NAM","url":"https:\/\/tru-life.com.vn\/en\/","logo":{"@type":"ImageObject","inLanguage":"en-US","@id":"https:\/\/tru-life.com.vn\/en\/#\/schema\/logo\/image\/","url":"https:\/\/tru-life.com.vn\/wp-content\/uploads\/2020\/08\/logo.png","contentUrl":"https:\/\/tru-life.com.vn\/wp-content\/uploads\/2020\/08\/logo.png","width":416,"height":159,"caption":"C\u00d4NG TY C\u1ed4 PH\u1ea6N TRU-LIFE VI\u1ec6T NAM"},"image":{"@id":"https:\/\/tru-life.com.vn\/en\/#\/schema\/logo\/image\/"},"sameAs":["https:\/\/www.facebook.com\/TruLife.VietNam.Headoffice\/","https:\/\/www.instagram.com\/trulifevietnam\/","https:\/\/www.linkedin.com\/company\/tru-life-vietnam"]}]}},"_links":{"self":[{"href":"https:\/\/tru-life.com.vn\/en\/wp-json\/wp\/v2\/product\/58616","targetHints":{"allow":["GET"]}}],"collection":[{"href":"https:\/\/tru-life.com.vn\/en\/wp-json\/wp\/v2\/product"}],"about":[{"href":"https:\/\/tru-life.com.vn\/en\/wp-json\/wp\/v2\/types\/product"}],"wp:featuredmedia":[{"embeddable":true,"href":"https:\/\/tru-life.com.vn\/en\/wp-json\/wp\/v2\/media\/58614"}],"wp:attachment":[{"href":"https:\/\/tru-life.com.vn\/en\/wp-json\/wp\/v2\/media?parent=58616"}],"wp:term":[{"taxonomy":"product_origin","embeddable":true,"href":"https:\/\/tru-life.com.vn\/en\/wp-json\/wp\/v2\/product_origin?post=58616"},{"taxonomy":"product_brand","embeddable":true,"href":"https:\/\/tru-life.com.vn\/en\/wp-json\/wp\/v2\/product_brand?post=58616"},{"taxonomy":"product_cat","embeddable":true,"href":"https:\/\/tru-life.com.vn\/en\/wp-json\/wp\/v2\/product_cat?post=58616"},{"taxonomy":"product_tag","embeddable":true,"href":"https:\/\/tru-life.com.vn\/en\/wp-json\/wp\/v2\/product_tag?post=58616"}],"curies":[{"name":"wp","href":"https:\/\/api.w.org\/{rel}","templated":true}]}}