{"id":58603,"date":"2025-11-24T15:07:24","date_gmt":"2025-11-24T08:07:24","guid":{"rendered":"https:\/\/tru-life.com.vn\/?post_type=product&#038;p=58603"},"modified":"2026-01-14T09:19:45","modified_gmt":"2026-01-14T02:19:45","slug":"suon-bo-co-xuong-wagyu-my-winter-frost","status":"publish","type":"product","link":"https:\/\/tru-life.com.vn\/en\/product\/suon-bo-co-xuong-wagyu-my-winter-frost\/","title":{"rendered":"Winter Frost American Wagyu Bone-in Beef Ribs"},"content":{"rendered":"<p dir=\"ltr\" style=\"text-align: justify;\"><span style=\"background-color: transparent; color: #000000; font-family: arial,sans-serif; font-size: 11pt;\">WinterFrost American Wagyu is the result of carefully breeding purebred Tajima Kuroge Washu bulls from Japan with select American cattle. All cattle are raised on natural grain diets without the use of hormones or growth stimulants.\u00a0\u00a0<\/span><\/p>\n<p dir=\"ltr\" style=\"text-align: justify;\"><span style=\"background-color: transparent; color: #000000; font-family: arial,sans-serif; font-size: 11pt;\">S\u01b0\u1eddn b\u00f2 c\u00f3 x\u01b0\u01a1ng Wagyu M\u1ef9 Winter Frost (Short Ribs) l\u00e0 ph\u1ea7n th\u1ecbt k\u1ebft c\u1ea5u ch\u1eafc, \u0111i\u1ec3m v\u00e2n m\u1ee1 kho\u1ea3ng MB 6-8 gi\u00fap c\u00e1c m\u00f3n ch\u1ebf bi\u1ebfn t\u1eeb s\u01b0\u1eddn b\u00f2 d\u01b0\u1ee1ng \u1ea9m t\u1ed1t, \u0111\u1eadm \u0111\u00e0 h\u01b0\u01a1ng v\u1ecb.\u00a0<\/span><\/p>\n<h2 dir=\"ltr\" style=\"text-align: justify;\"><span style=\"background-color: transparent; color: #000000; font-family: arial,sans-serif; font-size: 16pt;\">Origin<\/span><\/h2>\n<p dir=\"ltr\" style=\"text-align: justify;\"><span style=\"background-color: transparent; color: #000000; font-family: arial,sans-serif; font-size: 11pt;\">WinterFrost develops its exclusive American Wagyu herd by crossing renowned Tajima Kuroge Washu bulls from Japan with carefully selected American cows. All cattle are born and raised in the United States under strict animal welfare standards and premium breeding conditions.\u00a0\u00a0<\/span><\/p>\n<p dir=\"ltr\" style=\"text-align: justify;\"><span style=\"background-color: transparent; color: #000000; font-family: arial,sans-serif; font-size: 11pt;\">WinterFrost\u2019s breeding program focuses on harnessing the exceptional genetics of purebred Tajima Black Wagyu to produce beef of superior quality.\u00a0\u00a0<\/span><\/p>\n<p dir=\"ltr\" style=\"text-align: justify;\"><span style=\"background-color: transparent; color: #000000; font-family: arial,sans-serif; font-size: 11pt;\">American Wagyu WinterFrost cattle are fed a 100% natural diet of whole grains, free from growth hormones or stimulants.\u00a0\u00a0<\/span><\/p>\n<h2 dir=\"ltr\" style=\"text-align: justify;\"><span style=\"background-color: transparent; color: #000000; font-family: arial,sans-serif; font-size: 16pt;\">Classification\u00a0\u00a0<\/span><\/h2>\n<p dir=\"ltr\" style=\"text-align: justify;\"><span style=\"background-color: transparent; color: #000000; font-family: arial,sans-serif; font-size: 11pt;\">S\u01b0\u1eddn b\u00f2 c\u00f3 x\u01b0\u01a1ng Wagyu M\u1ef9 Winter Frost (Short Ribs) l\u00e0 ph\u1ea7n th\u1ecbt \u0111\u01b0\u1ee3c l\u1ea5y t\u1eeb v\u00f9ng x\u01b0\u01a1ng s\u01b0\u1eddn, k\u00e9o d\u00e0i t\u1eeb l\u01b0ng xu\u1ed1ng b\u1ee5ng c\u1ee7a con b\u00f2. Th\u1ecbt c\u00f3 k\u1ebft c\u1ea5u ch\u1eafc, \u0111i\u1ec3m v\u00e2n m\u1ee1 kho\u1ea3ng MB 6-8 gi\u00fap c\u00e1c m\u00f3n ch\u1ebf bi\u1ebfn t\u1eeb s\u01b0\u1eddn b\u00f2 d\u01b0\u1ee1ng \u1ea9m t\u1ed1t, \u0111\u1eadm \u0111\u00e0 h\u01b0\u01a1ng v\u1ecb.\u00a0<\/span><\/p>\n<h2 dir=\"ltr\" style=\"text-align: justify;\"><span style=\"background-color: transparent; color: #000000; font-family: arial,sans-serif; font-size: 16pt;\">Product Code \/ Type \/ Brand\u00a0<\/span><\/h2>\n<p dir=\"ltr\" style=\"text-align: justify;\"><span style=\"background-color: transparent; color: #000000; font-family: arial,sans-serif; font-size: 11pt;\">WinterFrost American Wagyu continues its prestigious legacy, advancing specialty programs with premium American Wagyu products.\u00a0<\/span><\/p>\n<p dir=\"ltr\" style=\"text-align: justify;\"><span style=\"background-color: transparent; color: #000000; font-family: arial,sans-serif; font-size: 11pt;\">WinterFrost\u2019s simple quality grading system guarantees consistent quality and exceptional taste, with expert oversight ensuring that WinterFrost remains a superior product.\u00a0<\/span><\/p>\n<div><\/div>","protected":false},"excerpt":{"rendered":"<p>WinterFrost American Wagyu \u0111\u01b0\u1ee3c lai t\u1ea1o gi\u1eefa b\u00f2 \u0111\u1ef1c Tajima Kuroge Washu thu\u1ea7n ch\u1ee7ng t\u1eeb Nh\u1eadt B\u1ea3n v\u00e0 b\u00f2 M\u1ef9 ch\u1ecdn l\u1ecdc. B\u00f2 \u0111\u01b0\u1ee3c nu\u00f4i b\u1eb1ng ng\u0169 c\u1ed1c t\u1ef1 nhi\u00ean, kh\u00f4ng s\u1eed d\u1ee5ng hormone hay ch\u1ea5t k\u00edch th\u00edch t\u0103ng tr\u01b0\u1edfng.\u00a0\u00a0 S\u01b0\u1eddn b\u00f2 c\u00f3 x\u01b0\u01a1ng Wagyu M\u1ef9 Winter Frost (Short Ribs) l\u00e0 ph\u1ea7n th\u1ecbt k\u1ebft c\u1ea5u [&hellip;]<\/p>","protected":false},"featured_media":58604,"template":"","meta":{"_acf_changed":false},"product_origin":[43108],"product_brand":[43149],"product_cat":[43067,43070],"product_tag":[],"class_list":{"0":"post-58603","1":"product","2":"type-product","3":"status-publish","4":"has-post-thumbnail","6":"product_origin-my","7":"product_brand-winter-forst","8":"product_cat-thit","9":"product_cat-bo-dong-lanh","11":"first","12":"instock","13":"shipping-taxable","14":"purchasable","15":"product-type-variable","16":"has-default-attributes"},"acf":[],"yoast_head":"<!-- This site is optimized with the Yoast SEO plugin v26.5 - https:\/\/yoast.com\/wordpress\/plugins\/seo\/ -->\n<title>S\u01b0\u1eddn b\u00f2 c\u00f3 x\u01b0\u01a1ng Wagyu M\u1ef9 Winter Frost - Tru-Life<\/title>\n<meta name=\"description\" content=\"S\u01b0\u1eddn b\u00f2 c\u00f3 x\u01b0\u01a1ng Wagyu M\u1ef9 Winter Frost (Short Ribs) l\u00e0 ph\u1ea7n th\u1ecbt k\u1ebft c\u1ea5u ch\u1eafc, \u0111i\u1ec3m v\u00e2n m\u1ee1 kho\u1ea3ng MB 6-8 gi\u00fap c\u00e1c m\u00f3n ch\u1ebf bi\u1ebfn t\u1eeb s\u01b0\u1eddn b\u00f2 d\u01b0\u1ee1ng \u1ea9m t\u1ed1t,\" \/>\n<meta name=\"robots\" content=\"index, follow, max-snippet:-1, max-image-preview:large, max-video-preview:-1\" \/>\n<link rel=\"canonical\" href=\"https:\/\/tru-life.com.vn\/en\/product\/suon-bo-co-xuong-wagyu-my-winter-frost\/\" \/>\n<script type=\"application\/ld+json\" class=\"yoast-schema-graph\">{\"@context\":\"https:\/\/schema.org\",\"@graph\":[{\"@type\":\"WebPage\",\"@id\":\"https:\/\/tru-life.com.vn\/en\/product\/suon-bo-co-xuong-wagyu-my-winter-frost\/\",\"url\":\"https:\/\/tru-life.com.vn\/en\/product\/suon-bo-co-xuong-wagyu-my-winter-frost\/\",\"name\":\"S\u01b0\u1eddn b\u00f2 c\u00f3 x\u01b0\u01a1ng Wagyu M\u1ef9 Winter Frost - Tru-Life\",\"isPartOf\":{\"@id\":\"https:\/\/tru-life.com.vn\/en\/#website\"},\"primaryImageOfPage\":{\"@id\":\"https:\/\/tru-life.com.vn\/en\/product\/suon-bo-co-xuong-wagyu-my-winter-frost\/#primaryimage\"},\"image\":{\"@id\":\"https:\/\/tru-life.com.vn\/en\/product\/suon-bo-co-xuong-wagyu-my-winter-frost\/#primaryimage\"},\"thumbnailUrl\":\"https:\/\/tru-life.com.vn\/wp-content\/uploads\/2025\/11\/US-WAGYU-BONEIN-CHUCK-SHORT-RIB.webp\",\"datePublished\":\"2025-11-24T08:07:24+00:00\",\"dateModified\":\"2026-01-14T02:19:45+00:00\",\"description\":\"S\u01b0\u1eddn b\u00f2 c\u00f3 x\u01b0\u01a1ng Wagyu M\u1ef9 Winter Frost (Short Ribs) l\u00e0 ph\u1ea7n th\u1ecbt k\u1ebft c\u1ea5u ch\u1eafc, \u0111i\u1ec3m v\u00e2n m\u1ee1 kho\u1ea3ng MB 6-8 gi\u00fap c\u00e1c m\u00f3n ch\u1ebf bi\u1ebfn t\u1eeb s\u01b0\u1eddn b\u00f2 d\u01b0\u1ee1ng \u1ea9m t\u1ed1t,\",\"breadcrumb\":{\"@id\":\"https:\/\/tru-life.com.vn\/en\/product\/suon-bo-co-xuong-wagyu-my-winter-frost\/#breadcrumb\"},\"inLanguage\":\"en-US\",\"potentialAction\":[{\"@type\":\"ReadAction\",\"target\":[\"https:\/\/tru-life.com.vn\/en\/product\/suon-bo-co-xuong-wagyu-my-winter-frost\/\"]}]},{\"@type\":\"ImageObject\",\"inLanguage\":\"en-US\",\"@id\":\"https:\/\/tru-life.com.vn\/en\/product\/suon-bo-co-xuong-wagyu-my-winter-frost\/#primaryimage\",\"url\":\"https:\/\/tru-life.com.vn\/wp-content\/uploads\/2025\/11\/US-WAGYU-BONEIN-CHUCK-SHORT-RIB.webp\",\"contentUrl\":\"https:\/\/tru-life.com.vn\/wp-content\/uploads\/2025\/11\/US-WAGYU-BONEIN-CHUCK-SHORT-RIB.webp\",\"width\":900,\"height\":900},{\"@type\":\"BreadcrumbList\",\"@id\":\"https:\/\/tru-life.com.vn\/en\/product\/suon-bo-co-xuong-wagyu-my-winter-frost\/#breadcrumb\",\"itemListElement\":[{\"@type\":\"ListItem\",\"position\":1,\"name\":\"Trang ch\u1ee7\",\"item\":\"https:\/\/tru-life.com.vn\/en\/\"},{\"@type\":\"ListItem\",\"position\":2,\"name\":\"C\u1eeda h\u00e0ng\",\"item\":\"https:\/\/tru-life.com.vn\/en\/cua-hang\/\"},{\"@type\":\"ListItem\",\"position\":3,\"name\":\"S\u01b0\u1eddn b\u00f2 c\u00f3 x\u01b0\u01a1ng Wagyu M\u1ef9 Winter Frost\"}]},{\"@type\":\"WebSite\",\"@id\":\"https:\/\/tru-life.com.vn\/en\/#website\",\"url\":\"https:\/\/tru-life.com.vn\/en\/\",\"name\":\"Tru-Life\",\"description\":\"Nh\u1eadp Kh\u1ea9u &amp; Ph\u00e2n Ph\u1ed1i Th\u1ef1c Ph\u1ea9m Cao C\u1ea5p\",\"publisher\":{\"@id\":\"https:\/\/tru-life.com.vn\/en\/#organization\"},\"potentialAction\":[{\"@type\":\"SearchAction\",\"target\":{\"@type\":\"EntryPoint\",\"urlTemplate\":\"https:\/\/tru-life.com.vn\/en\/?s={search_term_string}\"},\"query-input\":{\"@type\":\"PropertyValueSpecification\",\"valueRequired\":true,\"valueName\":\"search_term_string\"}}],\"inLanguage\":\"en-US\"},{\"@type\":\"Organization\",\"@id\":\"https:\/\/tru-life.com.vn\/en\/#organization\",\"name\":\"C\u00d4NG TY C\u1ed4 PH\u1ea6N TRU-LIFE VI\u1ec6T NAM\",\"url\":\"https:\/\/tru-life.com.vn\/en\/\",\"logo\":{\"@type\":\"ImageObject\",\"inLanguage\":\"en-US\",\"@id\":\"https:\/\/tru-life.com.vn\/en\/#\/schema\/logo\/image\/\",\"url\":\"https:\/\/tru-life.com.vn\/wp-content\/uploads\/2020\/08\/logo.png\",\"contentUrl\":\"https:\/\/tru-life.com.vn\/wp-content\/uploads\/2020\/08\/logo.png\",\"width\":416,\"height\":159,\"caption\":\"C\u00d4NG TY C\u1ed4 PH\u1ea6N TRU-LIFE VI\u1ec6T NAM\"},\"image\":{\"@id\":\"https:\/\/tru-life.com.vn\/en\/#\/schema\/logo\/image\/\"},\"sameAs\":[\"https:\/\/www.facebook.com\/TruLife.VietNam.Headoffice\/\",\"https:\/\/www.instagram.com\/trulifevietnam\/\",\"https:\/\/www.linkedin.com\/company\/tru-life-vietnam\"]}]}<\/script>\n<!-- \/ Yoast SEO plugin. -->","yoast_head_json":{"title":"S\u01b0\u1eddn b\u00f2 c\u00f3 x\u01b0\u01a1ng Wagyu M\u1ef9 Winter Frost - Tru-Life","description":"S\u01b0\u1eddn b\u00f2 c\u00f3 x\u01b0\u01a1ng Wagyu M\u1ef9 Winter Frost (Short Ribs) l\u00e0 ph\u1ea7n th\u1ecbt k\u1ebft c\u1ea5u ch\u1eafc, \u0111i\u1ec3m v\u00e2n m\u1ee1 kho\u1ea3ng MB 6-8 gi\u00fap c\u00e1c m\u00f3n ch\u1ebf bi\u1ebfn t\u1eeb s\u01b0\u1eddn b\u00f2 d\u01b0\u1ee1ng \u1ea9m t\u1ed1t,","robots":{"index":"index","follow":"follow","max-snippet":"max-snippet:-1","max-image-preview":"max-image-preview:large","max-video-preview":"max-video-preview:-1"},"canonical":"https:\/\/tru-life.com.vn\/en\/product\/suon-bo-co-xuong-wagyu-my-winter-frost\/","schema":{"@context":"https:\/\/schema.org","@graph":[{"@type":"WebPage","@id":"https:\/\/tru-life.com.vn\/en\/product\/suon-bo-co-xuong-wagyu-my-winter-frost\/","url":"https:\/\/tru-life.com.vn\/en\/product\/suon-bo-co-xuong-wagyu-my-winter-frost\/","name":"S\u01b0\u1eddn b\u00f2 c\u00f3 x\u01b0\u01a1ng Wagyu M\u1ef9 Winter Frost - Tru-Life","isPartOf":{"@id":"https:\/\/tru-life.com.vn\/en\/#website"},"primaryImageOfPage":{"@id":"https:\/\/tru-life.com.vn\/en\/product\/suon-bo-co-xuong-wagyu-my-winter-frost\/#primaryimage"},"image":{"@id":"https:\/\/tru-life.com.vn\/en\/product\/suon-bo-co-xuong-wagyu-my-winter-frost\/#primaryimage"},"thumbnailUrl":"https:\/\/tru-life.com.vn\/wp-content\/uploads\/2025\/11\/US-WAGYU-BONEIN-CHUCK-SHORT-RIB.webp","datePublished":"2025-11-24T08:07:24+00:00","dateModified":"2026-01-14T02:19:45+00:00","description":"S\u01b0\u1eddn b\u00f2 c\u00f3 x\u01b0\u01a1ng Wagyu M\u1ef9 Winter Frost (Short Ribs) l\u00e0 ph\u1ea7n th\u1ecbt k\u1ebft c\u1ea5u ch\u1eafc, \u0111i\u1ec3m v\u00e2n m\u1ee1 kho\u1ea3ng MB 6-8 gi\u00fap c\u00e1c m\u00f3n ch\u1ebf bi\u1ebfn t\u1eeb s\u01b0\u1eddn b\u00f2 d\u01b0\u1ee1ng \u1ea9m t\u1ed1t,","breadcrumb":{"@id":"https:\/\/tru-life.com.vn\/en\/product\/suon-bo-co-xuong-wagyu-my-winter-frost\/#breadcrumb"},"inLanguage":"en-US","potentialAction":[{"@type":"ReadAction","target":["https:\/\/tru-life.com.vn\/en\/product\/suon-bo-co-xuong-wagyu-my-winter-frost\/"]}]},{"@type":"ImageObject","inLanguage":"en-US","@id":"https:\/\/tru-life.com.vn\/en\/product\/suon-bo-co-xuong-wagyu-my-winter-frost\/#primaryimage","url":"https:\/\/tru-life.com.vn\/wp-content\/uploads\/2025\/11\/US-WAGYU-BONEIN-CHUCK-SHORT-RIB.webp","contentUrl":"https:\/\/tru-life.com.vn\/wp-content\/uploads\/2025\/11\/US-WAGYU-BONEIN-CHUCK-SHORT-RIB.webp","width":900,"height":900},{"@type":"BreadcrumbList","@id":"https:\/\/tru-life.com.vn\/en\/product\/suon-bo-co-xuong-wagyu-my-winter-frost\/#breadcrumb","itemListElement":[{"@type":"ListItem","position":1,"name":"Trang ch\u1ee7","item":"https:\/\/tru-life.com.vn\/en\/"},{"@type":"ListItem","position":2,"name":"C\u1eeda h\u00e0ng","item":"https:\/\/tru-life.com.vn\/en\/cua-hang\/"},{"@type":"ListItem","position":3,"name":"S\u01b0\u1eddn b\u00f2 c\u00f3 x\u01b0\u01a1ng Wagyu M\u1ef9 Winter Frost"}]},{"@type":"WebSite","@id":"https:\/\/tru-life.com.vn\/en\/#website","url":"https:\/\/tru-life.com.vn\/en\/","name":"Tru-Life","description":"Nh\u1eadp Kh\u1ea9u &amp; Ph\u00e2n Ph\u1ed1i Th\u1ef1c Ph\u1ea9m Cao C\u1ea5p","publisher":{"@id":"https:\/\/tru-life.com.vn\/en\/#organization"},"potentialAction":[{"@type":"SearchAction","target":{"@type":"EntryPoint","urlTemplate":"https:\/\/tru-life.com.vn\/en\/?s={search_term_string}"},"query-input":{"@type":"PropertyValueSpecification","valueRequired":true,"valueName":"search_term_string"}}],"inLanguage":"en-US"},{"@type":"Organization","@id":"https:\/\/tru-life.com.vn\/en\/#organization","name":"C\u00d4NG TY C\u1ed4 PH\u1ea6N TRU-LIFE VI\u1ec6T NAM","url":"https:\/\/tru-life.com.vn\/en\/","logo":{"@type":"ImageObject","inLanguage":"en-US","@id":"https:\/\/tru-life.com.vn\/en\/#\/schema\/logo\/image\/","url":"https:\/\/tru-life.com.vn\/wp-content\/uploads\/2020\/08\/logo.png","contentUrl":"https:\/\/tru-life.com.vn\/wp-content\/uploads\/2020\/08\/logo.png","width":416,"height":159,"caption":"C\u00d4NG TY C\u1ed4 PH\u1ea6N TRU-LIFE VI\u1ec6T NAM"},"image":{"@id":"https:\/\/tru-life.com.vn\/en\/#\/schema\/logo\/image\/"},"sameAs":["https:\/\/www.facebook.com\/TruLife.VietNam.Headoffice\/","https:\/\/www.instagram.com\/trulifevietnam\/","https:\/\/www.linkedin.com\/company\/tru-life-vietnam"]}]}},"_links":{"self":[{"href":"https:\/\/tru-life.com.vn\/en\/wp-json\/wp\/v2\/product\/58603","targetHints":{"allow":["GET"]}}],"collection":[{"href":"https:\/\/tru-life.com.vn\/en\/wp-json\/wp\/v2\/product"}],"about":[{"href":"https:\/\/tru-life.com.vn\/en\/wp-json\/wp\/v2\/types\/product"}],"wp:featuredmedia":[{"embeddable":true,"href":"https:\/\/tru-life.com.vn\/en\/wp-json\/wp\/v2\/media\/58604"}],"wp:attachment":[{"href":"https:\/\/tru-life.com.vn\/en\/wp-json\/wp\/v2\/media?parent=58603"}],"wp:term":[{"taxonomy":"product_origin","embeddable":true,"href":"https:\/\/tru-life.com.vn\/en\/wp-json\/wp\/v2\/product_origin?post=58603"},{"taxonomy":"product_brand","embeddable":true,"href":"https:\/\/tru-life.com.vn\/en\/wp-json\/wp\/v2\/product_brand?post=58603"},{"taxonomy":"product_cat","embeddable":true,"href":"https:\/\/tru-life.com.vn\/en\/wp-json\/wp\/v2\/product_cat?post=58603"},{"taxonomy":"product_tag","embeddable":true,"href":"https:\/\/tru-life.com.vn\/en\/wp-json\/wp\/v2\/product_tag?post=58603"}],"curies":[{"name":"wp","href":"https:\/\/api.w.org\/{rel}","templated":true}]}}