{"id":58596,"date":"2025-11-24T13:01:44","date_gmt":"2025-11-24T06:01:44","guid":{"rendered":"https:\/\/tru-life.com.vn\/?post_type=product&#038;p=58596"},"modified":"2026-01-14T09:26:50","modified_gmt":"2026-01-14T02:26:50","slug":"dau-than-ngoai-bo-wagyu-my-winter-frost","status":"publish","type":"product","link":"https:\/\/tru-life.com.vn\/en\/product\/dau-than-ngoai-bo-wagyu-my-winter-frost\/","title":{"rendered":"Winter Frost American Wagyu Beef Sirloin"},"content":{"rendered":"<p dir=\"ltr\"><span style=\"background-color: transparent; color: #000000; font-family: arial,sans-serif; font-size: 11pt;\">WinterFrost American Wagyu is bred from purebred Tajima Kuroge Washu bulls from Japan and carefully selected American cows, all born and raised in the United States. The cattle are fed a natural grain-based diet, completely free from hormones and growth promotants.\u00a0\u00a0<\/span><\/p>\n<p dir=\"ltr\"><span style=\"background-color: transparent; color: #000000; font-family: arial,sans-serif; font-size: 11pt;\">The WinterFrost American Wagyu Ribeye features an exceptionally tender texture, rich marbling score of MB6-8, and the signature buttery aroma of the Tajima Wagyu bloodline.\u00a0<\/span><\/p>\n<h2 dir=\"ltr\"><span style=\"background-color: transparent; color: #000000; font-family: arial,sans-serif; font-size: 16pt;\">Origin<\/span><\/h2>\n<p dir=\"ltr\"><span style=\"background-color: transparent; color: #000000; font-family: arial,sans-serif; font-size: 11pt;\">WinterFrost develops its exclusive American Wagyu herd by crossing renowned Tajima Kuroge Washu bulls from Japan with carefully selected American cows. All cattle are born and raised in the United States under strict animal welfare standards and premium breeding conditions.\u00a0\u00a0<\/span><\/p>\n<p dir=\"ltr\"><span style=\"background-color: transparent; color: #000000; font-family: arial,sans-serif; font-size: 11pt;\">WinterFrost\u2019s breeding program focuses on harnessing the exceptional genetics of purebred Tajima Black Wagyu to produce beef of superior quality.\u00a0\u00a0<\/span><\/p>\n<p dir=\"ltr\"><span style=\"background-color: transparent; color: #000000; font-family: arial,sans-serif; font-size: 11pt;\">American Wagyu WinterFrost cattle are fed a 100% natural diet of whole grains, free from growth hormones or stimulants.\u00a0\u00a0<\/span><\/p>\n<h2 dir=\"ltr\"><span style=\"background-color: transparent; color: #000000; font-family: arial,sans-serif; font-size: 16pt;\">Classification\u00a0\u00a0<\/span><\/h2>\n<p dir=\"ltr\"><span style=\"background-color: transparent; color: #000000; font-family: arial,sans-serif; font-size: 11pt;\">The Ribeye is taken from the forequarter section, known for its luxurious marbling and fine muscle texture. With MB6-8 marbling, the cut delivers an exquisite balance of tenderness, juiciness, and rich Wagyu flavor as a true reflection of the Tajima Wagyu heritage.\u00a0<\/span><\/p>\n<p dir=\"ltr\"><span style=\"background-color: transparent; color: #000000; font-family: arial,sans-serif; font-size: 11pt;\">V\u1edbi ch\u1ea5t l\u01b0\u1ee3ng v\u01b0\u1ee3t tr\u1ed9i c\u1ee7a d\u00f2ng Wagyu c\u00f3 huy\u1ebft th\u1ed1ng Tajima Wagyu, WinterFrost m\u1ec1m m\u1ea1i v\u1edbi h\u01b0\u01a1ng v\u1ecb b\u00f2 Wagyu M\u1ef9 b\u00e9o ng\u1eady\u00a0<\/span><span style=\"background-color: transparent; color: #000000; font-family: arial,sans-serif; font-size: 11pt;\">\u00a0<\/span><\/p>\n<h2 dir=\"ltr\"><span style=\"background-color: transparent; color: #000000; font-family: arial,sans-serif; font-size: 16pt;\">Product Code \/ Type \/ Brand\u00a0<\/span><\/h2>\n<p dir=\"ltr\"><span style=\"background-color: transparent; color: #000000; font-family: arial,sans-serif; font-size: 11pt;\">WinterFrost American Wagyu continues its prestigious legacy, advancing specialty programs with premium American Wagyu products.\u00a0<\/span><\/p>\n<p dir=\"ltr\"><span style=\"background-color: transparent; color: #000000; font-family: arial,sans-serif; font-size: 11pt;\">WinterFrost\u2019s simple quality grading system guarantees consistent quality and exceptional taste, with expert oversight ensuring that WinterFrost remains a superior product. <\/span><\/p>\n<div><\/div>","protected":false},"excerpt":{"rendered":"<p>\u0110\u1ea7u th\u0103n ngo\u1ea1i b\u00f2 Wagyu M\u1ef9 Winter Frost \u0111\u01b0\u1ee3c lai t\u1ea1o gi\u1eefa b\u00f2 \u0111\u1ef1c Tajima Kuroge Washu thu\u1ea7n ch\u1ee7ng t\u1eeb Nh\u1eadt B\u1ea3n v\u00e0 b\u00f2 M\u1ef9 ch\u1ecdn l\u1ecdc, sinh ra v\u00e0 nu\u00f4i l\u1edbn t\u1ea1i Hoa K\u1ef3. B\u00f2 \u0111\u01b0\u1ee3c nu\u00f4i b\u1eb1ng ng\u0169 c\u1ed1c t\u1ef1 nhi\u00ean, kh\u00f4ng s\u1eed d\u1ee5ng hormone hay ch\u1ea5t k\u00edch th\u00edch t\u0103ng tr\u01b0\u1edfng.\u00a0\u00a0 \u0110\u1ea7u th\u0103n [&hellip;]<\/p>","protected":false},"featured_media":58597,"template":"","meta":{"_acf_changed":false},"product_origin":[43108],"product_brand":[43149],"product_cat":[43067,43070],"product_tag":[],"class_list":{"0":"post-58596","1":"product","2":"type-product","3":"status-publish","4":"has-post-thumbnail","6":"product_origin-my","7":"product_brand-winter-forst","8":"product_cat-thit","9":"product_cat-bo-dong-lanh","11":"first","12":"instock","13":"shipping-taxable","14":"purchasable","15":"product-type-variable","16":"has-default-attributes"},"acf":[],"yoast_head":"<!-- This site is optimized with the Yoast SEO plugin v26.5 - https:\/\/yoast.com\/wordpress\/plugins\/seo\/ -->\n<title>\u0110\u1ea7u th\u0103n ngo\u1ea1i b\u00f2 Wagyu M\u1ef9 Winter Frost - Tru-Life<\/title>\n<meta name=\"description\" content=\"\u0110\u1ea7u th\u0103n ngo\u1ea1i b\u00f2 Wagyu M\u1ef9 Winter Frost \u0111\u01b0\u1ee3c lai t\u1ea1o gi\u1eefa b\u00f2 \u0111\u1ef1c Tajima Kuroge Washu thu\u1ea7n ch\u1ee7ng t\u1eeb Nh\u1eadt B\u1ea3n v\u00e0 b\u00f2 M\u1ef9 ch\u1ecdn l\u1ecdc, sinh ra v\u00e0 nu\u00f4i l\u1edbn t\u1ea1i Hoa K\u1ef3\" \/>\n<meta name=\"robots\" content=\"index, follow, max-snippet:-1, max-image-preview:large, max-video-preview:-1\" \/>\n<link rel=\"canonical\" href=\"https:\/\/tru-life.com.vn\/en\/product\/dau-than-ngoai-bo-wagyu-my-winter-frost\/\" \/>\n<script type=\"application\/ld+json\" class=\"yoast-schema-graph\">{\"@context\":\"https:\/\/schema.org\",\"@graph\":[{\"@type\":\"WebPage\",\"@id\":\"https:\/\/tru-life.com.vn\/en\/product\/dau-than-ngoai-bo-wagyu-my-winter-frost\/\",\"url\":\"https:\/\/tru-life.com.vn\/en\/product\/dau-than-ngoai-bo-wagyu-my-winter-frost\/\",\"name\":\"\u0110\u1ea7u th\u0103n ngo\u1ea1i b\u00f2 Wagyu M\u1ef9 Winter Frost - Tru-Life\",\"isPartOf\":{\"@id\":\"https:\/\/tru-life.com.vn\/en\/#website\"},\"primaryImageOfPage\":{\"@id\":\"https:\/\/tru-life.com.vn\/en\/product\/dau-than-ngoai-bo-wagyu-my-winter-frost\/#primaryimage\"},\"image\":{\"@id\":\"https:\/\/tru-life.com.vn\/en\/product\/dau-than-ngoai-bo-wagyu-my-winter-frost\/#primaryimage\"},\"thumbnailUrl\":\"https:\/\/tru-life.com.vn\/wp-content\/uploads\/2025\/11\/US-WAGYU-RIBEYE.webp\",\"datePublished\":\"2025-11-24T06:01:44+00:00\",\"dateModified\":\"2026-01-14T02:26:50+00:00\",\"description\":\"\u0110\u1ea7u th\u0103n ngo\u1ea1i b\u00f2 Wagyu M\u1ef9 Winter Frost \u0111\u01b0\u1ee3c lai t\u1ea1o gi\u1eefa b\u00f2 \u0111\u1ef1c Tajima Kuroge Washu thu\u1ea7n ch\u1ee7ng t\u1eeb Nh\u1eadt B\u1ea3n v\u00e0 b\u00f2 M\u1ef9 ch\u1ecdn l\u1ecdc, sinh ra v\u00e0 nu\u00f4i l\u1edbn t\u1ea1i Hoa K\u1ef3\",\"breadcrumb\":{\"@id\":\"https:\/\/tru-life.com.vn\/en\/product\/dau-than-ngoai-bo-wagyu-my-winter-frost\/#breadcrumb\"},\"inLanguage\":\"en-US\",\"potentialAction\":[{\"@type\":\"ReadAction\",\"target\":[\"https:\/\/tru-life.com.vn\/en\/product\/dau-than-ngoai-bo-wagyu-my-winter-frost\/\"]}]},{\"@type\":\"ImageObject\",\"inLanguage\":\"en-US\",\"@id\":\"https:\/\/tru-life.com.vn\/en\/product\/dau-than-ngoai-bo-wagyu-my-winter-frost\/#primaryimage\",\"url\":\"https:\/\/tru-life.com.vn\/wp-content\/uploads\/2025\/11\/US-WAGYU-RIBEYE.webp\",\"contentUrl\":\"https:\/\/tru-life.com.vn\/wp-content\/uploads\/2025\/11\/US-WAGYU-RIBEYE.webp\",\"width\":900,\"height\":900},{\"@type\":\"BreadcrumbList\",\"@id\":\"https:\/\/tru-life.com.vn\/en\/product\/dau-than-ngoai-bo-wagyu-my-winter-frost\/#breadcrumb\",\"itemListElement\":[{\"@type\":\"ListItem\",\"position\":1,\"name\":\"Trang ch\u1ee7\",\"item\":\"https:\/\/tru-life.com.vn\/en\/\"},{\"@type\":\"ListItem\",\"position\":2,\"name\":\"C\u1eeda h\u00e0ng\",\"item\":\"https:\/\/tru-life.com.vn\/en\/cua-hang\/\"},{\"@type\":\"ListItem\",\"position\":3,\"name\":\"\u0110\u1ea7u th\u0103n ngo\u1ea1i b\u00f2 Wagyu M\u1ef9 Winter Frost\"}]},{\"@type\":\"WebSite\",\"@id\":\"https:\/\/tru-life.com.vn\/en\/#website\",\"url\":\"https:\/\/tru-life.com.vn\/en\/\",\"name\":\"Tru-Life\",\"description\":\"Nh\u1eadp Kh\u1ea9u &amp; Ph\u00e2n Ph\u1ed1i Th\u1ef1c Ph\u1ea9m Cao C\u1ea5p\",\"publisher\":{\"@id\":\"https:\/\/tru-life.com.vn\/en\/#organization\"},\"potentialAction\":[{\"@type\":\"SearchAction\",\"target\":{\"@type\":\"EntryPoint\",\"urlTemplate\":\"https:\/\/tru-life.com.vn\/en\/?s={search_term_string}\"},\"query-input\":{\"@type\":\"PropertyValueSpecification\",\"valueRequired\":true,\"valueName\":\"search_term_string\"}}],\"inLanguage\":\"en-US\"},{\"@type\":\"Organization\",\"@id\":\"https:\/\/tru-life.com.vn\/en\/#organization\",\"name\":\"C\u00d4NG TY C\u1ed4 PH\u1ea6N TRU-LIFE VI\u1ec6T NAM\",\"url\":\"https:\/\/tru-life.com.vn\/en\/\",\"logo\":{\"@type\":\"ImageObject\",\"inLanguage\":\"en-US\",\"@id\":\"https:\/\/tru-life.com.vn\/en\/#\/schema\/logo\/image\/\",\"url\":\"https:\/\/tru-life.com.vn\/wp-content\/uploads\/2020\/08\/logo.png\",\"contentUrl\":\"https:\/\/tru-life.com.vn\/wp-content\/uploads\/2020\/08\/logo.png\",\"width\":416,\"height\":159,\"caption\":\"C\u00d4NG TY C\u1ed4 PH\u1ea6N TRU-LIFE VI\u1ec6T NAM\"},\"image\":{\"@id\":\"https:\/\/tru-life.com.vn\/en\/#\/schema\/logo\/image\/\"},\"sameAs\":[\"https:\/\/www.facebook.com\/TruLife.VietNam.Headoffice\/\",\"https:\/\/www.instagram.com\/trulifevietnam\/\",\"https:\/\/www.linkedin.com\/company\/tru-life-vietnam\"]}]}<\/script>\n<!-- \/ Yoast SEO plugin. -->","yoast_head_json":{"title":"\u0110\u1ea7u th\u0103n ngo\u1ea1i b\u00f2 Wagyu M\u1ef9 Winter Frost - Tru-Life","description":"\u0110\u1ea7u th\u0103n ngo\u1ea1i b\u00f2 Wagyu M\u1ef9 Winter Frost \u0111\u01b0\u1ee3c lai t\u1ea1o gi\u1eefa b\u00f2 \u0111\u1ef1c Tajima Kuroge Washu thu\u1ea7n ch\u1ee7ng t\u1eeb Nh\u1eadt B\u1ea3n v\u00e0 b\u00f2 M\u1ef9 ch\u1ecdn l\u1ecdc, sinh ra v\u00e0 nu\u00f4i l\u1edbn t\u1ea1i Hoa K\u1ef3","robots":{"index":"index","follow":"follow","max-snippet":"max-snippet:-1","max-image-preview":"max-image-preview:large","max-video-preview":"max-video-preview:-1"},"canonical":"https:\/\/tru-life.com.vn\/en\/product\/dau-than-ngoai-bo-wagyu-my-winter-frost\/","schema":{"@context":"https:\/\/schema.org","@graph":[{"@type":"WebPage","@id":"https:\/\/tru-life.com.vn\/en\/product\/dau-than-ngoai-bo-wagyu-my-winter-frost\/","url":"https:\/\/tru-life.com.vn\/en\/product\/dau-than-ngoai-bo-wagyu-my-winter-frost\/","name":"\u0110\u1ea7u th\u0103n ngo\u1ea1i b\u00f2 Wagyu M\u1ef9 Winter Frost - Tru-Life","isPartOf":{"@id":"https:\/\/tru-life.com.vn\/en\/#website"},"primaryImageOfPage":{"@id":"https:\/\/tru-life.com.vn\/en\/product\/dau-than-ngoai-bo-wagyu-my-winter-frost\/#primaryimage"},"image":{"@id":"https:\/\/tru-life.com.vn\/en\/product\/dau-than-ngoai-bo-wagyu-my-winter-frost\/#primaryimage"},"thumbnailUrl":"https:\/\/tru-life.com.vn\/wp-content\/uploads\/2025\/11\/US-WAGYU-RIBEYE.webp","datePublished":"2025-11-24T06:01:44+00:00","dateModified":"2026-01-14T02:26:50+00:00","description":"\u0110\u1ea7u th\u0103n ngo\u1ea1i b\u00f2 Wagyu M\u1ef9 Winter Frost \u0111\u01b0\u1ee3c lai t\u1ea1o gi\u1eefa b\u00f2 \u0111\u1ef1c Tajima Kuroge Washu thu\u1ea7n ch\u1ee7ng t\u1eeb Nh\u1eadt B\u1ea3n v\u00e0 b\u00f2 M\u1ef9 ch\u1ecdn l\u1ecdc, sinh ra v\u00e0 nu\u00f4i l\u1edbn t\u1ea1i Hoa K\u1ef3","breadcrumb":{"@id":"https:\/\/tru-life.com.vn\/en\/product\/dau-than-ngoai-bo-wagyu-my-winter-frost\/#breadcrumb"},"inLanguage":"en-US","potentialAction":[{"@type":"ReadAction","target":["https:\/\/tru-life.com.vn\/en\/product\/dau-than-ngoai-bo-wagyu-my-winter-frost\/"]}]},{"@type":"ImageObject","inLanguage":"en-US","@id":"https:\/\/tru-life.com.vn\/en\/product\/dau-than-ngoai-bo-wagyu-my-winter-frost\/#primaryimage","url":"https:\/\/tru-life.com.vn\/wp-content\/uploads\/2025\/11\/US-WAGYU-RIBEYE.webp","contentUrl":"https:\/\/tru-life.com.vn\/wp-content\/uploads\/2025\/11\/US-WAGYU-RIBEYE.webp","width":900,"height":900},{"@type":"BreadcrumbList","@id":"https:\/\/tru-life.com.vn\/en\/product\/dau-than-ngoai-bo-wagyu-my-winter-frost\/#breadcrumb","itemListElement":[{"@type":"ListItem","position":1,"name":"Trang ch\u1ee7","item":"https:\/\/tru-life.com.vn\/en\/"},{"@type":"ListItem","position":2,"name":"C\u1eeda h\u00e0ng","item":"https:\/\/tru-life.com.vn\/en\/cua-hang\/"},{"@type":"ListItem","position":3,"name":"\u0110\u1ea7u th\u0103n ngo\u1ea1i b\u00f2 Wagyu M\u1ef9 Winter Frost"}]},{"@type":"WebSite","@id":"https:\/\/tru-life.com.vn\/en\/#website","url":"https:\/\/tru-life.com.vn\/en\/","name":"Tru-Life","description":"Nh\u1eadp Kh\u1ea9u &amp; Ph\u00e2n Ph\u1ed1i Th\u1ef1c Ph\u1ea9m Cao C\u1ea5p","publisher":{"@id":"https:\/\/tru-life.com.vn\/en\/#organization"},"potentialAction":[{"@type":"SearchAction","target":{"@type":"EntryPoint","urlTemplate":"https:\/\/tru-life.com.vn\/en\/?s={search_term_string}"},"query-input":{"@type":"PropertyValueSpecification","valueRequired":true,"valueName":"search_term_string"}}],"inLanguage":"en-US"},{"@type":"Organization","@id":"https:\/\/tru-life.com.vn\/en\/#organization","name":"C\u00d4NG TY C\u1ed4 PH\u1ea6N TRU-LIFE VI\u1ec6T NAM","url":"https:\/\/tru-life.com.vn\/en\/","logo":{"@type":"ImageObject","inLanguage":"en-US","@id":"https:\/\/tru-life.com.vn\/en\/#\/schema\/logo\/image\/","url":"https:\/\/tru-life.com.vn\/wp-content\/uploads\/2020\/08\/logo.png","contentUrl":"https:\/\/tru-life.com.vn\/wp-content\/uploads\/2020\/08\/logo.png","width":416,"height":159,"caption":"C\u00d4NG TY C\u1ed4 PH\u1ea6N TRU-LIFE VI\u1ec6T NAM"},"image":{"@id":"https:\/\/tru-life.com.vn\/en\/#\/schema\/logo\/image\/"},"sameAs":["https:\/\/www.facebook.com\/TruLife.VietNam.Headoffice\/","https:\/\/www.instagram.com\/trulifevietnam\/","https:\/\/www.linkedin.com\/company\/tru-life-vietnam"]}]}},"_links":{"self":[{"href":"https:\/\/tru-life.com.vn\/en\/wp-json\/wp\/v2\/product\/58596","targetHints":{"allow":["GET"]}}],"collection":[{"href":"https:\/\/tru-life.com.vn\/en\/wp-json\/wp\/v2\/product"}],"about":[{"href":"https:\/\/tru-life.com.vn\/en\/wp-json\/wp\/v2\/types\/product"}],"wp:featuredmedia":[{"embeddable":true,"href":"https:\/\/tru-life.com.vn\/en\/wp-json\/wp\/v2\/media\/58597"}],"wp:attachment":[{"href":"https:\/\/tru-life.com.vn\/en\/wp-json\/wp\/v2\/media?parent=58596"}],"wp:term":[{"taxonomy":"product_origin","embeddable":true,"href":"https:\/\/tru-life.com.vn\/en\/wp-json\/wp\/v2\/product_origin?post=58596"},{"taxonomy":"product_brand","embeddable":true,"href":"https:\/\/tru-life.com.vn\/en\/wp-json\/wp\/v2\/product_brand?post=58596"},{"taxonomy":"product_cat","embeddable":true,"href":"https:\/\/tru-life.com.vn\/en\/wp-json\/wp\/v2\/product_cat?post=58596"},{"taxonomy":"product_tag","embeddable":true,"href":"https:\/\/tru-life.com.vn\/en\/wp-json\/wp\/v2\/product_tag?post=58596"}],"curies":[{"name":"wp","href":"https:\/\/api.w.org\/{rel}","templated":true}]}}