{"id":58496,"date":"2025-11-09T00:51:44","date_gmt":"2025-11-08T17:51:44","guid":{"rendered":"https:\/\/tru-life.com.vn\/?post_type=product&#038;p=58496"},"modified":"2026-01-14T09:28:51","modified_gmt":"2026-01-14T02:28:51","slug":"suon-cuu-supreme-uc-cat-kieu-phap","status":"publish","type":"product","link":"https:\/\/tru-life.com.vn\/en\/product\/suon-cuu-supreme-uc-cat-kieu-phap\/","title":{"rendered":"S\u01b0\u1eddn c\u1eebu Supreme \u00dac c\u1eaft ki\u1ec3u Ph\u00e1p &#8211; Cap on"},"content":{"rendered":"<p dir=\"ltr\" style=\"text-align: justify;\"><span style=\"background-color: transparent; color: #000000; font-family: arial,sans-serif; font-size: 12pt;\">The Supreme Australian lamb rack comes from pasture-raised lambs, resulting in tender, juicy meat with a delicate, natural flavor. These lambs meet international standards and certifications, ensuring premium-quality Australian lamb.\u00a0<\/span><\/p>\n<h2 dir=\"ltr\" style=\"text-align: justify;\">Origin<span style=\"background-color: transparent; color: #000000; font-family: arial,sans-serif; font-size: 12pt;\">\u00a0<\/span><\/h2>\n<p dir=\"ltr\" style=\"text-align: justify;\"><span style=\"background-color: transparent; color: #000000; font-family: arial,sans-serif; font-size: 12pt;\">Supreme French-cut Australian lamb racks are sourced from the pristine green pastures of South Australia. Raised entirely naturally, these lambs deliver high-quality meat with rich flavor, tenderness, and a natural texture, fully certified by international standards.\u00a0<\/span><\/p>\n<h2 dir=\"ltr\" style=\"text-align: justify;\">Classification <span style=\"background-color: transparent; color: #000000; font-family: arial,sans-serif; font-size: 12pt;\">\u00a0\u00a0<\/span><\/h2>\n<p dir=\"ltr\" style=\"text-align: justify;\"><span style=\"background-color: transparent; color: #000000; font-family: arial,sans-serif; font-size: 12pt;\">The lamb rack is prepared from one side of the lamb by removing the forequarter through a straight vertical cut along the rib bones and a horizontal cut along the top of the back. The rack contains rib bones, backbone, and a thick, meaty rib section, perfect for roasting or premium culinary preparations.\u00a0<\/span><\/p>\n<h2 dir=\"ltr\" style=\"text-align: justify;\">Product Code \/ Type \/ Brand<span style=\"background-color: transparent; color: #000000; font-family: arial,sans-serif; font-size: 12pt;\">\u00a0<\/span><\/h2>\n<p dir=\"ltr\" style=\"text-align: justify;\"><span style=\"background-color: transparent; color: #000000; font-family: arial,sans-serif; font-size: 12pt;\">The Supreme line offers a selection of high-quality Australian lamb from various certified programs\u00a0<\/span><\/p>\n<p dir=\"ltr\" style=\"text-align: justify;\"><span style=\"background-color: transparent; color: #000000; font-family: arial,sans-serif; font-size: 12pt;\">TFI has built a reputation for consistently delivering premium, uniform lamb, sourced from Australia\u2019s most pristine pastures. With a focus on consumer trends and an uncompromising commitment to quality, TFI ensures that the best chilled or frozen lamb is delivered to families around the world.\u00a0<\/span><\/p>\n<p>*Note: This product is sold with whole sale packaging only, not cut into retail pieces.<\/p>","protected":false},"excerpt":{"rendered":"<p>S\u01b0\u1eddn c\u1eebu Supreme \u00dac c\u1eaft ki\u1ec3u Ph\u00e1p \u0111\u01b0\u1ee3c l\u1ea5y t\u1eeb c\u1eebu \u0111\u01b0\u1ee3c nu\u00f4i tr\u00ean \u0111\u1ed3ng c\u1ecf ho\u00e0n to\u00e0n t\u1ef1 nhi\u00ean n\u00ean th\u1ecbt m\u1ec1m, m\u1ecdng n\u01b0\u1edbc v\u1edbi h\u01b0\u01a1ng v\u1ecb th\u01a1m ngon nh\u1eb9 nh\u00e0ng. C\u1eebu \u0111\u1ea1t ti\u00eau chu\u1ea9n c\u00f9ng c\u00e1c ch\u1ee9ng ch\u1ec9 qu\u1ed1c t\u1ebf\u00a0 \u0111\u1ea3m b\u1ea3o ch\u1ea5t l\u01b0\u1ee3ng th\u1ecbt c\u1eebu th\u01b0\u1ee3ng h\u1ea1ng.\u00a0 Ngu\u1ed3n g\u1ed1c\u00a0 S\u01b0\u1eddn c\u1eebu \u00dac [&hellip;]<\/p>","protected":false},"featured_media":58573,"template":"","meta":{"_acf_changed":false},"product_origin":[43078],"product_brand":[43110],"product_cat":[43067,43098],"product_tag":[],"class_list":{"0":"post-58496","1":"product","2":"type-product","3":"status-publish","4":"has-post-thumbnail","6":"product_origin-australia","7":"product_brand-thomas-foods","8":"product_cat-thit","9":"product_cat-cuu-uc-dong-lanh","11":"first","12":"instock","13":"shipping-taxable","14":"purchasable","15":"product-type-simple"},"acf":[],"yoast_head":"<!-- This site is optimized with the Yoast SEO plugin v26.5 - https:\/\/yoast.com\/wordpress\/plugins\/seo\/ -->\n<title>S\u01b0\u1eddn c\u1eebu Supreme \u00dac c\u1eaft ki\u1ec3u Ph\u00e1p - Cap on - Tru-Life<\/title>\n<meta name=\"description\" content=\"S\u01b0\u1eddn c\u1eebu Supreme \u00dac c\u1eaft ki\u1ec3u Ph\u00e1p \u0111\u01b0\u1ee3c l\u1ea5y t\u1eeb c\u1eebu \u0111\u01b0\u1ee3c nu\u00f4i tr\u00ean \u0111\u1ed3ng c\u1ecf ho\u00e0n to\u00e0n t\u1ef1 nhi\u00ean n\u00ean th\u1ecbt m\u1ec1m, m\u1ecdng n\u01b0\u1edbc v\u1edbi h\u01b0\u01a1ng v\u1ecb th\u01a1m ngon nh\u1eb9 nh\u00e0ng.\" \/>\n<meta name=\"robots\" content=\"index, follow, max-snippet:-1, max-image-preview:large, max-video-preview:-1\" \/>\n<link rel=\"canonical\" href=\"https:\/\/tru-life.com.vn\/en\/product\/suon-cuu-supreme-uc-cat-kieu-phap\/\" \/>\n<script type=\"application\/ld+json\" class=\"yoast-schema-graph\">{\"@context\":\"https:\/\/schema.org\",\"@graph\":[{\"@type\":\"WebPage\",\"@id\":\"https:\/\/tru-life.com.vn\/en\/product\/suon-cuu-supreme-uc-cat-kieu-phap\/\",\"url\":\"https:\/\/tru-life.com.vn\/en\/product\/suon-cuu-supreme-uc-cat-kieu-phap\/\",\"name\":\"S\u01b0\u1eddn c\u1eebu Supreme \u00dac c\u1eaft ki\u1ec3u Ph\u00e1p - Cap on - Tru-Life\",\"isPartOf\":{\"@id\":\"https:\/\/tru-life.com.vn\/en\/#website\"},\"primaryImageOfPage\":{\"@id\":\"https:\/\/tru-life.com.vn\/en\/product\/suon-cuu-supreme-uc-cat-kieu-phap\/#primaryimage\"},\"image\":{\"@id\":\"https:\/\/tru-life.com.vn\/en\/product\/suon-cuu-supreme-uc-cat-kieu-phap\/#primaryimage\"},\"thumbnailUrl\":\"https:\/\/tru-life.com.vn\/wp-content\/uploads\/2025\/11\/AUS-Supreme-Lamb-Rack-French-Cap-on.webp\",\"datePublished\":\"2025-11-08T17:51:44+00:00\",\"dateModified\":\"2026-01-14T02:28:51+00:00\",\"description\":\"S\u01b0\u1eddn c\u1eebu Supreme \u00dac c\u1eaft ki\u1ec3u Ph\u00e1p \u0111\u01b0\u1ee3c l\u1ea5y t\u1eeb c\u1eebu \u0111\u01b0\u1ee3c nu\u00f4i tr\u00ean \u0111\u1ed3ng c\u1ecf ho\u00e0n to\u00e0n t\u1ef1 nhi\u00ean n\u00ean th\u1ecbt m\u1ec1m, m\u1ecdng n\u01b0\u1edbc v\u1edbi h\u01b0\u01a1ng v\u1ecb th\u01a1m ngon nh\u1eb9 nh\u00e0ng.\",\"breadcrumb\":{\"@id\":\"https:\/\/tru-life.com.vn\/en\/product\/suon-cuu-supreme-uc-cat-kieu-phap\/#breadcrumb\"},\"inLanguage\":\"en-US\",\"potentialAction\":[{\"@type\":\"ReadAction\",\"target\":[\"https:\/\/tru-life.com.vn\/en\/product\/suon-cuu-supreme-uc-cat-kieu-phap\/\"]}]},{\"@type\":\"ImageObject\",\"inLanguage\":\"en-US\",\"@id\":\"https:\/\/tru-life.com.vn\/en\/product\/suon-cuu-supreme-uc-cat-kieu-phap\/#primaryimage\",\"url\":\"https:\/\/tru-life.com.vn\/wp-content\/uploads\/2025\/11\/AUS-Supreme-Lamb-Rack-French-Cap-on.webp\",\"contentUrl\":\"https:\/\/tru-life.com.vn\/wp-content\/uploads\/2025\/11\/AUS-Supreme-Lamb-Rack-French-Cap-on.webp\",\"width\":900,\"height\":900},{\"@type\":\"BreadcrumbList\",\"@id\":\"https:\/\/tru-life.com.vn\/en\/product\/suon-cuu-supreme-uc-cat-kieu-phap\/#breadcrumb\",\"itemListElement\":[{\"@type\":\"ListItem\",\"position\":1,\"name\":\"Trang ch\u1ee7\",\"item\":\"https:\/\/tru-life.com.vn\/en\/\"},{\"@type\":\"ListItem\",\"position\":2,\"name\":\"C\u1eeda h\u00e0ng\",\"item\":\"https:\/\/tru-life.com.vn\/en\/cua-hang\/\"},{\"@type\":\"ListItem\",\"position\":3,\"name\":\"S\u01b0\u1eddn c\u1eebu Supreme \u00dac c\u1eaft ki\u1ec3u Ph\u00e1p &#8211; Cap on\"}]},{\"@type\":\"WebSite\",\"@id\":\"https:\/\/tru-life.com.vn\/en\/#website\",\"url\":\"https:\/\/tru-life.com.vn\/en\/\",\"name\":\"Tru-Life\",\"description\":\"Nh\u1eadp Kh\u1ea9u &amp; Ph\u00e2n Ph\u1ed1i Th\u1ef1c Ph\u1ea9m Cao C\u1ea5p\",\"publisher\":{\"@id\":\"https:\/\/tru-life.com.vn\/en\/#organization\"},\"potentialAction\":[{\"@type\":\"SearchAction\",\"target\":{\"@type\":\"EntryPoint\",\"urlTemplate\":\"https:\/\/tru-life.com.vn\/en\/?s={search_term_string}\"},\"query-input\":{\"@type\":\"PropertyValueSpecification\",\"valueRequired\":true,\"valueName\":\"search_term_string\"}}],\"inLanguage\":\"en-US\"},{\"@type\":\"Organization\",\"@id\":\"https:\/\/tru-life.com.vn\/en\/#organization\",\"name\":\"C\u00d4NG TY C\u1ed4 PH\u1ea6N TRU-LIFE VI\u1ec6T NAM\",\"url\":\"https:\/\/tru-life.com.vn\/en\/\",\"logo\":{\"@type\":\"ImageObject\",\"inLanguage\":\"en-US\",\"@id\":\"https:\/\/tru-life.com.vn\/en\/#\/schema\/logo\/image\/\",\"url\":\"https:\/\/tru-life.com.vn\/wp-content\/uploads\/2020\/08\/logo.png\",\"contentUrl\":\"https:\/\/tru-life.com.vn\/wp-content\/uploads\/2020\/08\/logo.png\",\"width\":416,\"height\":159,\"caption\":\"C\u00d4NG TY C\u1ed4 PH\u1ea6N TRU-LIFE VI\u1ec6T NAM\"},\"image\":{\"@id\":\"https:\/\/tru-life.com.vn\/en\/#\/schema\/logo\/image\/\"},\"sameAs\":[\"https:\/\/www.facebook.com\/TruLife.VietNam.Headoffice\/\",\"https:\/\/www.instagram.com\/trulifevietnam\/\",\"https:\/\/www.linkedin.com\/company\/tru-life-vietnam\"]}]}<\/script>\n<!-- \/ Yoast SEO plugin. -->","yoast_head_json":{"title":"S\u01b0\u1eddn c\u1eebu Supreme \u00dac c\u1eaft ki\u1ec3u Ph\u00e1p - Cap on - Tru-Life","description":"S\u01b0\u1eddn c\u1eebu Supreme \u00dac c\u1eaft ki\u1ec3u Ph\u00e1p \u0111\u01b0\u1ee3c l\u1ea5y t\u1eeb c\u1eebu \u0111\u01b0\u1ee3c nu\u00f4i tr\u00ean \u0111\u1ed3ng c\u1ecf ho\u00e0n to\u00e0n t\u1ef1 nhi\u00ean n\u00ean th\u1ecbt m\u1ec1m, m\u1ecdng n\u01b0\u1edbc v\u1edbi h\u01b0\u01a1ng v\u1ecb th\u01a1m ngon nh\u1eb9 nh\u00e0ng.","robots":{"index":"index","follow":"follow","max-snippet":"max-snippet:-1","max-image-preview":"max-image-preview:large","max-video-preview":"max-video-preview:-1"},"canonical":"https:\/\/tru-life.com.vn\/en\/product\/suon-cuu-supreme-uc-cat-kieu-phap\/","schema":{"@context":"https:\/\/schema.org","@graph":[{"@type":"WebPage","@id":"https:\/\/tru-life.com.vn\/en\/product\/suon-cuu-supreme-uc-cat-kieu-phap\/","url":"https:\/\/tru-life.com.vn\/en\/product\/suon-cuu-supreme-uc-cat-kieu-phap\/","name":"S\u01b0\u1eddn c\u1eebu Supreme \u00dac c\u1eaft ki\u1ec3u Ph\u00e1p - Cap on - Tru-Life","isPartOf":{"@id":"https:\/\/tru-life.com.vn\/en\/#website"},"primaryImageOfPage":{"@id":"https:\/\/tru-life.com.vn\/en\/product\/suon-cuu-supreme-uc-cat-kieu-phap\/#primaryimage"},"image":{"@id":"https:\/\/tru-life.com.vn\/en\/product\/suon-cuu-supreme-uc-cat-kieu-phap\/#primaryimage"},"thumbnailUrl":"https:\/\/tru-life.com.vn\/wp-content\/uploads\/2025\/11\/AUS-Supreme-Lamb-Rack-French-Cap-on.webp","datePublished":"2025-11-08T17:51:44+00:00","dateModified":"2026-01-14T02:28:51+00:00","description":"S\u01b0\u1eddn c\u1eebu Supreme \u00dac c\u1eaft ki\u1ec3u Ph\u00e1p \u0111\u01b0\u1ee3c l\u1ea5y t\u1eeb c\u1eebu \u0111\u01b0\u1ee3c nu\u00f4i tr\u00ean \u0111\u1ed3ng c\u1ecf ho\u00e0n to\u00e0n t\u1ef1 nhi\u00ean n\u00ean th\u1ecbt m\u1ec1m, m\u1ecdng n\u01b0\u1edbc v\u1edbi h\u01b0\u01a1ng v\u1ecb th\u01a1m ngon nh\u1eb9 nh\u00e0ng.","breadcrumb":{"@id":"https:\/\/tru-life.com.vn\/en\/product\/suon-cuu-supreme-uc-cat-kieu-phap\/#breadcrumb"},"inLanguage":"en-US","potentialAction":[{"@type":"ReadAction","target":["https:\/\/tru-life.com.vn\/en\/product\/suon-cuu-supreme-uc-cat-kieu-phap\/"]}]},{"@type":"ImageObject","inLanguage":"en-US","@id":"https:\/\/tru-life.com.vn\/en\/product\/suon-cuu-supreme-uc-cat-kieu-phap\/#primaryimage","url":"https:\/\/tru-life.com.vn\/wp-content\/uploads\/2025\/11\/AUS-Supreme-Lamb-Rack-French-Cap-on.webp","contentUrl":"https:\/\/tru-life.com.vn\/wp-content\/uploads\/2025\/11\/AUS-Supreme-Lamb-Rack-French-Cap-on.webp","width":900,"height":900},{"@type":"BreadcrumbList","@id":"https:\/\/tru-life.com.vn\/en\/product\/suon-cuu-supreme-uc-cat-kieu-phap\/#breadcrumb","itemListElement":[{"@type":"ListItem","position":1,"name":"Trang ch\u1ee7","item":"https:\/\/tru-life.com.vn\/en\/"},{"@type":"ListItem","position":2,"name":"C\u1eeda h\u00e0ng","item":"https:\/\/tru-life.com.vn\/en\/cua-hang\/"},{"@type":"ListItem","position":3,"name":"S\u01b0\u1eddn c\u1eebu Supreme \u00dac c\u1eaft ki\u1ec3u Ph\u00e1p &#8211; Cap on"}]},{"@type":"WebSite","@id":"https:\/\/tru-life.com.vn\/en\/#website","url":"https:\/\/tru-life.com.vn\/en\/","name":"Tru-Life","description":"Nh\u1eadp Kh\u1ea9u &amp; Ph\u00e2n Ph\u1ed1i Th\u1ef1c Ph\u1ea9m Cao C\u1ea5p","publisher":{"@id":"https:\/\/tru-life.com.vn\/en\/#organization"},"potentialAction":[{"@type":"SearchAction","target":{"@type":"EntryPoint","urlTemplate":"https:\/\/tru-life.com.vn\/en\/?s={search_term_string}"},"query-input":{"@type":"PropertyValueSpecification","valueRequired":true,"valueName":"search_term_string"}}],"inLanguage":"en-US"},{"@type":"Organization","@id":"https:\/\/tru-life.com.vn\/en\/#organization","name":"C\u00d4NG TY C\u1ed4 PH\u1ea6N TRU-LIFE VI\u1ec6T NAM","url":"https:\/\/tru-life.com.vn\/en\/","logo":{"@type":"ImageObject","inLanguage":"en-US","@id":"https:\/\/tru-life.com.vn\/en\/#\/schema\/logo\/image\/","url":"https:\/\/tru-life.com.vn\/wp-content\/uploads\/2020\/08\/logo.png","contentUrl":"https:\/\/tru-life.com.vn\/wp-content\/uploads\/2020\/08\/logo.png","width":416,"height":159,"caption":"C\u00d4NG TY C\u1ed4 PH\u1ea6N TRU-LIFE VI\u1ec6T NAM"},"image":{"@id":"https:\/\/tru-life.com.vn\/en\/#\/schema\/logo\/image\/"},"sameAs":["https:\/\/www.facebook.com\/TruLife.VietNam.Headoffice\/","https:\/\/www.instagram.com\/trulifevietnam\/","https:\/\/www.linkedin.com\/company\/tru-life-vietnam"]}]}},"_links":{"self":[{"href":"https:\/\/tru-life.com.vn\/en\/wp-json\/wp\/v2\/product\/58496","targetHints":{"allow":["GET"]}}],"collection":[{"href":"https:\/\/tru-life.com.vn\/en\/wp-json\/wp\/v2\/product"}],"about":[{"href":"https:\/\/tru-life.com.vn\/en\/wp-json\/wp\/v2\/types\/product"}],"wp:featuredmedia":[{"embeddable":true,"href":"https:\/\/tru-life.com.vn\/en\/wp-json\/wp\/v2\/media\/58573"}],"wp:attachment":[{"href":"https:\/\/tru-life.com.vn\/en\/wp-json\/wp\/v2\/media?parent=58496"}],"wp:term":[{"taxonomy":"product_origin","embeddable":true,"href":"https:\/\/tru-life.com.vn\/en\/wp-json\/wp\/v2\/product_origin?post=58496"},{"taxonomy":"product_brand","embeddable":true,"href":"https:\/\/tru-life.com.vn\/en\/wp-json\/wp\/v2\/product_brand?post=58496"},{"taxonomy":"product_cat","embeddable":true,"href":"https:\/\/tru-life.com.vn\/en\/wp-json\/wp\/v2\/product_cat?post=58496"},{"taxonomy":"product_tag","embeddable":true,"href":"https:\/\/tru-life.com.vn\/en\/wp-json\/wp\/v2\/product_tag?post=58496"}],"curies":[{"name":"wp","href":"https:\/\/api.w.org\/{rel}","templated":true}]}}