{"id":58458,"date":"2025-11-08T23:27:16","date_gmt":"2025-11-08T16:27:16","guid":{"rendered":"https:\/\/tru-life.com.vn\/?post_type=product&#038;p=58458"},"modified":"2026-01-06T09:29:39","modified_gmt":"2026-01-06T02:29:39","slug":"than-ngoai-bo-wagyu-nhat-satsuma-a4","status":"publish","type":"product","link":"https:\/\/tru-life.com.vn\/en\/product\/than-ngoai-bo-wagyu-nhat-satsuma-a4\/","title":{"rendered":"Th\u0103n ngo\u1ea1i b\u00f2 Wagyu Nh\u1eadt Satsuma A4"},"content":{"rendered":"<p>Raised at the prestigious Mizusako Farm in Ibusuki, Kagoshima\u2014a land blessed with rich minerals and the bountiful nature of Kyushu Island. Our Japanese Satsuma Wagyu A4 Striploin, located just behind the ribloin, features a fine grain and exceptional tenderness, delivering the delicate, buttery, and well-rounded flavor signature of premium Wagyu<\/p>\n<p>Produced and supplied by Starzen Co., Ltd., the Satsuma Wagyu series was awarded the highest honor at the \"World Steak Challenge 2024 &amp; 2025\" affirming its world-class quality<\/p>\n<h2>Origin<\/h2>\n<p>Satsuma cattle from Mizusako Farm are raised at one of Japan\u2019s largest family-owned Wagyu farms. Located in Ibusuki, Kagoshima, at the southernmost tip of Kyushu where is a region celebrated for its Wagyu heritage. The farm benefits from an exceptionally rich natural environment and mineral-rich spring water, providing optimal conditions for cattle growth.<\/p>\n<p>Through years of research into feed composition, Mizusako Farm has perfected the production of red Wagyu beef with enhanced aroma, natural sweetness, and rich umami, reflecting decades of expertise in creating premium Wagyu.<\/p>\n<h2>Classification<\/h2>\n<p>The A4 Striploin of Satsuma Wagyu lies behind the ribloin, with fine, tender meat. Thanks to its long, uniform shape, it is ideal for cutting into evenly sized steaks, delivering the refined, tender, and full-bodied flavor characteristics of high-end Wagyu beef.<\/p>\n<h2>Product Code \/ Type \/ Brand<\/h2>\n<p>Produced and supplied by Starzen Co., Ltd., the Satsuma Wagyu series was awarded the highest honor at the \"World Steak Challenge 2024 &amp; 2025\" affirming its world-class quality<\/p>","protected":false},"excerpt":{"rendered":"<p>\u0110\u01b0\u1ee3c nu\u00f4i d\u01b0\u1ee1ng t\u1ea1i trang tr\u1ea1i Mizusako l\u1edbn t\u1ea1i Nh\u1eadt B\u1ea3n, t\u1ecda l\u1ea1c \u1edf Ibusuki, Kagoshima, v\u00f9ng \u0111\u1ea5t gi\u00e0u kho\u00e1ng ch\u1ea5t v\u00e0 thi\u00ean nhi\u00ean tr\u00f9 ph\u00fa c\u1ee7a \u0111\u1ea3o Kyushu. Ph\u1ea7n th\u0103n ngo\u1ea1i b\u00f2 Wagyu Nh\u1eadt Satsuma A4 l\u00e0 ph\u1ea7n th\u1ecbt n\u00e0y n\u1eb1m ph\u00eda sau th\u0103n l\u01b0ng (ribloin), c\u00f3 th\u1edb th\u1ecbt m\u1ecbn v\u00e0 \u0111\u1ed9 m\u1ec1m cao [&hellip;]<\/p>","protected":false},"featured_media":58657,"template":"","meta":{"_acf_changed":false},"product_origin":[43106],"product_brand":[43141],"product_cat":[43067,43070],"product_tag":[],"class_list":{"0":"post-58458","1":"product","2":"type-product","3":"status-publish","4":"has-post-thumbnail","6":"product_origin-nhat-ban","7":"product_brand-satsuma-wagyu-akune-gold","8":"product_cat-thit","9":"product_cat-bo-dong-lanh","11":"first","12":"instock","13":"shipping-taxable","14":"purchasable","15":"product-type-variable","16":"has-default-attributes"},"acf":[],"yoast_head":"<!-- This site is optimized with the Yoast SEO plugin v26.5 - https:\/\/yoast.com\/wordpress\/plugins\/seo\/ -->\n<title>Th\u0103n ngo\u1ea1i b\u00f2 Wagyu Nh\u1eadt Satsuma A4<\/title>\n<meta name=\"description\" content=\"Ph\u1ea7n th\u0103n ngo\u1ea1i b\u00f2 Wagyu Nh\u1eadt Satsuma A4 l\u00e0 ph\u1ea7n th\u1ecbt n\u00e0y n\u1eb1m ph\u00eda sau th\u0103n l\u01b0ng (ribloin), c\u00f3 th\u1edb th\u1ecbt m\u1ecbn v\u00e0 \u0111\u1ed9 m\u1ec1m cao mang \u0111\u1ebfn h\u01b0\u01a1ng v\u1ecb tinh t\u1ebf\" \/>\n<meta name=\"robots\" content=\"index, follow, max-snippet:-1, max-image-preview:large, max-video-preview:-1\" \/>\n<link rel=\"canonical\" href=\"https:\/\/tru-life.com.vn\/en\/product\/than-ngoai-bo-wagyu-nhat-satsuma-a4\/\" \/>\n<script type=\"application\/ld+json\" class=\"yoast-schema-graph\">{\"@context\":\"https:\/\/schema.org\",\"@graph\":[{\"@type\":\"WebPage\",\"@id\":\"https:\/\/tru-life.com.vn\/en\/product\/than-ngoai-bo-wagyu-nhat-satsuma-a4\/\",\"url\":\"https:\/\/tru-life.com.vn\/en\/product\/than-ngoai-bo-wagyu-nhat-satsuma-a4\/\",\"name\":\"Th\u0103n ngo\u1ea1i b\u00f2 Wagyu Nh\u1eadt Satsuma A4\",\"isPartOf\":{\"@id\":\"https:\/\/tru-life.com.vn\/en\/#website\"},\"primaryImageOfPage\":{\"@id\":\"https:\/\/tru-life.com.vn\/en\/product\/than-ngoai-bo-wagyu-nhat-satsuma-a4\/#primaryimage\"},\"image\":{\"@id\":\"https:\/\/tru-life.com.vn\/en\/product\/than-ngoai-bo-wagyu-nhat-satsuma-a4\/#primaryimage\"},\"thumbnailUrl\":\"https:\/\/tru-life.com.vn\/wp-content\/uploads\/2025\/11\/Striploin-A4.webp\",\"datePublished\":\"2025-11-08T16:27:16+00:00\",\"dateModified\":\"2026-01-06T02:29:39+00:00\",\"description\":\"Ph\u1ea7n th\u0103n ngo\u1ea1i b\u00f2 Wagyu Nh\u1eadt Satsuma A4 l\u00e0 ph\u1ea7n th\u1ecbt n\u00e0y n\u1eb1m ph\u00eda sau th\u0103n l\u01b0ng (ribloin), c\u00f3 th\u1edb th\u1ecbt m\u1ecbn v\u00e0 \u0111\u1ed9 m\u1ec1m cao mang \u0111\u1ebfn h\u01b0\u01a1ng v\u1ecb tinh t\u1ebf\",\"breadcrumb\":{\"@id\":\"https:\/\/tru-life.com.vn\/en\/product\/than-ngoai-bo-wagyu-nhat-satsuma-a4\/#breadcrumb\"},\"inLanguage\":\"en-US\",\"potentialAction\":[{\"@type\":\"ReadAction\",\"target\":[\"https:\/\/tru-life.com.vn\/en\/product\/than-ngoai-bo-wagyu-nhat-satsuma-a4\/\"]}]},{\"@type\":\"ImageObject\",\"inLanguage\":\"en-US\",\"@id\":\"https:\/\/tru-life.com.vn\/en\/product\/than-ngoai-bo-wagyu-nhat-satsuma-a4\/#primaryimage\",\"url\":\"https:\/\/tru-life.com.vn\/wp-content\/uploads\/2025\/11\/Striploin-A4.webp\",\"contentUrl\":\"https:\/\/tru-life.com.vn\/wp-content\/uploads\/2025\/11\/Striploin-A4.webp\",\"width\":900,\"height\":900},{\"@type\":\"BreadcrumbList\",\"@id\":\"https:\/\/tru-life.com.vn\/en\/product\/than-ngoai-bo-wagyu-nhat-satsuma-a4\/#breadcrumb\",\"itemListElement\":[{\"@type\":\"ListItem\",\"position\":1,\"name\":\"Trang ch\u1ee7\",\"item\":\"https:\/\/tru-life.com.vn\/en\/\"},{\"@type\":\"ListItem\",\"position\":2,\"name\":\"C\u1eeda h\u00e0ng\",\"item\":\"https:\/\/tru-life.com.vn\/en\/cua-hang\/\"},{\"@type\":\"ListItem\",\"position\":3,\"name\":\"Th\u0103n ngo\u1ea1i b\u00f2 Wagyu Nh\u1eadt Satsuma A4\"}]},{\"@type\":\"WebSite\",\"@id\":\"https:\/\/tru-life.com.vn\/en\/#website\",\"url\":\"https:\/\/tru-life.com.vn\/en\/\",\"name\":\"Tru-Life\",\"description\":\"Nh\u1eadp Kh\u1ea9u &amp; Ph\u00e2n Ph\u1ed1i Th\u1ef1c Ph\u1ea9m Cao C\u1ea5p\",\"publisher\":{\"@id\":\"https:\/\/tru-life.com.vn\/en\/#organization\"},\"potentialAction\":[{\"@type\":\"SearchAction\",\"target\":{\"@type\":\"EntryPoint\",\"urlTemplate\":\"https:\/\/tru-life.com.vn\/en\/?s={search_term_string}\"},\"query-input\":{\"@type\":\"PropertyValueSpecification\",\"valueRequired\":true,\"valueName\":\"search_term_string\"}}],\"inLanguage\":\"en-US\"},{\"@type\":\"Organization\",\"@id\":\"https:\/\/tru-life.com.vn\/en\/#organization\",\"name\":\"C\u00d4NG TY C\u1ed4 PH\u1ea6N TRU-LIFE VI\u1ec6T NAM\",\"url\":\"https:\/\/tru-life.com.vn\/en\/\",\"logo\":{\"@type\":\"ImageObject\",\"inLanguage\":\"en-US\",\"@id\":\"https:\/\/tru-life.com.vn\/en\/#\/schema\/logo\/image\/\",\"url\":\"https:\/\/tru-life.com.vn\/wp-content\/uploads\/2020\/08\/logo.png\",\"contentUrl\":\"https:\/\/tru-life.com.vn\/wp-content\/uploads\/2020\/08\/logo.png\",\"width\":416,\"height\":159,\"caption\":\"C\u00d4NG TY C\u1ed4 PH\u1ea6N TRU-LIFE VI\u1ec6T NAM\"},\"image\":{\"@id\":\"https:\/\/tru-life.com.vn\/en\/#\/schema\/logo\/image\/\"},\"sameAs\":[\"https:\/\/www.facebook.com\/TruLife.VietNam.Headoffice\/\",\"https:\/\/www.instagram.com\/trulifevietnam\/\",\"https:\/\/www.linkedin.com\/company\/tru-life-vietnam\"]}]}<\/script>\n<!-- \/ Yoast SEO plugin. -->","yoast_head_json":{"title":"Th\u0103n ngo\u1ea1i b\u00f2 Wagyu Nh\u1eadt Satsuma A4","description":"Ph\u1ea7n th\u0103n ngo\u1ea1i b\u00f2 Wagyu Nh\u1eadt Satsuma A4 l\u00e0 ph\u1ea7n th\u1ecbt n\u00e0y n\u1eb1m ph\u00eda sau th\u0103n l\u01b0ng (ribloin), c\u00f3 th\u1edb th\u1ecbt m\u1ecbn v\u00e0 \u0111\u1ed9 m\u1ec1m cao mang \u0111\u1ebfn h\u01b0\u01a1ng v\u1ecb tinh t\u1ebf","robots":{"index":"index","follow":"follow","max-snippet":"max-snippet:-1","max-image-preview":"max-image-preview:large","max-video-preview":"max-video-preview:-1"},"canonical":"https:\/\/tru-life.com.vn\/en\/product\/than-ngoai-bo-wagyu-nhat-satsuma-a4\/","schema":{"@context":"https:\/\/schema.org","@graph":[{"@type":"WebPage","@id":"https:\/\/tru-life.com.vn\/en\/product\/than-ngoai-bo-wagyu-nhat-satsuma-a4\/","url":"https:\/\/tru-life.com.vn\/en\/product\/than-ngoai-bo-wagyu-nhat-satsuma-a4\/","name":"Th\u0103n ngo\u1ea1i b\u00f2 Wagyu Nh\u1eadt Satsuma A4","isPartOf":{"@id":"https:\/\/tru-life.com.vn\/en\/#website"},"primaryImageOfPage":{"@id":"https:\/\/tru-life.com.vn\/en\/product\/than-ngoai-bo-wagyu-nhat-satsuma-a4\/#primaryimage"},"image":{"@id":"https:\/\/tru-life.com.vn\/en\/product\/than-ngoai-bo-wagyu-nhat-satsuma-a4\/#primaryimage"},"thumbnailUrl":"https:\/\/tru-life.com.vn\/wp-content\/uploads\/2025\/11\/Striploin-A4.webp","datePublished":"2025-11-08T16:27:16+00:00","dateModified":"2026-01-06T02:29:39+00:00","description":"Ph\u1ea7n th\u0103n ngo\u1ea1i b\u00f2 Wagyu Nh\u1eadt Satsuma A4 l\u00e0 ph\u1ea7n th\u1ecbt n\u00e0y n\u1eb1m ph\u00eda sau th\u0103n l\u01b0ng (ribloin), c\u00f3 th\u1edb th\u1ecbt m\u1ecbn v\u00e0 \u0111\u1ed9 m\u1ec1m cao mang \u0111\u1ebfn h\u01b0\u01a1ng v\u1ecb tinh t\u1ebf","breadcrumb":{"@id":"https:\/\/tru-life.com.vn\/en\/product\/than-ngoai-bo-wagyu-nhat-satsuma-a4\/#breadcrumb"},"inLanguage":"en-US","potentialAction":[{"@type":"ReadAction","target":["https:\/\/tru-life.com.vn\/en\/product\/than-ngoai-bo-wagyu-nhat-satsuma-a4\/"]}]},{"@type":"ImageObject","inLanguage":"en-US","@id":"https:\/\/tru-life.com.vn\/en\/product\/than-ngoai-bo-wagyu-nhat-satsuma-a4\/#primaryimage","url":"https:\/\/tru-life.com.vn\/wp-content\/uploads\/2025\/11\/Striploin-A4.webp","contentUrl":"https:\/\/tru-life.com.vn\/wp-content\/uploads\/2025\/11\/Striploin-A4.webp","width":900,"height":900},{"@type":"BreadcrumbList","@id":"https:\/\/tru-life.com.vn\/en\/product\/than-ngoai-bo-wagyu-nhat-satsuma-a4\/#breadcrumb","itemListElement":[{"@type":"ListItem","position":1,"name":"Trang ch\u1ee7","item":"https:\/\/tru-life.com.vn\/en\/"},{"@type":"ListItem","position":2,"name":"C\u1eeda h\u00e0ng","item":"https:\/\/tru-life.com.vn\/en\/cua-hang\/"},{"@type":"ListItem","position":3,"name":"Th\u0103n ngo\u1ea1i b\u00f2 Wagyu Nh\u1eadt Satsuma A4"}]},{"@type":"WebSite","@id":"https:\/\/tru-life.com.vn\/en\/#website","url":"https:\/\/tru-life.com.vn\/en\/","name":"Tru-Life","description":"Nh\u1eadp Kh\u1ea9u &amp; Ph\u00e2n Ph\u1ed1i Th\u1ef1c Ph\u1ea9m Cao C\u1ea5p","publisher":{"@id":"https:\/\/tru-life.com.vn\/en\/#organization"},"potentialAction":[{"@type":"SearchAction","target":{"@type":"EntryPoint","urlTemplate":"https:\/\/tru-life.com.vn\/en\/?s={search_term_string}"},"query-input":{"@type":"PropertyValueSpecification","valueRequired":true,"valueName":"search_term_string"}}],"inLanguage":"en-US"},{"@type":"Organization","@id":"https:\/\/tru-life.com.vn\/en\/#organization","name":"C\u00d4NG TY C\u1ed4 PH\u1ea6N TRU-LIFE VI\u1ec6T NAM","url":"https:\/\/tru-life.com.vn\/en\/","logo":{"@type":"ImageObject","inLanguage":"en-US","@id":"https:\/\/tru-life.com.vn\/en\/#\/schema\/logo\/image\/","url":"https:\/\/tru-life.com.vn\/wp-content\/uploads\/2020\/08\/logo.png","contentUrl":"https:\/\/tru-life.com.vn\/wp-content\/uploads\/2020\/08\/logo.png","width":416,"height":159,"caption":"C\u00d4NG TY C\u1ed4 PH\u1ea6N TRU-LIFE VI\u1ec6T NAM"},"image":{"@id":"https:\/\/tru-life.com.vn\/en\/#\/schema\/logo\/image\/"},"sameAs":["https:\/\/www.facebook.com\/TruLife.VietNam.Headoffice\/","https:\/\/www.instagram.com\/trulifevietnam\/","https:\/\/www.linkedin.com\/company\/tru-life-vietnam"]}]}},"_links":{"self":[{"href":"https:\/\/tru-life.com.vn\/en\/wp-json\/wp\/v2\/product\/58458","targetHints":{"allow":["GET"]}}],"collection":[{"href":"https:\/\/tru-life.com.vn\/en\/wp-json\/wp\/v2\/product"}],"about":[{"href":"https:\/\/tru-life.com.vn\/en\/wp-json\/wp\/v2\/types\/product"}],"wp:featuredmedia":[{"embeddable":true,"href":"https:\/\/tru-life.com.vn\/en\/wp-json\/wp\/v2\/media\/58657"}],"wp:attachment":[{"href":"https:\/\/tru-life.com.vn\/en\/wp-json\/wp\/v2\/media?parent=58458"}],"wp:term":[{"taxonomy":"product_origin","embeddable":true,"href":"https:\/\/tru-life.com.vn\/en\/wp-json\/wp\/v2\/product_origin?post=58458"},{"taxonomy":"product_brand","embeddable":true,"href":"https:\/\/tru-life.com.vn\/en\/wp-json\/wp\/v2\/product_brand?post=58458"},{"taxonomy":"product_cat","embeddable":true,"href":"https:\/\/tru-life.com.vn\/en\/wp-json\/wp\/v2\/product_cat?post=58458"},{"taxonomy":"product_tag","embeddable":true,"href":"https:\/\/tru-life.com.vn\/en\/wp-json\/wp\/v2\/product_tag?post=58458"}],"curies":[{"name":"wp","href":"https:\/\/api.w.org\/{rel}","templated":true}]}}