{"id":58393,"date":"2025-11-08T17:33:49","date_gmt":"2025-11-08T10:33:49","guid":{"rendered":"https:\/\/tru-life.com.vn\/?post_type=product&#038;p=58393"},"modified":"2026-01-14T10:22:25","modified_gmt":"2026-01-14T03:22:25","slug":"dau-than-ngoai-bo-uc-angus-pure","status":"publish","type":"product","link":"https:\/\/tru-life.com.vn\/en\/product\/dau-than-ngoai-bo-uc-angus-pure\/","title":{"rendered":"Pure Australian Angus Beef Tenderloin \u2013 150 days grain fed"},"content":{"rendered":"<p>Angus Pure Cube Roll (Ribeye) is remarkably tender, featuring a natural sweetness and the signature rich, buttery aroma of premium grain-fed beef<\/p>\n<p>Angus Pure Cube Roll is ideal for roasting or slicing into steaks. When pan-seared or grilled at high temperatures, the marbling melts into the meat, creating an Angus Pure steak that is incredibly fragrant, succulent, and bursting with rich flavor<\/p>\n<h2>Origin<\/h2>\n<p>All Angus Pure cattle are sourced from the southern regions of Australia, where the environment provides ideal conditions for weight gain, pristine pastures, and superior animal welfare outcomes.<\/p>\n<p>Our farms are located in South Australia and supported by the latest farming practices, where Angus Pure cattle roam freely and grow healthily. This perfect natural environment contributes to the world-renowned Australian Angus Pure beef, celebrated for its tender texture, natural sweetness, and distinctive aroma.<\/p>\n<p>Angus Pure cattle are raised on a 150-day grain-fed diet. Our signature feeding program is specifically designed to distinguish Angus Pure Grain Fed beef from the rest. Combined with a steadfast commitment to quality, this ensures a consistently superior marbling across all Angus Pure Grain Fed cuts<\/p>\n<h2>Classification<\/h2>\n<p>The Ribeye is taken from the forequarter section, known for its luxurious marbling and fine muscle texture. With MB6-8 marbling, the cut delivers an exquisite balance of tenderness, juiciness, and rich Wagyu flavor as a true reflection of the Tajima Wagyu heritage.<\/p>\n<h2>Product Code \/ Type \/ Brand<\/h2>\n<p>Thomas Foods International (TFI) has always been a business driven by family values. With a steadfast focus on animal welfare, sustainable farming, and rigorous quality control, Thomas Foods' beef is consistently ranked among the finest in the world.<\/p>\n<p>&nbsp;<\/p>","protected":false},"excerpt":{"rendered":"<p>\u0110\u1ea7u th\u0103n ngo\u1ea1i b\u00f2 Angus Pure (Cube Roll) m\u1ec1m, v\u1ecb ng\u1ecdt t\u1ef1 nhi\u00ean v\u00e0 h\u01b0\u01a1ng th\u01a1m b\u00e9o ng\u1eady \u0111\u1eb7c tr\u01b0ng c\u1ee7a ng\u0169 c\u1ed1c. Ph\u1ea7n \u0111\u1ea7u th\u0103n ngo\u1ea1i b\u00f2 \u00dac Angus Pure l\u00fd t\u01b0\u1edfng \u0111\u1ec3 n\u01b0\u1edbng ho\u1eb7c c\u1eaft l\u00e1t l\u00e0m steak, \u0111\u1eb7c bi\u1ec7t khi \u00e1p ch\u1ea3o ho\u1eb7c n\u01b0\u1edbng \u1edf nhi\u1ec7t \u0111\u1ed9 cao, gi\u00fap l\u1edbp m\u1ee1 tan [&hellip;]<\/p>","protected":false},"featured_media":58394,"template":"","meta":{"_acf_changed":false},"product_origin":[43078],"product_brand":[43068],"product_cat":[43067,43069],"product_tag":[],"class_list":{"0":"post-58393","1":"product","2":"type-product","3":"status-publish","4":"has-post-thumbnail","6":"product_origin-australia","7":"product_brand-anguspure","8":"product_cat-thit","9":"product_cat-bo-tuoi","11":"first","12":"instock","13":"shipping-taxable","14":"purchasable","15":"product-type-variable","16":"has-default-attributes"},"acf":[],"yoast_head":"<!-- This site is optimized with the Yoast SEO plugin v26.5 - https:\/\/yoast.com\/wordpress\/plugins\/seo\/ -->\n<title>\u0110\u1ea7u th\u0103n ngo\u1ea1i b\u00f2 \u00dac Angus Pure - 150 ng\u00e0y \u0103n ng\u0169 c\u1ed1c - Tru-Life<\/title>\n<meta name=\"description\" content=\"Ph\u1ea7n \u0111\u1ea7u th\u0103n ngo\u1ea1i b\u00f2 \u00dac Angus Pure l\u00fd t\u01b0\u1edfng \u0111\u1ec3 n\u01b0\u1edbng ho\u1eb7c c\u1eaft l\u00e1t l\u00e0m steak, \u0111\u1eb7c bi\u1ec7t khi \u00e1p ch\u1ea3o ho\u1eb7c n\u01b0\u1edbng \u1edf nhi\u1ec7t \u0111\u1ed9 cao\" \/>\n<meta name=\"robots\" content=\"index, follow, max-snippet:-1, max-image-preview:large, max-video-preview:-1\" \/>\n<link rel=\"canonical\" href=\"https:\/\/tru-life.com.vn\/en\/product\/dau-than-ngoai-bo-uc-angus-pure\/\" \/>\n<script type=\"application\/ld+json\" class=\"yoast-schema-graph\">{\"@context\":\"https:\/\/schema.org\",\"@graph\":[{\"@type\":\"WebPage\",\"@id\":\"https:\/\/tru-life.com.vn\/en\/product\/dau-than-ngoai-bo-uc-angus-pure\/\",\"url\":\"https:\/\/tru-life.com.vn\/en\/product\/dau-than-ngoai-bo-uc-angus-pure\/\",\"name\":\"\u0110\u1ea7u th\u0103n ngo\u1ea1i b\u00f2 \u00dac Angus Pure - 150 ng\u00e0y \u0103n ng\u0169 c\u1ed1c - Tru-Life\",\"isPartOf\":{\"@id\":\"https:\/\/tru-life.com.vn\/en\/#website\"},\"primaryImageOfPage\":{\"@id\":\"https:\/\/tru-life.com.vn\/en\/product\/dau-than-ngoai-bo-uc-angus-pure\/#primaryimage\"},\"image\":{\"@id\":\"https:\/\/tru-life.com.vn\/en\/product\/dau-than-ngoai-bo-uc-angus-pure\/#primaryimage\"},\"thumbnailUrl\":\"https:\/\/tru-life.com.vn\/wp-content\/uploads\/2025\/11\/0978de53-2750-4dda-9112-fe1674c6fefd.webp\",\"datePublished\":\"2025-11-08T10:33:49+00:00\",\"dateModified\":\"2026-01-14T03:22:25+00:00\",\"description\":\"Ph\u1ea7n \u0111\u1ea7u th\u0103n ngo\u1ea1i b\u00f2 \u00dac Angus Pure l\u00fd t\u01b0\u1edfng \u0111\u1ec3 n\u01b0\u1edbng ho\u1eb7c c\u1eaft l\u00e1t l\u00e0m steak, \u0111\u1eb7c bi\u1ec7t khi \u00e1p ch\u1ea3o ho\u1eb7c n\u01b0\u1edbng \u1edf nhi\u1ec7t \u0111\u1ed9 cao\",\"breadcrumb\":{\"@id\":\"https:\/\/tru-life.com.vn\/en\/product\/dau-than-ngoai-bo-uc-angus-pure\/#breadcrumb\"},\"inLanguage\":\"en-US\",\"potentialAction\":[{\"@type\":\"ReadAction\",\"target\":[\"https:\/\/tru-life.com.vn\/en\/product\/dau-than-ngoai-bo-uc-angus-pure\/\"]}]},{\"@type\":\"ImageObject\",\"inLanguage\":\"en-US\",\"@id\":\"https:\/\/tru-life.com.vn\/en\/product\/dau-than-ngoai-bo-uc-angus-pure\/#primaryimage\",\"url\":\"https:\/\/tru-life.com.vn\/wp-content\/uploads\/2025\/11\/0978de53-2750-4dda-9112-fe1674c6fefd.webp\",\"contentUrl\":\"https:\/\/tru-life.com.vn\/wp-content\/uploads\/2025\/11\/0978de53-2750-4dda-9112-fe1674c6fefd.webp\",\"width\":900,\"height\":900},{\"@type\":\"BreadcrumbList\",\"@id\":\"https:\/\/tru-life.com.vn\/en\/product\/dau-than-ngoai-bo-uc-angus-pure\/#breadcrumb\",\"itemListElement\":[{\"@type\":\"ListItem\",\"position\":1,\"name\":\"Trang ch\u1ee7\",\"item\":\"https:\/\/tru-life.com.vn\/en\/\"},{\"@type\":\"ListItem\",\"position\":2,\"name\":\"C\u1eeda h\u00e0ng\",\"item\":\"https:\/\/tru-life.com.vn\/en\/cua-hang\/\"},{\"@type\":\"ListItem\",\"position\":3,\"name\":\"\u0110\u1ea7u th\u0103n ngo\u1ea1i b\u00f2 \u00dac Angus Pure &#8211; 150 ng\u00e0y \u0103n ng\u0169 c\u1ed1c\"}]},{\"@type\":\"WebSite\",\"@id\":\"https:\/\/tru-life.com.vn\/en\/#website\",\"url\":\"https:\/\/tru-life.com.vn\/en\/\",\"name\":\"Tru-Life\",\"description\":\"Nh\u1eadp Kh\u1ea9u &amp; Ph\u00e2n Ph\u1ed1i Th\u1ef1c Ph\u1ea9m Cao C\u1ea5p\",\"publisher\":{\"@id\":\"https:\/\/tru-life.com.vn\/en\/#organization\"},\"potentialAction\":[{\"@type\":\"SearchAction\",\"target\":{\"@type\":\"EntryPoint\",\"urlTemplate\":\"https:\/\/tru-life.com.vn\/en\/?s={search_term_string}\"},\"query-input\":{\"@type\":\"PropertyValueSpecification\",\"valueRequired\":true,\"valueName\":\"search_term_string\"}}],\"inLanguage\":\"en-US\"},{\"@type\":\"Organization\",\"@id\":\"https:\/\/tru-life.com.vn\/en\/#organization\",\"name\":\"C\u00d4NG TY C\u1ed4 PH\u1ea6N TRU-LIFE VI\u1ec6T NAM\",\"url\":\"https:\/\/tru-life.com.vn\/en\/\",\"logo\":{\"@type\":\"ImageObject\",\"inLanguage\":\"en-US\",\"@id\":\"https:\/\/tru-life.com.vn\/en\/#\/schema\/logo\/image\/\",\"url\":\"https:\/\/tru-life.com.vn\/wp-content\/uploads\/2020\/08\/logo.png\",\"contentUrl\":\"https:\/\/tru-life.com.vn\/wp-content\/uploads\/2020\/08\/logo.png\",\"width\":416,\"height\":159,\"caption\":\"C\u00d4NG TY C\u1ed4 PH\u1ea6N TRU-LIFE VI\u1ec6T NAM\"},\"image\":{\"@id\":\"https:\/\/tru-life.com.vn\/en\/#\/schema\/logo\/image\/\"},\"sameAs\":[\"https:\/\/www.facebook.com\/TruLife.VietNam.Headoffice\/\",\"https:\/\/www.instagram.com\/trulifevietnam\/\",\"https:\/\/www.linkedin.com\/company\/tru-life-vietnam\"]}]}<\/script>\n<!-- \/ Yoast SEO plugin. -->","yoast_head_json":{"title":"\u0110\u1ea7u th\u0103n ngo\u1ea1i b\u00f2 \u00dac Angus Pure - 150 ng\u00e0y \u0103n ng\u0169 c\u1ed1c - Tru-Life","description":"Ph\u1ea7n \u0111\u1ea7u th\u0103n ngo\u1ea1i b\u00f2 \u00dac Angus Pure l\u00fd t\u01b0\u1edfng \u0111\u1ec3 n\u01b0\u1edbng ho\u1eb7c c\u1eaft l\u00e1t l\u00e0m steak, \u0111\u1eb7c bi\u1ec7t khi \u00e1p ch\u1ea3o ho\u1eb7c n\u01b0\u1edbng \u1edf nhi\u1ec7t \u0111\u1ed9 cao","robots":{"index":"index","follow":"follow","max-snippet":"max-snippet:-1","max-image-preview":"max-image-preview:large","max-video-preview":"max-video-preview:-1"},"canonical":"https:\/\/tru-life.com.vn\/en\/product\/dau-than-ngoai-bo-uc-angus-pure\/","schema":{"@context":"https:\/\/schema.org","@graph":[{"@type":"WebPage","@id":"https:\/\/tru-life.com.vn\/en\/product\/dau-than-ngoai-bo-uc-angus-pure\/","url":"https:\/\/tru-life.com.vn\/en\/product\/dau-than-ngoai-bo-uc-angus-pure\/","name":"\u0110\u1ea7u th\u0103n ngo\u1ea1i b\u00f2 \u00dac Angus Pure - 150 ng\u00e0y \u0103n ng\u0169 c\u1ed1c - Tru-Life","isPartOf":{"@id":"https:\/\/tru-life.com.vn\/en\/#website"},"primaryImageOfPage":{"@id":"https:\/\/tru-life.com.vn\/en\/product\/dau-than-ngoai-bo-uc-angus-pure\/#primaryimage"},"image":{"@id":"https:\/\/tru-life.com.vn\/en\/product\/dau-than-ngoai-bo-uc-angus-pure\/#primaryimage"},"thumbnailUrl":"https:\/\/tru-life.com.vn\/wp-content\/uploads\/2025\/11\/0978de53-2750-4dda-9112-fe1674c6fefd.webp","datePublished":"2025-11-08T10:33:49+00:00","dateModified":"2026-01-14T03:22:25+00:00","description":"Ph\u1ea7n \u0111\u1ea7u th\u0103n ngo\u1ea1i b\u00f2 \u00dac Angus Pure l\u00fd t\u01b0\u1edfng \u0111\u1ec3 n\u01b0\u1edbng ho\u1eb7c c\u1eaft l\u00e1t l\u00e0m steak, \u0111\u1eb7c bi\u1ec7t khi \u00e1p ch\u1ea3o ho\u1eb7c n\u01b0\u1edbng \u1edf nhi\u1ec7t \u0111\u1ed9 cao","breadcrumb":{"@id":"https:\/\/tru-life.com.vn\/en\/product\/dau-than-ngoai-bo-uc-angus-pure\/#breadcrumb"},"inLanguage":"en-US","potentialAction":[{"@type":"ReadAction","target":["https:\/\/tru-life.com.vn\/en\/product\/dau-than-ngoai-bo-uc-angus-pure\/"]}]},{"@type":"ImageObject","inLanguage":"en-US","@id":"https:\/\/tru-life.com.vn\/en\/product\/dau-than-ngoai-bo-uc-angus-pure\/#primaryimage","url":"https:\/\/tru-life.com.vn\/wp-content\/uploads\/2025\/11\/0978de53-2750-4dda-9112-fe1674c6fefd.webp","contentUrl":"https:\/\/tru-life.com.vn\/wp-content\/uploads\/2025\/11\/0978de53-2750-4dda-9112-fe1674c6fefd.webp","width":900,"height":900},{"@type":"BreadcrumbList","@id":"https:\/\/tru-life.com.vn\/en\/product\/dau-than-ngoai-bo-uc-angus-pure\/#breadcrumb","itemListElement":[{"@type":"ListItem","position":1,"name":"Trang ch\u1ee7","item":"https:\/\/tru-life.com.vn\/en\/"},{"@type":"ListItem","position":2,"name":"C\u1eeda h\u00e0ng","item":"https:\/\/tru-life.com.vn\/en\/cua-hang\/"},{"@type":"ListItem","position":3,"name":"\u0110\u1ea7u th\u0103n ngo\u1ea1i b\u00f2 \u00dac Angus Pure &#8211; 150 ng\u00e0y \u0103n ng\u0169 c\u1ed1c"}]},{"@type":"WebSite","@id":"https:\/\/tru-life.com.vn\/en\/#website","url":"https:\/\/tru-life.com.vn\/en\/","name":"Tru-Life","description":"Nh\u1eadp Kh\u1ea9u &amp; Ph\u00e2n Ph\u1ed1i Th\u1ef1c Ph\u1ea9m Cao C\u1ea5p","publisher":{"@id":"https:\/\/tru-life.com.vn\/en\/#organization"},"potentialAction":[{"@type":"SearchAction","target":{"@type":"EntryPoint","urlTemplate":"https:\/\/tru-life.com.vn\/en\/?s={search_term_string}"},"query-input":{"@type":"PropertyValueSpecification","valueRequired":true,"valueName":"search_term_string"}}],"inLanguage":"en-US"},{"@type":"Organization","@id":"https:\/\/tru-life.com.vn\/en\/#organization","name":"C\u00d4NG TY C\u1ed4 PH\u1ea6N TRU-LIFE VI\u1ec6T NAM","url":"https:\/\/tru-life.com.vn\/en\/","logo":{"@type":"ImageObject","inLanguage":"en-US","@id":"https:\/\/tru-life.com.vn\/en\/#\/schema\/logo\/image\/","url":"https:\/\/tru-life.com.vn\/wp-content\/uploads\/2020\/08\/logo.png","contentUrl":"https:\/\/tru-life.com.vn\/wp-content\/uploads\/2020\/08\/logo.png","width":416,"height":159,"caption":"C\u00d4NG TY C\u1ed4 PH\u1ea6N TRU-LIFE VI\u1ec6T NAM"},"image":{"@id":"https:\/\/tru-life.com.vn\/en\/#\/schema\/logo\/image\/"},"sameAs":["https:\/\/www.facebook.com\/TruLife.VietNam.Headoffice\/","https:\/\/www.instagram.com\/trulifevietnam\/","https:\/\/www.linkedin.com\/company\/tru-life-vietnam"]}]}},"_links":{"self":[{"href":"https:\/\/tru-life.com.vn\/en\/wp-json\/wp\/v2\/product\/58393","targetHints":{"allow":["GET"]}}],"collection":[{"href":"https:\/\/tru-life.com.vn\/en\/wp-json\/wp\/v2\/product"}],"about":[{"href":"https:\/\/tru-life.com.vn\/en\/wp-json\/wp\/v2\/types\/product"}],"wp:featuredmedia":[{"embeddable":true,"href":"https:\/\/tru-life.com.vn\/en\/wp-json\/wp\/v2\/media\/58394"}],"wp:attachment":[{"href":"https:\/\/tru-life.com.vn\/en\/wp-json\/wp\/v2\/media?parent=58393"}],"wp:term":[{"taxonomy":"product_origin","embeddable":true,"href":"https:\/\/tru-life.com.vn\/en\/wp-json\/wp\/v2\/product_origin?post=58393"},{"taxonomy":"product_brand","embeddable":true,"href":"https:\/\/tru-life.com.vn\/en\/wp-json\/wp\/v2\/product_brand?post=58393"},{"taxonomy":"product_cat","embeddable":true,"href":"https:\/\/tru-life.com.vn\/en\/wp-json\/wp\/v2\/product_cat?post=58393"},{"taxonomy":"product_tag","embeddable":true,"href":"https:\/\/tru-life.com.vn\/en\/wp-json\/wp\/v2\/product_tag?post=58393"}],"curies":[{"name":"wp","href":"https:\/\/api.w.org\/{rel}","templated":true}]}}