{"id":58391,"date":"2025-11-08T17:28:38","date_gmt":"2025-11-08T10:28:38","guid":{"rendered":"https:\/\/tru-life.com.vn\/?post_type=product&#038;p=58391"},"modified":"2026-01-14T10:23:23","modified_gmt":"2026-01-14T03:23:23","slug":"than-noi-bo-uc-angus-pure","status":"publish","type":"product","link":"https:\/\/tru-life.com.vn\/en\/product\/than-noi-bo-uc-angus-pure\/","title":{"rendered":"Pure Australian Angus Beef Tenderloin \u2013 150 days grain fed"},"content":{"rendered":"<p>Angus Pure Tenderloin: Perfectly marbled and incredibly tender. Whether grilled or seared, this premium cut delivers a juicy, flavorful, and elite steak dining experience<\/p>\n<h2>The Origin of Angus Pure Tenderloin Beef<\/h2>\n<p>All Angus Pure cattle are sourced from the southern regions of Australia, where the environment provides ideal conditions for weight gain, pristine pastures, and superior animal welfare outcomes.<\/p>\n<p>Our farms are located in South Australia and supported by the latest farming practices, where Angus Pure cattle roam freely and grow healthily. This perfect natural environment contributes to the world-renowned Australian Angus Pure beef, celebrated for its tender texture, natural sweetness, and distinctive aroma.<\/p>\n<p>Angus Pure cattle are raised on a 150-day grain-fed diet. Our signature feeding program is specifically designed to distinguish Angus Pure Grain Fed beef from the rest. Combined with a steadfast commitment to quality, this ensures a consistently superior marbling across all Angus Pure Grain Fed cuts<\/p>\n<h2>Classification<\/h2>\n<p>The Tenderloin is the most tender cut of WinterFrost American Wagyu, featuring fine-grained, velvety texture and delicate flavor. Sourced from the hind loin and trimmed to retain the side muscle, it offers a perfect balance of tenderness and depth of flavor.<\/p>\n<h2>Product Code \/ Type \/ Brand<\/h2>\n<p>Thomas Foods International (TFI) has always been a business driven by family values. With a steadfast focus on animal welfare, sustainable farming, and rigorous quality control, Thomas Foods' beef is consistently ranked among the finest in the world.<\/p>\n<p>*Note: This product is sold with whole sale packaging only, not cut into retail pieces.<\/p>","protected":false},"excerpt":{"rendered":"<p>Th\u0103n n\u1ed9i b\u00f2 Angus Pure m\u1ec1m m\u1ea1i, v\u00e2n m\u1ee1 \u0111\u1ed3ng \u0111\u1ec1u, l\u00fd t\u01b0\u1edfng \u0111\u1ec3 n\u01b0\u1edbng ho\u1eb7c \u00e1p ch\u1ea3o, mang \u0111\u1ebfn tr\u1ea3i nghi\u1ec7m steak \u0111\u1eb3ng c\u1ea5p, m\u1ecdng n\u01b0\u1edbc v\u00e0 h\u01b0\u01a1ng v\u1ecb th\u01a1m b\u00e9o \u0111\u1eb7c tr\u01b0ng. Ngu\u1ed3n g\u1ed1c th\u0103n n\u1ed9i b\u00f2 \u00dac Angus Pure T\u1ea5t c\u1ea3 gia s\u00fac b\u00f2 Angus Pure \u0111\u1ec1u c\u00f3 ngu\u1ed3n g\u1ed1c t\u1eeb c\u00e1c [&hellip;]<\/p>","protected":false},"featured_media":58392,"template":"","meta":{"_acf_changed":false},"product_origin":[43078],"product_brand":[43068],"product_cat":[43067,43069],"product_tag":[],"class_list":{"0":"post-58391","1":"product","2":"type-product","3":"status-publish","4":"has-post-thumbnail","6":"product_origin-australia","7":"product_brand-anguspure","8":"product_cat-thit","9":"product_cat-bo-tuoi","11":"first","12":"instock","13":"shipping-taxable","14":"purchasable","15":"product-type-simple"},"acf":[],"yoast_head":"<!-- This site is optimized with the Yoast SEO plugin v26.5 - https:\/\/yoast.com\/wordpress\/plugins\/seo\/ -->\n<title>Th\u0103n n\u1ed9i b\u00f2 \u00dac Angus Pure - 150 ng\u00e0y \u0103n ng\u0169 c\u1ed1c - Tru-Life<\/title>\n<meta name=\"description\" content=\"Th\u0103n n\u1ed9i b\u00f2 Angus Pure m\u1ec1m m\u1ea1i, v\u00e2n m\u1ee1 \u0111\u1ed3ng \u0111\u1ec1u, l\u00fd t\u01b0\u1edfng \u0111\u1ec3 n\u01b0\u1edbng ho\u1eb7c \u00e1p ch\u1ea3o, mang \u0111\u1ebfn tr\u1ea3i nghi\u1ec7m steak \u0111\u1eb3ng c\u1ea5p, m\u1ecdng n\u01b0\u1edbc\" \/>\n<meta name=\"robots\" content=\"index, follow, max-snippet:-1, max-image-preview:large, max-video-preview:-1\" \/>\n<link rel=\"canonical\" href=\"https:\/\/tru-life.com.vn\/en\/product\/than-noi-bo-uc-angus-pure\/\" \/>\n<script type=\"application\/ld+json\" class=\"yoast-schema-graph\">{\"@context\":\"https:\/\/schema.org\",\"@graph\":[{\"@type\":\"WebPage\",\"@id\":\"https:\/\/tru-life.com.vn\/en\/product\/than-noi-bo-uc-angus-pure\/\",\"url\":\"https:\/\/tru-life.com.vn\/en\/product\/than-noi-bo-uc-angus-pure\/\",\"name\":\"Th\u0103n n\u1ed9i b\u00f2 \u00dac Angus Pure - 150 ng\u00e0y \u0103n ng\u0169 c\u1ed1c - Tru-Life\",\"isPartOf\":{\"@id\":\"https:\/\/tru-life.com.vn\/en\/#website\"},\"primaryImageOfPage\":{\"@id\":\"https:\/\/tru-life.com.vn\/en\/product\/than-noi-bo-uc-angus-pure\/#primaryimage\"},\"image\":{\"@id\":\"https:\/\/tru-life.com.vn\/en\/product\/than-noi-bo-uc-angus-pure\/#primaryimage\"},\"thumbnailUrl\":\"https:\/\/tru-life.com.vn\/wp-content\/uploads\/2025\/11\/Tenderloin-Angus.webp\",\"datePublished\":\"2025-11-08T10:28:38+00:00\",\"dateModified\":\"2026-01-14T03:23:23+00:00\",\"description\":\"Th\u0103n n\u1ed9i b\u00f2 Angus Pure m\u1ec1m m\u1ea1i, v\u00e2n m\u1ee1 \u0111\u1ed3ng \u0111\u1ec1u, l\u00fd t\u01b0\u1edfng \u0111\u1ec3 n\u01b0\u1edbng ho\u1eb7c \u00e1p ch\u1ea3o, mang \u0111\u1ebfn tr\u1ea3i nghi\u1ec7m steak \u0111\u1eb3ng c\u1ea5p, m\u1ecdng n\u01b0\u1edbc\",\"breadcrumb\":{\"@id\":\"https:\/\/tru-life.com.vn\/en\/product\/than-noi-bo-uc-angus-pure\/#breadcrumb\"},\"inLanguage\":\"en-US\",\"potentialAction\":[{\"@type\":\"ReadAction\",\"target\":[\"https:\/\/tru-life.com.vn\/en\/product\/than-noi-bo-uc-angus-pure\/\"]}]},{\"@type\":\"ImageObject\",\"inLanguage\":\"en-US\",\"@id\":\"https:\/\/tru-life.com.vn\/en\/product\/than-noi-bo-uc-angus-pure\/#primaryimage\",\"url\":\"https:\/\/tru-life.com.vn\/wp-content\/uploads\/2025\/11\/Tenderloin-Angus.webp\",\"contentUrl\":\"https:\/\/tru-life.com.vn\/wp-content\/uploads\/2025\/11\/Tenderloin-Angus.webp\",\"width\":900,\"height\":900},{\"@type\":\"BreadcrumbList\",\"@id\":\"https:\/\/tru-life.com.vn\/en\/product\/than-noi-bo-uc-angus-pure\/#breadcrumb\",\"itemListElement\":[{\"@type\":\"ListItem\",\"position\":1,\"name\":\"Trang ch\u1ee7\",\"item\":\"https:\/\/tru-life.com.vn\/en\/\"},{\"@type\":\"ListItem\",\"position\":2,\"name\":\"C\u1eeda h\u00e0ng\",\"item\":\"https:\/\/tru-life.com.vn\/en\/cua-hang\/\"},{\"@type\":\"ListItem\",\"position\":3,\"name\":\"Th\u0103n n\u1ed9i b\u00f2 \u00dac Angus Pure &#8211; 150 ng\u00e0y \u0103n ng\u0169 c\u1ed1c\"}]},{\"@type\":\"WebSite\",\"@id\":\"https:\/\/tru-life.com.vn\/en\/#website\",\"url\":\"https:\/\/tru-life.com.vn\/en\/\",\"name\":\"Tru-Life\",\"description\":\"Nh\u1eadp Kh\u1ea9u &amp; Ph\u00e2n Ph\u1ed1i Th\u1ef1c Ph\u1ea9m Cao C\u1ea5p\",\"publisher\":{\"@id\":\"https:\/\/tru-life.com.vn\/en\/#organization\"},\"potentialAction\":[{\"@type\":\"SearchAction\",\"target\":{\"@type\":\"EntryPoint\",\"urlTemplate\":\"https:\/\/tru-life.com.vn\/en\/?s={search_term_string}\"},\"query-input\":{\"@type\":\"PropertyValueSpecification\",\"valueRequired\":true,\"valueName\":\"search_term_string\"}}],\"inLanguage\":\"en-US\"},{\"@type\":\"Organization\",\"@id\":\"https:\/\/tru-life.com.vn\/en\/#organization\",\"name\":\"C\u00d4NG TY C\u1ed4 PH\u1ea6N TRU-LIFE VI\u1ec6T NAM\",\"url\":\"https:\/\/tru-life.com.vn\/en\/\",\"logo\":{\"@type\":\"ImageObject\",\"inLanguage\":\"en-US\",\"@id\":\"https:\/\/tru-life.com.vn\/en\/#\/schema\/logo\/image\/\",\"url\":\"https:\/\/tru-life.com.vn\/wp-content\/uploads\/2020\/08\/logo.png\",\"contentUrl\":\"https:\/\/tru-life.com.vn\/wp-content\/uploads\/2020\/08\/logo.png\",\"width\":416,\"height\":159,\"caption\":\"C\u00d4NG TY C\u1ed4 PH\u1ea6N TRU-LIFE VI\u1ec6T NAM\"},\"image\":{\"@id\":\"https:\/\/tru-life.com.vn\/en\/#\/schema\/logo\/image\/\"},\"sameAs\":[\"https:\/\/www.facebook.com\/TruLife.VietNam.Headoffice\/\",\"https:\/\/www.instagram.com\/trulifevietnam\/\",\"https:\/\/www.linkedin.com\/company\/tru-life-vietnam\"]}]}<\/script>\n<!-- \/ Yoast SEO plugin. -->","yoast_head_json":{"title":"Th\u0103n n\u1ed9i b\u00f2 \u00dac Angus Pure - 150 ng\u00e0y \u0103n ng\u0169 c\u1ed1c - Tru-Life","description":"Th\u0103n n\u1ed9i b\u00f2 Angus Pure m\u1ec1m m\u1ea1i, v\u00e2n m\u1ee1 \u0111\u1ed3ng \u0111\u1ec1u, l\u00fd t\u01b0\u1edfng \u0111\u1ec3 n\u01b0\u1edbng ho\u1eb7c \u00e1p ch\u1ea3o, mang \u0111\u1ebfn tr\u1ea3i nghi\u1ec7m steak \u0111\u1eb3ng c\u1ea5p, m\u1ecdng n\u01b0\u1edbc","robots":{"index":"index","follow":"follow","max-snippet":"max-snippet:-1","max-image-preview":"max-image-preview:large","max-video-preview":"max-video-preview:-1"},"canonical":"https:\/\/tru-life.com.vn\/en\/product\/than-noi-bo-uc-angus-pure\/","schema":{"@context":"https:\/\/schema.org","@graph":[{"@type":"WebPage","@id":"https:\/\/tru-life.com.vn\/en\/product\/than-noi-bo-uc-angus-pure\/","url":"https:\/\/tru-life.com.vn\/en\/product\/than-noi-bo-uc-angus-pure\/","name":"Th\u0103n n\u1ed9i b\u00f2 \u00dac Angus Pure - 150 ng\u00e0y \u0103n ng\u0169 c\u1ed1c - Tru-Life","isPartOf":{"@id":"https:\/\/tru-life.com.vn\/en\/#website"},"primaryImageOfPage":{"@id":"https:\/\/tru-life.com.vn\/en\/product\/than-noi-bo-uc-angus-pure\/#primaryimage"},"image":{"@id":"https:\/\/tru-life.com.vn\/en\/product\/than-noi-bo-uc-angus-pure\/#primaryimage"},"thumbnailUrl":"https:\/\/tru-life.com.vn\/wp-content\/uploads\/2025\/11\/Tenderloin-Angus.webp","datePublished":"2025-11-08T10:28:38+00:00","dateModified":"2026-01-14T03:23:23+00:00","description":"Th\u0103n n\u1ed9i b\u00f2 Angus Pure m\u1ec1m m\u1ea1i, v\u00e2n m\u1ee1 \u0111\u1ed3ng \u0111\u1ec1u, l\u00fd t\u01b0\u1edfng \u0111\u1ec3 n\u01b0\u1edbng ho\u1eb7c \u00e1p ch\u1ea3o, mang \u0111\u1ebfn tr\u1ea3i nghi\u1ec7m steak \u0111\u1eb3ng c\u1ea5p, m\u1ecdng n\u01b0\u1edbc","breadcrumb":{"@id":"https:\/\/tru-life.com.vn\/en\/product\/than-noi-bo-uc-angus-pure\/#breadcrumb"},"inLanguage":"en-US","potentialAction":[{"@type":"ReadAction","target":["https:\/\/tru-life.com.vn\/en\/product\/than-noi-bo-uc-angus-pure\/"]}]},{"@type":"ImageObject","inLanguage":"en-US","@id":"https:\/\/tru-life.com.vn\/en\/product\/than-noi-bo-uc-angus-pure\/#primaryimage","url":"https:\/\/tru-life.com.vn\/wp-content\/uploads\/2025\/11\/Tenderloin-Angus.webp","contentUrl":"https:\/\/tru-life.com.vn\/wp-content\/uploads\/2025\/11\/Tenderloin-Angus.webp","width":900,"height":900},{"@type":"BreadcrumbList","@id":"https:\/\/tru-life.com.vn\/en\/product\/than-noi-bo-uc-angus-pure\/#breadcrumb","itemListElement":[{"@type":"ListItem","position":1,"name":"Trang ch\u1ee7","item":"https:\/\/tru-life.com.vn\/en\/"},{"@type":"ListItem","position":2,"name":"C\u1eeda h\u00e0ng","item":"https:\/\/tru-life.com.vn\/en\/cua-hang\/"},{"@type":"ListItem","position":3,"name":"Th\u0103n n\u1ed9i b\u00f2 \u00dac Angus Pure &#8211; 150 ng\u00e0y \u0103n ng\u0169 c\u1ed1c"}]},{"@type":"WebSite","@id":"https:\/\/tru-life.com.vn\/en\/#website","url":"https:\/\/tru-life.com.vn\/en\/","name":"Tru-Life","description":"Nh\u1eadp Kh\u1ea9u &amp; Ph\u00e2n Ph\u1ed1i Th\u1ef1c Ph\u1ea9m Cao C\u1ea5p","publisher":{"@id":"https:\/\/tru-life.com.vn\/en\/#organization"},"potentialAction":[{"@type":"SearchAction","target":{"@type":"EntryPoint","urlTemplate":"https:\/\/tru-life.com.vn\/en\/?s={search_term_string}"},"query-input":{"@type":"PropertyValueSpecification","valueRequired":true,"valueName":"search_term_string"}}],"inLanguage":"en-US"},{"@type":"Organization","@id":"https:\/\/tru-life.com.vn\/en\/#organization","name":"C\u00d4NG TY C\u1ed4 PH\u1ea6N TRU-LIFE VI\u1ec6T NAM","url":"https:\/\/tru-life.com.vn\/en\/","logo":{"@type":"ImageObject","inLanguage":"en-US","@id":"https:\/\/tru-life.com.vn\/en\/#\/schema\/logo\/image\/","url":"https:\/\/tru-life.com.vn\/wp-content\/uploads\/2020\/08\/logo.png","contentUrl":"https:\/\/tru-life.com.vn\/wp-content\/uploads\/2020\/08\/logo.png","width":416,"height":159,"caption":"C\u00d4NG TY C\u1ed4 PH\u1ea6N TRU-LIFE VI\u1ec6T NAM"},"image":{"@id":"https:\/\/tru-life.com.vn\/en\/#\/schema\/logo\/image\/"},"sameAs":["https:\/\/www.facebook.com\/TruLife.VietNam.Headoffice\/","https:\/\/www.instagram.com\/trulifevietnam\/","https:\/\/www.linkedin.com\/company\/tru-life-vietnam"]}]}},"_links":{"self":[{"href":"https:\/\/tru-life.com.vn\/en\/wp-json\/wp\/v2\/product\/58391","targetHints":{"allow":["GET"]}}],"collection":[{"href":"https:\/\/tru-life.com.vn\/en\/wp-json\/wp\/v2\/product"}],"about":[{"href":"https:\/\/tru-life.com.vn\/en\/wp-json\/wp\/v2\/types\/product"}],"wp:featuredmedia":[{"embeddable":true,"href":"https:\/\/tru-life.com.vn\/en\/wp-json\/wp\/v2\/media\/58392"}],"wp:attachment":[{"href":"https:\/\/tru-life.com.vn\/en\/wp-json\/wp\/v2\/media?parent=58391"}],"wp:term":[{"taxonomy":"product_origin","embeddable":true,"href":"https:\/\/tru-life.com.vn\/en\/wp-json\/wp\/v2\/product_origin?post=58391"},{"taxonomy":"product_brand","embeddable":true,"href":"https:\/\/tru-life.com.vn\/en\/wp-json\/wp\/v2\/product_brand?post=58391"},{"taxonomy":"product_cat","embeddable":true,"href":"https:\/\/tru-life.com.vn\/en\/wp-json\/wp\/v2\/product_cat?post=58391"},{"taxonomy":"product_tag","embeddable":true,"href":"https:\/\/tru-life.com.vn\/en\/wp-json\/wp\/v2\/product_tag?post=58391"}],"curies":[{"name":"wp","href":"https:\/\/api.w.org\/{rel}","templated":true}]}}