{"id":58385,"date":"2025-11-08T17:00:14","date_gmt":"2025-11-08T10:00:14","guid":{"rendered":"https:\/\/tru-life.com.vn\/?post_type=product&#038;p=58385"},"modified":"2026-01-14T10:29:22","modified_gmt":"2026-01-14T03:29:22","slug":"dau-than-ngoai-bo-uc-coorong-black-100-ngay-an-ngu-coc","status":"publish","type":"product","link":"https:\/\/tru-life.com.vn\/en\/product\/dau-than-ngoai-bo-uc-coorong-black-100-ngay-an-ngu-coc\/","title":{"rendered":"\u0110\u1ea7u th\u0103n ngo\u1ea1i b\u00f2 \u00dac Coorong Black \u2013 100 ng\u00e0y \u0103n ng\u0169 c\u1ed1c"},"content":{"rendered":"<p>The Coorong Black Australian Beef Ribeye has a rich flavor and is often considered the most delicious cut of beef. The combination of fat marbling, intramuscular fat, and soft tissue structure creates a superb, rich, sweet, and savory flavor.<\/p>\n<h2>Origin<\/h2>\n<p>Coorong Black beef is raised in the Coorong region of South Australia, an area known for its pristine beauty, clean environment, and diverse ecosystem. These perfect natural conditions have created a source of premium Australian beef that is tender, juicy, and rich with distinctive flavor.<\/p>\n<p>The 100-day grain-fed Black Angus beef is verified, raised, and processed under a framework that maximizes tenderness and flavor, ensuring a world-class beef product.<\/p>\n<h2>Classification<\/h2>\n<p>The Ribeye is the lean loin section of the cow, also known as the \"rib eye\" or scotch fillet, which is the lean back muscle cut from the rib cage but without the bone.<\/p>\n<p>When you cut across a piece of Ribeye, you will see a strip of fat running through the middle of the cut, resembling an eye. This fat helps the beef become tender, fragrant, and rich when pan-seared or roasted at high temperatures.<\/p>\n<h2>Product Code \/ Type \/ Brand<\/h2>\n<p>Coorong Black Australian Beef is raised at the Wanderribby Feedlot, where meticulous care is taken to ensure superior quality.<\/p>\n<ul>\n<li>Manual selection of each cow meeting the highest standards<\/li>\n<li>Fed grain for a minimum of 100 days to develop marbling and natural sweetness.<\/li>\n<li>The special grain diet helps the meat become fragrant, rich (buttery\/fatty), tender, smooth, and highly nutritious.<\/li>\n<li>A strict grading process, ensuring consistency and international standards.<\/li>\n<li>Coorong Black Australian Beef (100 days grain-fed) has a strong commitment to animal welfare, sustainability, and quality control, meeting the standards of high-end restaurants and international export markets.<\/li>\n<\/ul>\n<p>&nbsp;<\/p>","protected":false},"excerpt":{"rendered":"<p>\u0110\u1ea7u th\u0103n ngo\u1ea1i b\u00f2 \u00dac Coorong Black c\u00f3 m\u1ed9t h\u01b0\u01a1ng v\u1ecb \u0111\u1eadm \u0111\u00e0 v\u00e0 th\u01b0\u1eddng \u0111\u01b0\u1ee3c coi l\u00e0 c\u00f3 h\u01b0\u01a1ng v\u1ecb ngon nh\u1ea5t trong c\u00e1c ph\u1ea7n th\u1ecbt b\u00f2. S\u1ef1 k\u1ebft h\u1ee3p gi\u1eefa m\u1ea1ch m\u1ee1, v\u00e2n m\u1ee1 v\u00e0 c\u1ea5u tr\u00fac m\u00f4 m\u1ec1m m\u1ea1i t\u1ea1o ra h\u01b0\u01a1ng v\u1ecb tuy\u1ec7t v\u1eddi, \u0111\u1eadm \u0111\u00e0, b\u00e9o ng\u1ecdt v\u00e0 th\u01a1m ngon. [&hellip;]<\/p>","protected":false},"featured_media":58386,"template":"","meta":{"_acf_changed":false},"product_origin":[43078],"product_brand":[43102],"product_cat":[43067,43069],"product_tag":[],"class_list":{"0":"post-58385","1":"product","2":"type-product","3":"status-publish","4":"has-post-thumbnail","6":"product_origin-australia","7":"product_brand-coorong-black","8":"product_cat-thit","9":"product_cat-bo-tuoi","11":"first","12":"instock","13":"shipping-taxable","14":"purchasable","15":"product-type-variable","16":"has-default-attributes"},"acf":[],"yoast_head":"<!-- This site is optimized with the Yoast SEO plugin v26.5 - https:\/\/yoast.com\/wordpress\/plugins\/seo\/ -->\n<title>\u0110\u1ea7u th\u0103n ngo\u1ea1i b\u00f2 \u00dac Coorong Black \u2013 100 ng\u00e0y \u0103n ng\u0169 c\u1ed1c - Tru-Life<\/title>\n<meta name=\"description\" content=\"\u0110\u1ea7u th\u0103n ngo\u1ea1i b\u00f2 \u00dac Coorong Black c\u00f3 m\u1ed9t h\u01b0\u01a1ng v\u1ecb \u0111\u1eadm \u0111\u00e0 v\u00e0 th\u01b0\u1eddng \u0111\u01b0\u1ee3c coi l\u00e0 c\u00f3 h\u01b0\u01a1ng v\u1ecb ngon nh\u1ea5t trong c\u00e1c ph\u1ea7n th\u1ecbt b\u00f2...\" \/>\n<meta name=\"robots\" content=\"index, follow, max-snippet:-1, max-image-preview:large, max-video-preview:-1\" \/>\n<link rel=\"canonical\" href=\"https:\/\/tru-life.com.vn\/en\/product\/dau-than-ngoai-bo-uc-coorong-black-100-ngay-an-ngu-coc\/\" \/>\n<script type=\"application\/ld+json\" class=\"yoast-schema-graph\">{\"@context\":\"https:\/\/schema.org\",\"@graph\":[{\"@type\":\"WebPage\",\"@id\":\"https:\/\/tru-life.com.vn\/en\/product\/dau-than-ngoai-bo-uc-coorong-black-100-ngay-an-ngu-coc\/\",\"url\":\"https:\/\/tru-life.com.vn\/en\/product\/dau-than-ngoai-bo-uc-coorong-black-100-ngay-an-ngu-coc\/\",\"name\":\"\u0110\u1ea7u th\u0103n ngo\u1ea1i b\u00f2 \u00dac Coorong Black \u2013 100 ng\u00e0y \u0103n ng\u0169 c\u1ed1c - Tru-Life\",\"isPartOf\":{\"@id\":\"https:\/\/tru-life.com.vn\/en\/#website\"},\"primaryImageOfPage\":{\"@id\":\"https:\/\/tru-life.com.vn\/en\/product\/dau-than-ngoai-bo-uc-coorong-black-100-ngay-an-ngu-coc\/#primaryimage\"},\"image\":{\"@id\":\"https:\/\/tru-life.com.vn\/en\/product\/dau-than-ngoai-bo-uc-coorong-black-100-ngay-an-ngu-coc\/#primaryimage\"},\"thumbnailUrl\":\"https:\/\/tru-life.com.vn\/wp-content\/uploads\/2025\/11\/491dc465-f93d-4f99-8ae2-17f6f96c942f.webp\",\"datePublished\":\"2025-11-08T10:00:14+00:00\",\"dateModified\":\"2026-01-14T03:29:22+00:00\",\"description\":\"\u0110\u1ea7u th\u0103n ngo\u1ea1i b\u00f2 \u00dac Coorong Black c\u00f3 m\u1ed9t h\u01b0\u01a1ng v\u1ecb \u0111\u1eadm \u0111\u00e0 v\u00e0 th\u01b0\u1eddng \u0111\u01b0\u1ee3c coi l\u00e0 c\u00f3 h\u01b0\u01a1ng v\u1ecb ngon nh\u1ea5t trong c\u00e1c ph\u1ea7n th\u1ecbt b\u00f2...\",\"breadcrumb\":{\"@id\":\"https:\/\/tru-life.com.vn\/en\/product\/dau-than-ngoai-bo-uc-coorong-black-100-ngay-an-ngu-coc\/#breadcrumb\"},\"inLanguage\":\"en-US\",\"potentialAction\":[{\"@type\":\"ReadAction\",\"target\":[\"https:\/\/tru-life.com.vn\/en\/product\/dau-than-ngoai-bo-uc-coorong-black-100-ngay-an-ngu-coc\/\"]}]},{\"@type\":\"ImageObject\",\"inLanguage\":\"en-US\",\"@id\":\"https:\/\/tru-life.com.vn\/en\/product\/dau-than-ngoai-bo-uc-coorong-black-100-ngay-an-ngu-coc\/#primaryimage\",\"url\":\"https:\/\/tru-life.com.vn\/wp-content\/uploads\/2025\/11\/491dc465-f93d-4f99-8ae2-17f6f96c942f.webp\",\"contentUrl\":\"https:\/\/tru-life.com.vn\/wp-content\/uploads\/2025\/11\/491dc465-f93d-4f99-8ae2-17f6f96c942f.webp\",\"width\":900,\"height\":900},{\"@type\":\"BreadcrumbList\",\"@id\":\"https:\/\/tru-life.com.vn\/en\/product\/dau-than-ngoai-bo-uc-coorong-black-100-ngay-an-ngu-coc\/#breadcrumb\",\"itemListElement\":[{\"@type\":\"ListItem\",\"position\":1,\"name\":\"Trang ch\u1ee7\",\"item\":\"https:\/\/tru-life.com.vn\/en\/\"},{\"@type\":\"ListItem\",\"position\":2,\"name\":\"C\u1eeda h\u00e0ng\",\"item\":\"https:\/\/tru-life.com.vn\/en\/cua-hang\/\"},{\"@type\":\"ListItem\",\"position\":3,\"name\":\"\u0110\u1ea7u th\u0103n ngo\u1ea1i b\u00f2 \u00dac Coorong Black \u2013 100 ng\u00e0y \u0103n ng\u0169 c\u1ed1c\"}]},{\"@type\":\"WebSite\",\"@id\":\"https:\/\/tru-life.com.vn\/en\/#website\",\"url\":\"https:\/\/tru-life.com.vn\/en\/\",\"name\":\"Tru-Life\",\"description\":\"Nh\u1eadp Kh\u1ea9u &amp; Ph\u00e2n Ph\u1ed1i Th\u1ef1c Ph\u1ea9m Cao C\u1ea5p\",\"publisher\":{\"@id\":\"https:\/\/tru-life.com.vn\/en\/#organization\"},\"potentialAction\":[{\"@type\":\"SearchAction\",\"target\":{\"@type\":\"EntryPoint\",\"urlTemplate\":\"https:\/\/tru-life.com.vn\/en\/?s={search_term_string}\"},\"query-input\":{\"@type\":\"PropertyValueSpecification\",\"valueRequired\":true,\"valueName\":\"search_term_string\"}}],\"inLanguage\":\"en-US\"},{\"@type\":\"Organization\",\"@id\":\"https:\/\/tru-life.com.vn\/en\/#organization\",\"name\":\"C\u00d4NG TY C\u1ed4 PH\u1ea6N TRU-LIFE VI\u1ec6T NAM\",\"url\":\"https:\/\/tru-life.com.vn\/en\/\",\"logo\":{\"@type\":\"ImageObject\",\"inLanguage\":\"en-US\",\"@id\":\"https:\/\/tru-life.com.vn\/en\/#\/schema\/logo\/image\/\",\"url\":\"https:\/\/tru-life.com.vn\/wp-content\/uploads\/2020\/08\/logo.png\",\"contentUrl\":\"https:\/\/tru-life.com.vn\/wp-content\/uploads\/2020\/08\/logo.png\",\"width\":416,\"height\":159,\"caption\":\"C\u00d4NG TY C\u1ed4 PH\u1ea6N TRU-LIFE VI\u1ec6T NAM\"},\"image\":{\"@id\":\"https:\/\/tru-life.com.vn\/en\/#\/schema\/logo\/image\/\"},\"sameAs\":[\"https:\/\/www.facebook.com\/TruLife.VietNam.Headoffice\/\",\"https:\/\/www.instagram.com\/trulifevietnam\/\",\"https:\/\/www.linkedin.com\/company\/tru-life-vietnam\"]}]}<\/script>\n<!-- \/ Yoast SEO plugin. -->","yoast_head_json":{"title":"\u0110\u1ea7u th\u0103n ngo\u1ea1i b\u00f2 \u00dac Coorong Black \u2013 100 ng\u00e0y \u0103n ng\u0169 c\u1ed1c - Tru-Life","description":"\u0110\u1ea7u th\u0103n ngo\u1ea1i b\u00f2 \u00dac Coorong Black c\u00f3 m\u1ed9t h\u01b0\u01a1ng v\u1ecb \u0111\u1eadm \u0111\u00e0 v\u00e0 th\u01b0\u1eddng \u0111\u01b0\u1ee3c coi l\u00e0 c\u00f3 h\u01b0\u01a1ng v\u1ecb ngon nh\u1ea5t trong c\u00e1c ph\u1ea7n th\u1ecbt b\u00f2...","robots":{"index":"index","follow":"follow","max-snippet":"max-snippet:-1","max-image-preview":"max-image-preview:large","max-video-preview":"max-video-preview:-1"},"canonical":"https:\/\/tru-life.com.vn\/en\/product\/dau-than-ngoai-bo-uc-coorong-black-100-ngay-an-ngu-coc\/","schema":{"@context":"https:\/\/schema.org","@graph":[{"@type":"WebPage","@id":"https:\/\/tru-life.com.vn\/en\/product\/dau-than-ngoai-bo-uc-coorong-black-100-ngay-an-ngu-coc\/","url":"https:\/\/tru-life.com.vn\/en\/product\/dau-than-ngoai-bo-uc-coorong-black-100-ngay-an-ngu-coc\/","name":"\u0110\u1ea7u th\u0103n ngo\u1ea1i b\u00f2 \u00dac Coorong Black \u2013 100 ng\u00e0y \u0103n ng\u0169 c\u1ed1c - Tru-Life","isPartOf":{"@id":"https:\/\/tru-life.com.vn\/en\/#website"},"primaryImageOfPage":{"@id":"https:\/\/tru-life.com.vn\/en\/product\/dau-than-ngoai-bo-uc-coorong-black-100-ngay-an-ngu-coc\/#primaryimage"},"image":{"@id":"https:\/\/tru-life.com.vn\/en\/product\/dau-than-ngoai-bo-uc-coorong-black-100-ngay-an-ngu-coc\/#primaryimage"},"thumbnailUrl":"https:\/\/tru-life.com.vn\/wp-content\/uploads\/2025\/11\/491dc465-f93d-4f99-8ae2-17f6f96c942f.webp","datePublished":"2025-11-08T10:00:14+00:00","dateModified":"2026-01-14T03:29:22+00:00","description":"\u0110\u1ea7u th\u0103n ngo\u1ea1i b\u00f2 \u00dac Coorong Black c\u00f3 m\u1ed9t h\u01b0\u01a1ng v\u1ecb \u0111\u1eadm \u0111\u00e0 v\u00e0 th\u01b0\u1eddng \u0111\u01b0\u1ee3c coi l\u00e0 c\u00f3 h\u01b0\u01a1ng v\u1ecb ngon nh\u1ea5t trong c\u00e1c ph\u1ea7n th\u1ecbt b\u00f2...","breadcrumb":{"@id":"https:\/\/tru-life.com.vn\/en\/product\/dau-than-ngoai-bo-uc-coorong-black-100-ngay-an-ngu-coc\/#breadcrumb"},"inLanguage":"en-US","potentialAction":[{"@type":"ReadAction","target":["https:\/\/tru-life.com.vn\/en\/product\/dau-than-ngoai-bo-uc-coorong-black-100-ngay-an-ngu-coc\/"]}]},{"@type":"ImageObject","inLanguage":"en-US","@id":"https:\/\/tru-life.com.vn\/en\/product\/dau-than-ngoai-bo-uc-coorong-black-100-ngay-an-ngu-coc\/#primaryimage","url":"https:\/\/tru-life.com.vn\/wp-content\/uploads\/2025\/11\/491dc465-f93d-4f99-8ae2-17f6f96c942f.webp","contentUrl":"https:\/\/tru-life.com.vn\/wp-content\/uploads\/2025\/11\/491dc465-f93d-4f99-8ae2-17f6f96c942f.webp","width":900,"height":900},{"@type":"BreadcrumbList","@id":"https:\/\/tru-life.com.vn\/en\/product\/dau-than-ngoai-bo-uc-coorong-black-100-ngay-an-ngu-coc\/#breadcrumb","itemListElement":[{"@type":"ListItem","position":1,"name":"Trang ch\u1ee7","item":"https:\/\/tru-life.com.vn\/en\/"},{"@type":"ListItem","position":2,"name":"C\u1eeda h\u00e0ng","item":"https:\/\/tru-life.com.vn\/en\/cua-hang\/"},{"@type":"ListItem","position":3,"name":"\u0110\u1ea7u th\u0103n ngo\u1ea1i b\u00f2 \u00dac Coorong Black \u2013 100 ng\u00e0y \u0103n ng\u0169 c\u1ed1c"}]},{"@type":"WebSite","@id":"https:\/\/tru-life.com.vn\/en\/#website","url":"https:\/\/tru-life.com.vn\/en\/","name":"Tru-Life","description":"Nh\u1eadp Kh\u1ea9u &amp; Ph\u00e2n Ph\u1ed1i Th\u1ef1c Ph\u1ea9m Cao C\u1ea5p","publisher":{"@id":"https:\/\/tru-life.com.vn\/en\/#organization"},"potentialAction":[{"@type":"SearchAction","target":{"@type":"EntryPoint","urlTemplate":"https:\/\/tru-life.com.vn\/en\/?s={search_term_string}"},"query-input":{"@type":"PropertyValueSpecification","valueRequired":true,"valueName":"search_term_string"}}],"inLanguage":"en-US"},{"@type":"Organization","@id":"https:\/\/tru-life.com.vn\/en\/#organization","name":"C\u00d4NG TY C\u1ed4 PH\u1ea6N TRU-LIFE VI\u1ec6T NAM","url":"https:\/\/tru-life.com.vn\/en\/","logo":{"@type":"ImageObject","inLanguage":"en-US","@id":"https:\/\/tru-life.com.vn\/en\/#\/schema\/logo\/image\/","url":"https:\/\/tru-life.com.vn\/wp-content\/uploads\/2020\/08\/logo.png","contentUrl":"https:\/\/tru-life.com.vn\/wp-content\/uploads\/2020\/08\/logo.png","width":416,"height":159,"caption":"C\u00d4NG TY C\u1ed4 PH\u1ea6N TRU-LIFE VI\u1ec6T NAM"},"image":{"@id":"https:\/\/tru-life.com.vn\/en\/#\/schema\/logo\/image\/"},"sameAs":["https:\/\/www.facebook.com\/TruLife.VietNam.Headoffice\/","https:\/\/www.instagram.com\/trulifevietnam\/","https:\/\/www.linkedin.com\/company\/tru-life-vietnam"]}]}},"_links":{"self":[{"href":"https:\/\/tru-life.com.vn\/en\/wp-json\/wp\/v2\/product\/58385","targetHints":{"allow":["GET"]}}],"collection":[{"href":"https:\/\/tru-life.com.vn\/en\/wp-json\/wp\/v2\/product"}],"about":[{"href":"https:\/\/tru-life.com.vn\/en\/wp-json\/wp\/v2\/types\/product"}],"wp:featuredmedia":[{"embeddable":true,"href":"https:\/\/tru-life.com.vn\/en\/wp-json\/wp\/v2\/media\/58386"}],"wp:attachment":[{"href":"https:\/\/tru-life.com.vn\/en\/wp-json\/wp\/v2\/media?parent=58385"}],"wp:term":[{"taxonomy":"product_origin","embeddable":true,"href":"https:\/\/tru-life.com.vn\/en\/wp-json\/wp\/v2\/product_origin?post=58385"},{"taxonomy":"product_brand","embeddable":true,"href":"https:\/\/tru-life.com.vn\/en\/wp-json\/wp\/v2\/product_brand?post=58385"},{"taxonomy":"product_cat","embeddable":true,"href":"https:\/\/tru-life.com.vn\/en\/wp-json\/wp\/v2\/product_cat?post=58385"},{"taxonomy":"product_tag","embeddable":true,"href":"https:\/\/tru-life.com.vn\/en\/wp-json\/wp\/v2\/product_tag?post=58385"}],"curies":[{"name":"wp","href":"https:\/\/api.w.org\/{rel}","templated":true}]}}