{"id":58347,"date":"2025-11-08T14:17:27","date_gmt":"2025-11-08T07:17:27","guid":{"rendered":"https:\/\/tru-life.com.vn\/?post_type=product&#038;p=58347"},"modified":"2025-12-31T09:49:09","modified_gmt":"2025-12-31T02:49:09","slug":"bao-ngu-bich-ho-uc-size-11-12-jade-tiger-abalone","status":"publish","type":"product","link":"https:\/\/tru-life.com.vn\/en\/product\/bao-ngu-bich-ho-uc-size-11-12-jade-tiger-abalone\/","title":{"rendered":"Australian Jade Tiger Abalone size 11\/12"},"content":{"rendered":"<p>Australian Jade Tiger Abalone, size 11\/12, offers a naturally sweet flavor and abundant nutritional value. The abalone provides a balance between culinary sophistication and health benefits, making it an ideal choice for wholesome family meals.<\/p>\n<h2>Origin of Australian Jade Tiger Abalone size 11\/12<\/h2>\n<p>Jade Tiger Abalone is a rare and premium type of abalone, cultivated in the pristine waters of the Great Southern Ocean, where cold currents rich in oxygen and nutrients flow from the Antarctic.<\/p>\n<p>A distinctive feature of this abalone species is its stunning jade green shell with vibrant tiger stripes, symbolizing the balance between nature's strength and finesse.<\/p>\n<p>The entire supply of Australian Jade Tiger Abalone is cultivated in a natural environment, without the use of antibiotics or growth hormones, ensuring absolute purity and safety for consumers.<\/p>\n<h2>Classification<\/h2>\n<p>Sashimi Grade is the highest level designated for seafood. Meeting this standard means the seafood can be safely consumed raw while maintaining a perfectly natural flavor.<\/p>\n<p>Jade Tiger Abalone size 11\/12, is processed under strict sanitary conditions and Individually Quick Frozen (IQF) to preserve the original texture, subtle sweetness, and characteristic crisp freshness of live abalone.<\/p>\n<h2>Product Code\/Type\/Brand<\/h2>\n<p>Jade Tiger Abalone is the only Australian abalone producer capable of supplying frozen, internationally-certified Jade Tiger Abalone size 11\/12<\/p>\n<p>The entire process of cultivating, processing, and packaging the Jade Tiger Abalone is carried out in systems that meet the highest food safety standards, delivering high-quality Jade Tiger Abalone products to customers.<\/p>\n<p>&nbsp;<\/p>","protected":false},"excerpt":{"rendered":"<p>B\u00e0o ng\u01b0 b\u00edch h\u1ed5 \u00dac size 11\/12 h\u01b0\u01a1ng v\u1ecb thanh ng\u1ecdt t\u1ef1 nhi\u00ean v\u00e0 gi\u00e1 tr\u1ecb dinh d\u01b0\u1ee1ng d\u1ed3i d\u00e0o, b\u00e0o ng\u01b0 mang \u0111\u1ebfn s\u1ef1 c\u00e2n b\u1eb1ng gi\u1eefa \u1ea9m th\u1ef1c tinh t\u1ebf v\u00e0 l\u1ee3i \u00edch s\u1ee9c kh\u1ecfe v\u00e0 l\u00e0 m\u1ed9t l\u1ef1a ch\u1ecdn l\u00fd t\u01b0\u1edfng cho nh\u1eefng b\u1eefa \u0103n gia \u0111\u00ecnh tr\u1ecdn v\u1ecb. Ngu\u1ed3n g\u1ed1c b\u00e0o [&hellip;]<\/p>","protected":false},"featured_media":58551,"template":"","meta":{"_acf_changed":false},"product_origin":[43078],"product_brand":[43123],"product_cat":[43065,43099],"product_tag":[],"class_list":{"0":"post-58347","1":"product","2":"type-product","3":"status-publish","4":"has-post-thumbnail","6":"product_origin-australia","7":"product_brand-jade-tiger-abalone","8":"product_cat-hai-san","9":"product_cat-hai-san-dong-lanh","11":"first","12":"instock","13":"shipping-taxable","14":"purchasable","15":"product-type-simple"},"acf":[],"yoast_head":"<!-- This site is optimized with the Yoast SEO plugin v26.5 - https:\/\/yoast.com\/wordpress\/plugins\/seo\/ -->\n<title>B\u00e0o ng\u01b0 b\u00edch h\u1ed5 \u00dac size 11\/12 - Jade Tiger Abalone - Tru-Life<\/title>\n<meta name=\"description\" content=\"B\u00e0o ng\u01b0 b\u00edch h\u1ed5 \u00dac size 11\/12 h\u01b0\u01a1ng v\u1ecb thanh ng\u1ecdt t\u1ef1 nhi\u00ean v\u00e0 gi\u00e1 tr\u1ecb dinh d\u01b0\u1ee1ng d\u1ed3i d\u00e0o, b\u00e0o ng\u01b0 mang \u0111\u1ebfn s\u1ef1 c\u00e2n b\u1eb1ng gi\u1eefa \u1ea9m th\u1ef1c tinh t\u1ebf\" \/>\n<meta name=\"robots\" content=\"index, follow, max-snippet:-1, max-image-preview:large, max-video-preview:-1\" \/>\n<link rel=\"canonical\" href=\"https:\/\/tru-life.com.vn\/en\/product\/bao-ngu-bich-ho-uc-size-11-12-jade-tiger-abalone\/\" \/>\n<script type=\"application\/ld+json\" class=\"yoast-schema-graph\">{\"@context\":\"https:\/\/schema.org\",\"@graph\":[{\"@type\":\"WebPage\",\"@id\":\"https:\/\/tru-life.com.vn\/en\/product\/bao-ngu-bich-ho-uc-size-11-12-jade-tiger-abalone\/\",\"url\":\"https:\/\/tru-life.com.vn\/en\/product\/bao-ngu-bich-ho-uc-size-11-12-jade-tiger-abalone\/\",\"name\":\"B\u00e0o ng\u01b0 b\u00edch h\u1ed5 \u00dac size 11\/12 - Jade Tiger Abalone - Tru-Life\",\"isPartOf\":{\"@id\":\"https:\/\/tru-life.com.vn\/en\/#website\"},\"primaryImageOfPage\":{\"@id\":\"https:\/\/tru-life.com.vn\/en\/product\/bao-ngu-bich-ho-uc-size-11-12-jade-tiger-abalone\/#primaryimage\"},\"image\":{\"@id\":\"https:\/\/tru-life.com.vn\/en\/product\/bao-ngu-bich-ho-uc-size-11-12-jade-tiger-abalone\/#primaryimage\"},\"thumbnailUrl\":\"https:\/\/tru-life.com.vn\/wp-content\/uploads\/2025\/11\/Bao-ngu-1kg.webp\",\"datePublished\":\"2025-11-08T07:17:27+00:00\",\"dateModified\":\"2025-12-31T02:49:09+00:00\",\"description\":\"B\u00e0o ng\u01b0 b\u00edch h\u1ed5 \u00dac size 11\/12 h\u01b0\u01a1ng v\u1ecb thanh ng\u1ecdt t\u1ef1 nhi\u00ean v\u00e0 gi\u00e1 tr\u1ecb dinh d\u01b0\u1ee1ng d\u1ed3i d\u00e0o, b\u00e0o ng\u01b0 mang \u0111\u1ebfn s\u1ef1 c\u00e2n b\u1eb1ng gi\u1eefa \u1ea9m th\u1ef1c tinh t\u1ebf\",\"breadcrumb\":{\"@id\":\"https:\/\/tru-life.com.vn\/en\/product\/bao-ngu-bich-ho-uc-size-11-12-jade-tiger-abalone\/#breadcrumb\"},\"inLanguage\":\"en-US\",\"potentialAction\":[{\"@type\":\"ReadAction\",\"target\":[\"https:\/\/tru-life.com.vn\/en\/product\/bao-ngu-bich-ho-uc-size-11-12-jade-tiger-abalone\/\"]}]},{\"@type\":\"ImageObject\",\"inLanguage\":\"en-US\",\"@id\":\"https:\/\/tru-life.com.vn\/en\/product\/bao-ngu-bich-ho-uc-size-11-12-jade-tiger-abalone\/#primaryimage\",\"url\":\"https:\/\/tru-life.com.vn\/wp-content\/uploads\/2025\/11\/Bao-ngu-1kg.webp\",\"contentUrl\":\"https:\/\/tru-life.com.vn\/wp-content\/uploads\/2025\/11\/Bao-ngu-1kg.webp\",\"width\":900,\"height\":900},{\"@type\":\"BreadcrumbList\",\"@id\":\"https:\/\/tru-life.com.vn\/en\/product\/bao-ngu-bich-ho-uc-size-11-12-jade-tiger-abalone\/#breadcrumb\",\"itemListElement\":[{\"@type\":\"ListItem\",\"position\":1,\"name\":\"Trang ch\u1ee7\",\"item\":\"https:\/\/tru-life.com.vn\/en\/\"},{\"@type\":\"ListItem\",\"position\":2,\"name\":\"C\u1eeda h\u00e0ng\",\"item\":\"https:\/\/tru-life.com.vn\/en\/cua-hang\/\"},{\"@type\":\"ListItem\",\"position\":3,\"name\":\"B\u00e0o ng\u01b0 b\u00edch h\u1ed5 \u00dac size 11\/12 &#8211; Jade Tiger Abalone\"}]},{\"@type\":\"WebSite\",\"@id\":\"https:\/\/tru-life.com.vn\/en\/#website\",\"url\":\"https:\/\/tru-life.com.vn\/en\/\",\"name\":\"Tru-Life\",\"description\":\"Nh\u1eadp Kh\u1ea9u &amp; Ph\u00e2n Ph\u1ed1i Th\u1ef1c Ph\u1ea9m Cao C\u1ea5p\",\"publisher\":{\"@id\":\"https:\/\/tru-life.com.vn\/en\/#organization\"},\"potentialAction\":[{\"@type\":\"SearchAction\",\"target\":{\"@type\":\"EntryPoint\",\"urlTemplate\":\"https:\/\/tru-life.com.vn\/en\/?s={search_term_string}\"},\"query-input\":{\"@type\":\"PropertyValueSpecification\",\"valueRequired\":true,\"valueName\":\"search_term_string\"}}],\"inLanguage\":\"en-US\"},{\"@type\":\"Organization\",\"@id\":\"https:\/\/tru-life.com.vn\/en\/#organization\",\"name\":\"C\u00d4NG TY C\u1ed4 PH\u1ea6N TRU-LIFE VI\u1ec6T NAM\",\"url\":\"https:\/\/tru-life.com.vn\/en\/\",\"logo\":{\"@type\":\"ImageObject\",\"inLanguage\":\"en-US\",\"@id\":\"https:\/\/tru-life.com.vn\/en\/#\/schema\/logo\/image\/\",\"url\":\"https:\/\/tru-life.com.vn\/wp-content\/uploads\/2020\/08\/logo.png\",\"contentUrl\":\"https:\/\/tru-life.com.vn\/wp-content\/uploads\/2020\/08\/logo.png\",\"width\":416,\"height\":159,\"caption\":\"C\u00d4NG TY C\u1ed4 PH\u1ea6N TRU-LIFE VI\u1ec6T NAM\"},\"image\":{\"@id\":\"https:\/\/tru-life.com.vn\/en\/#\/schema\/logo\/image\/\"},\"sameAs\":[\"https:\/\/www.facebook.com\/TruLife.VietNam.Headoffice\/\",\"https:\/\/www.instagram.com\/trulifevietnam\/\",\"https:\/\/www.linkedin.com\/company\/tru-life-vietnam\"]}]}<\/script>\n<!-- \/ Yoast SEO plugin. -->","yoast_head_json":{"title":"B\u00e0o ng\u01b0 b\u00edch h\u1ed5 \u00dac size 11\/12 - Jade Tiger Abalone - Tru-Life","description":"B\u00e0o ng\u01b0 b\u00edch h\u1ed5 \u00dac size 11\/12 h\u01b0\u01a1ng v\u1ecb thanh ng\u1ecdt t\u1ef1 nhi\u00ean v\u00e0 gi\u00e1 tr\u1ecb dinh d\u01b0\u1ee1ng d\u1ed3i d\u00e0o, b\u00e0o ng\u01b0 mang \u0111\u1ebfn s\u1ef1 c\u00e2n b\u1eb1ng gi\u1eefa \u1ea9m th\u1ef1c tinh t\u1ebf","robots":{"index":"index","follow":"follow","max-snippet":"max-snippet:-1","max-image-preview":"max-image-preview:large","max-video-preview":"max-video-preview:-1"},"canonical":"https:\/\/tru-life.com.vn\/en\/product\/bao-ngu-bich-ho-uc-size-11-12-jade-tiger-abalone\/","schema":{"@context":"https:\/\/schema.org","@graph":[{"@type":"WebPage","@id":"https:\/\/tru-life.com.vn\/en\/product\/bao-ngu-bich-ho-uc-size-11-12-jade-tiger-abalone\/","url":"https:\/\/tru-life.com.vn\/en\/product\/bao-ngu-bich-ho-uc-size-11-12-jade-tiger-abalone\/","name":"B\u00e0o ng\u01b0 b\u00edch h\u1ed5 \u00dac size 11\/12 - Jade Tiger Abalone - Tru-Life","isPartOf":{"@id":"https:\/\/tru-life.com.vn\/en\/#website"},"primaryImageOfPage":{"@id":"https:\/\/tru-life.com.vn\/en\/product\/bao-ngu-bich-ho-uc-size-11-12-jade-tiger-abalone\/#primaryimage"},"image":{"@id":"https:\/\/tru-life.com.vn\/en\/product\/bao-ngu-bich-ho-uc-size-11-12-jade-tiger-abalone\/#primaryimage"},"thumbnailUrl":"https:\/\/tru-life.com.vn\/wp-content\/uploads\/2025\/11\/Bao-ngu-1kg.webp","datePublished":"2025-11-08T07:17:27+00:00","dateModified":"2025-12-31T02:49:09+00:00","description":"B\u00e0o ng\u01b0 b\u00edch h\u1ed5 \u00dac size 11\/12 h\u01b0\u01a1ng v\u1ecb thanh ng\u1ecdt t\u1ef1 nhi\u00ean v\u00e0 gi\u00e1 tr\u1ecb dinh d\u01b0\u1ee1ng d\u1ed3i d\u00e0o, b\u00e0o ng\u01b0 mang \u0111\u1ebfn s\u1ef1 c\u00e2n b\u1eb1ng gi\u1eefa \u1ea9m th\u1ef1c tinh t\u1ebf","breadcrumb":{"@id":"https:\/\/tru-life.com.vn\/en\/product\/bao-ngu-bich-ho-uc-size-11-12-jade-tiger-abalone\/#breadcrumb"},"inLanguage":"en-US","potentialAction":[{"@type":"ReadAction","target":["https:\/\/tru-life.com.vn\/en\/product\/bao-ngu-bich-ho-uc-size-11-12-jade-tiger-abalone\/"]}]},{"@type":"ImageObject","inLanguage":"en-US","@id":"https:\/\/tru-life.com.vn\/en\/product\/bao-ngu-bich-ho-uc-size-11-12-jade-tiger-abalone\/#primaryimage","url":"https:\/\/tru-life.com.vn\/wp-content\/uploads\/2025\/11\/Bao-ngu-1kg.webp","contentUrl":"https:\/\/tru-life.com.vn\/wp-content\/uploads\/2025\/11\/Bao-ngu-1kg.webp","width":900,"height":900},{"@type":"BreadcrumbList","@id":"https:\/\/tru-life.com.vn\/en\/product\/bao-ngu-bich-ho-uc-size-11-12-jade-tiger-abalone\/#breadcrumb","itemListElement":[{"@type":"ListItem","position":1,"name":"Trang ch\u1ee7","item":"https:\/\/tru-life.com.vn\/en\/"},{"@type":"ListItem","position":2,"name":"C\u1eeda h\u00e0ng","item":"https:\/\/tru-life.com.vn\/en\/cua-hang\/"},{"@type":"ListItem","position":3,"name":"B\u00e0o ng\u01b0 b\u00edch h\u1ed5 \u00dac size 11\/12 &#8211; Jade Tiger Abalone"}]},{"@type":"WebSite","@id":"https:\/\/tru-life.com.vn\/en\/#website","url":"https:\/\/tru-life.com.vn\/en\/","name":"Tru-Life","description":"Nh\u1eadp Kh\u1ea9u &amp; Ph\u00e2n Ph\u1ed1i Th\u1ef1c Ph\u1ea9m Cao C\u1ea5p","publisher":{"@id":"https:\/\/tru-life.com.vn\/en\/#organization"},"potentialAction":[{"@type":"SearchAction","target":{"@type":"EntryPoint","urlTemplate":"https:\/\/tru-life.com.vn\/en\/?s={search_term_string}"},"query-input":{"@type":"PropertyValueSpecification","valueRequired":true,"valueName":"search_term_string"}}],"inLanguage":"en-US"},{"@type":"Organization","@id":"https:\/\/tru-life.com.vn\/en\/#organization","name":"C\u00d4NG TY C\u1ed4 PH\u1ea6N TRU-LIFE VI\u1ec6T NAM","url":"https:\/\/tru-life.com.vn\/en\/","logo":{"@type":"ImageObject","inLanguage":"en-US","@id":"https:\/\/tru-life.com.vn\/en\/#\/schema\/logo\/image\/","url":"https:\/\/tru-life.com.vn\/wp-content\/uploads\/2020\/08\/logo.png","contentUrl":"https:\/\/tru-life.com.vn\/wp-content\/uploads\/2020\/08\/logo.png","width":416,"height":159,"caption":"C\u00d4NG TY C\u1ed4 PH\u1ea6N TRU-LIFE VI\u1ec6T NAM"},"image":{"@id":"https:\/\/tru-life.com.vn\/en\/#\/schema\/logo\/image\/"},"sameAs":["https:\/\/www.facebook.com\/TruLife.VietNam.Headoffice\/","https:\/\/www.instagram.com\/trulifevietnam\/","https:\/\/www.linkedin.com\/company\/tru-life-vietnam"]}]}},"_links":{"self":[{"href":"https:\/\/tru-life.com.vn\/en\/wp-json\/wp\/v2\/product\/58347","targetHints":{"allow":["GET"]}}],"collection":[{"href":"https:\/\/tru-life.com.vn\/en\/wp-json\/wp\/v2\/product"}],"about":[{"href":"https:\/\/tru-life.com.vn\/en\/wp-json\/wp\/v2\/types\/product"}],"wp:featuredmedia":[{"embeddable":true,"href":"https:\/\/tru-life.com.vn\/en\/wp-json\/wp\/v2\/media\/58551"}],"wp:attachment":[{"href":"https:\/\/tru-life.com.vn\/en\/wp-json\/wp\/v2\/media?parent=58347"}],"wp:term":[{"taxonomy":"product_origin","embeddable":true,"href":"https:\/\/tru-life.com.vn\/en\/wp-json\/wp\/v2\/product_origin?post=58347"},{"taxonomy":"product_brand","embeddable":true,"href":"https:\/\/tru-life.com.vn\/en\/wp-json\/wp\/v2\/product_brand?post=58347"},{"taxonomy":"product_cat","embeddable":true,"href":"https:\/\/tru-life.com.vn\/en\/wp-json\/wp\/v2\/product_cat?post=58347"},{"taxonomy":"product_tag","embeddable":true,"href":"https:\/\/tru-life.com.vn\/en\/wp-json\/wp\/v2\/product_tag?post=58347"}],"curies":[{"name":"wp","href":"https:\/\/api.w.org\/{rel}","templated":true}]}}