{"id":58265,"date":"2025-11-07T17:03:02","date_gmt":"2025-11-07T10:03:02","guid":{"rendered":"https:\/\/tru-life.com.vn\/?post_type=product&#038;p=58265"},"modified":"2026-01-14T11:02:40","modified_gmt":"2026-01-14T04:02:40","slug":"vem-den-chile-size-40-60","status":"publish","type":"product","link":"https:\/\/tru-life.com.vn\/en\/product\/vem-den-chile-size-40-60\/","title":{"rendered":"Chilean black mussels size 40\/60"},"content":{"rendered":"<p>Chilean Black Mussels offer a rich, nutty flavor with a bold intensity. The meat is plump and full, with a hint of natural brininess, making them perfect for European, Asian, or Japanese dishes such as baked with cheese, steamed with lemongrass, white wine sauce, or pasta.<\/p>\n<h2>Origin<\/h2>\n<p>Black Mussels are a seafood native to the waters of Southern Chile. Naturally raised in clean waters with strict farming processes, they contain very little sand.<\/p>\n<h2>Product Code \/ Type \/ Brand<\/h2>\n<p>Pier Gourmet is a brand specializing in high-quality seafood products, strictly controlled throughout the entire process from harvesting and processing to preservation.<\/p>","protected":false},"excerpt":{"rendered":"<p>V\u1eb9m \u0111en Chile c\u00f3 h\u01b0\u01a1ng v\u1ecb b\u00f9i nh\u01b0ng c\u00f3 \u0111\u1ed9 \u0111\u1eadm \u0111\u00e0. Th\u1ecbt v\u1eb9m m\u1eadp v\u00e0 \u0111\u1ea7y v\u1ecf, m\u1ed9t ch\u00fat v\u1ecb m\u1eb7n t\u1ef1 nhi\u00ean r\u1ea5t th\u00edch h\u1ee3p cho c\u00e1c m\u00f3n \u00c2u, \u00c1 ho\u1eb7c Nh\u1eadt nh\u01b0 n\u01b0\u1edbng ph\u00f4 mai, h\u1ea5p s\u1ea3, s\u1ed1t vang tr\u1eafng, hay n\u1ea5u pasta. Ngu\u1ed3n g\u1ed1c V\u1eb9m \u0111en l\u00e0 lo\u1ea1i h\u1ea3i s\u1ea3n sinh [&hellip;]<\/p>","protected":false},"featured_media":58571,"template":"","meta":{"_acf_changed":false},"product_origin":[43085],"product_brand":[43124],"product_cat":[43065,43099],"product_tag":[],"class_list":{"0":"post-58265","1":"product","2":"type-product","3":"status-publish","4":"has-post-thumbnail","6":"product_origin-chile","7":"product_brand-pier-gourmet","8":"product_cat-hai-san","9":"product_cat-hai-san-dong-lanh","11":"first","12":"instock","13":"shipping-taxable","14":"purchasable","15":"product-type-simple"},"acf":[],"yoast_head":"<!-- This site is optimized with the Yoast SEO plugin v26.5 - https:\/\/yoast.com\/wordpress\/plugins\/seo\/ -->\n<title>V\u1eb9m \u0111en Chile size 40\/60 - Tru-Life<\/title>\n<meta name=\"description\" content=\"V\u1eb9m \u0111en Chile c\u00f3 h\u01b0\u01a1ng v\u1ecb b\u00f9i nh\u01b0ng c\u00f3 \u0111\u1ed9 \u0111\u1eadm \u0111\u00e0. Th\u1ecbt v\u1eb9m m\u1eadp v\u00e0 \u0111\u1ea7y v\u1ecf, m\u1ed9t ch\u00fat v\u1ecb m\u1eb7n t\u1ef1 nhi\u00ean r\u1ea5t th\u00edch h\u1ee3p cho c\u00e1c m\u00f3n \u00c2u, \u00c1\" \/>\n<meta name=\"robots\" content=\"index, follow, max-snippet:-1, max-image-preview:large, max-video-preview:-1\" \/>\n<link rel=\"canonical\" href=\"https:\/\/tru-life.com.vn\/en\/product\/vem-den-chile-size-40-60\/\" \/>\n<script type=\"application\/ld+json\" class=\"yoast-schema-graph\">{\"@context\":\"https:\/\/schema.org\",\"@graph\":[{\"@type\":\"WebPage\",\"@id\":\"https:\/\/tru-life.com.vn\/en\/product\/vem-den-chile-size-40-60\/\",\"url\":\"https:\/\/tru-life.com.vn\/en\/product\/vem-den-chile-size-40-60\/\",\"name\":\"V\u1eb9m \u0111en Chile size 40\/60 - Tru-Life\",\"isPartOf\":{\"@id\":\"https:\/\/tru-life.com.vn\/en\/#website\"},\"primaryImageOfPage\":{\"@id\":\"https:\/\/tru-life.com.vn\/en\/product\/vem-den-chile-size-40-60\/#primaryimage\"},\"image\":{\"@id\":\"https:\/\/tru-life.com.vn\/en\/product\/vem-den-chile-size-40-60\/#primaryimage\"},\"thumbnailUrl\":\"https:\/\/tru-life.com.vn\/wp-content\/uploads\/2025\/11\/Vem-den.webp\",\"datePublished\":\"2025-11-07T10:03:02+00:00\",\"dateModified\":\"2026-01-14T04:02:40+00:00\",\"description\":\"V\u1eb9m \u0111en Chile c\u00f3 h\u01b0\u01a1ng v\u1ecb b\u00f9i nh\u01b0ng c\u00f3 \u0111\u1ed9 \u0111\u1eadm \u0111\u00e0. Th\u1ecbt v\u1eb9m m\u1eadp v\u00e0 \u0111\u1ea7y v\u1ecf, m\u1ed9t ch\u00fat v\u1ecb m\u1eb7n t\u1ef1 nhi\u00ean r\u1ea5t th\u00edch h\u1ee3p cho c\u00e1c m\u00f3n \u00c2u, \u00c1\",\"breadcrumb\":{\"@id\":\"https:\/\/tru-life.com.vn\/en\/product\/vem-den-chile-size-40-60\/#breadcrumb\"},\"inLanguage\":\"en-US\",\"potentialAction\":[{\"@type\":\"ReadAction\",\"target\":[\"https:\/\/tru-life.com.vn\/en\/product\/vem-den-chile-size-40-60\/\"]}]},{\"@type\":\"ImageObject\",\"inLanguage\":\"en-US\",\"@id\":\"https:\/\/tru-life.com.vn\/en\/product\/vem-den-chile-size-40-60\/#primaryimage\",\"url\":\"https:\/\/tru-life.com.vn\/wp-content\/uploads\/2025\/11\/Vem-den.webp\",\"contentUrl\":\"https:\/\/tru-life.com.vn\/wp-content\/uploads\/2025\/11\/Vem-den.webp\",\"width\":900,\"height\":900},{\"@type\":\"BreadcrumbList\",\"@id\":\"https:\/\/tru-life.com.vn\/en\/product\/vem-den-chile-size-40-60\/#breadcrumb\",\"itemListElement\":[{\"@type\":\"ListItem\",\"position\":1,\"name\":\"Trang ch\u1ee7\",\"item\":\"https:\/\/tru-life.com.vn\/en\/\"},{\"@type\":\"ListItem\",\"position\":2,\"name\":\"C\u1eeda h\u00e0ng\",\"item\":\"https:\/\/tru-life.com.vn\/en\/cua-hang\/\"},{\"@type\":\"ListItem\",\"position\":3,\"name\":\"V\u1eb9m \u0111en Chile size 40\/60\"}]},{\"@type\":\"WebSite\",\"@id\":\"https:\/\/tru-life.com.vn\/en\/#website\",\"url\":\"https:\/\/tru-life.com.vn\/en\/\",\"name\":\"Tru-Life\",\"description\":\"Nh\u1eadp Kh\u1ea9u &amp; Ph\u00e2n Ph\u1ed1i Th\u1ef1c Ph\u1ea9m Cao C\u1ea5p\",\"publisher\":{\"@id\":\"https:\/\/tru-life.com.vn\/en\/#organization\"},\"potentialAction\":[{\"@type\":\"SearchAction\",\"target\":{\"@type\":\"EntryPoint\",\"urlTemplate\":\"https:\/\/tru-life.com.vn\/en\/?s={search_term_string}\"},\"query-input\":{\"@type\":\"PropertyValueSpecification\",\"valueRequired\":true,\"valueName\":\"search_term_string\"}}],\"inLanguage\":\"en-US\"},{\"@type\":\"Organization\",\"@id\":\"https:\/\/tru-life.com.vn\/en\/#organization\",\"name\":\"C\u00d4NG TY C\u1ed4 PH\u1ea6N TRU-LIFE VI\u1ec6T NAM\",\"url\":\"https:\/\/tru-life.com.vn\/en\/\",\"logo\":{\"@type\":\"ImageObject\",\"inLanguage\":\"en-US\",\"@id\":\"https:\/\/tru-life.com.vn\/en\/#\/schema\/logo\/image\/\",\"url\":\"https:\/\/tru-life.com.vn\/wp-content\/uploads\/2020\/08\/logo.png\",\"contentUrl\":\"https:\/\/tru-life.com.vn\/wp-content\/uploads\/2020\/08\/logo.png\",\"width\":416,\"height\":159,\"caption\":\"C\u00d4NG TY C\u1ed4 PH\u1ea6N TRU-LIFE VI\u1ec6T NAM\"},\"image\":{\"@id\":\"https:\/\/tru-life.com.vn\/en\/#\/schema\/logo\/image\/\"},\"sameAs\":[\"https:\/\/www.facebook.com\/TruLife.VietNam.Headoffice\/\",\"https:\/\/www.instagram.com\/trulifevietnam\/\",\"https:\/\/www.linkedin.com\/company\/tru-life-vietnam\"]}]}<\/script>\n<!-- \/ Yoast SEO plugin. -->","yoast_head_json":{"title":"V\u1eb9m \u0111en Chile size 40\/60 - Tru-Life","description":"V\u1eb9m \u0111en Chile c\u00f3 h\u01b0\u01a1ng v\u1ecb b\u00f9i nh\u01b0ng c\u00f3 \u0111\u1ed9 \u0111\u1eadm \u0111\u00e0. Th\u1ecbt v\u1eb9m m\u1eadp v\u00e0 \u0111\u1ea7y v\u1ecf, m\u1ed9t ch\u00fat v\u1ecb m\u1eb7n t\u1ef1 nhi\u00ean r\u1ea5t th\u00edch h\u1ee3p cho c\u00e1c m\u00f3n \u00c2u, \u00c1","robots":{"index":"index","follow":"follow","max-snippet":"max-snippet:-1","max-image-preview":"max-image-preview:large","max-video-preview":"max-video-preview:-1"},"canonical":"https:\/\/tru-life.com.vn\/en\/product\/vem-den-chile-size-40-60\/","schema":{"@context":"https:\/\/schema.org","@graph":[{"@type":"WebPage","@id":"https:\/\/tru-life.com.vn\/en\/product\/vem-den-chile-size-40-60\/","url":"https:\/\/tru-life.com.vn\/en\/product\/vem-den-chile-size-40-60\/","name":"V\u1eb9m \u0111en Chile size 40\/60 - Tru-Life","isPartOf":{"@id":"https:\/\/tru-life.com.vn\/en\/#website"},"primaryImageOfPage":{"@id":"https:\/\/tru-life.com.vn\/en\/product\/vem-den-chile-size-40-60\/#primaryimage"},"image":{"@id":"https:\/\/tru-life.com.vn\/en\/product\/vem-den-chile-size-40-60\/#primaryimage"},"thumbnailUrl":"https:\/\/tru-life.com.vn\/wp-content\/uploads\/2025\/11\/Vem-den.webp","datePublished":"2025-11-07T10:03:02+00:00","dateModified":"2026-01-14T04:02:40+00:00","description":"V\u1eb9m \u0111en Chile c\u00f3 h\u01b0\u01a1ng v\u1ecb b\u00f9i nh\u01b0ng c\u00f3 \u0111\u1ed9 \u0111\u1eadm \u0111\u00e0. Th\u1ecbt v\u1eb9m m\u1eadp v\u00e0 \u0111\u1ea7y v\u1ecf, m\u1ed9t ch\u00fat v\u1ecb m\u1eb7n t\u1ef1 nhi\u00ean r\u1ea5t th\u00edch h\u1ee3p cho c\u00e1c m\u00f3n \u00c2u, \u00c1","breadcrumb":{"@id":"https:\/\/tru-life.com.vn\/en\/product\/vem-den-chile-size-40-60\/#breadcrumb"},"inLanguage":"en-US","potentialAction":[{"@type":"ReadAction","target":["https:\/\/tru-life.com.vn\/en\/product\/vem-den-chile-size-40-60\/"]}]},{"@type":"ImageObject","inLanguage":"en-US","@id":"https:\/\/tru-life.com.vn\/en\/product\/vem-den-chile-size-40-60\/#primaryimage","url":"https:\/\/tru-life.com.vn\/wp-content\/uploads\/2025\/11\/Vem-den.webp","contentUrl":"https:\/\/tru-life.com.vn\/wp-content\/uploads\/2025\/11\/Vem-den.webp","width":900,"height":900},{"@type":"BreadcrumbList","@id":"https:\/\/tru-life.com.vn\/en\/product\/vem-den-chile-size-40-60\/#breadcrumb","itemListElement":[{"@type":"ListItem","position":1,"name":"Trang ch\u1ee7","item":"https:\/\/tru-life.com.vn\/en\/"},{"@type":"ListItem","position":2,"name":"C\u1eeda h\u00e0ng","item":"https:\/\/tru-life.com.vn\/en\/cua-hang\/"},{"@type":"ListItem","position":3,"name":"V\u1eb9m \u0111en Chile size 40\/60"}]},{"@type":"WebSite","@id":"https:\/\/tru-life.com.vn\/en\/#website","url":"https:\/\/tru-life.com.vn\/en\/","name":"Tru-Life","description":"Nh\u1eadp Kh\u1ea9u &amp; Ph\u00e2n Ph\u1ed1i Th\u1ef1c Ph\u1ea9m Cao C\u1ea5p","publisher":{"@id":"https:\/\/tru-life.com.vn\/en\/#organization"},"potentialAction":[{"@type":"SearchAction","target":{"@type":"EntryPoint","urlTemplate":"https:\/\/tru-life.com.vn\/en\/?s={search_term_string}"},"query-input":{"@type":"PropertyValueSpecification","valueRequired":true,"valueName":"search_term_string"}}],"inLanguage":"en-US"},{"@type":"Organization","@id":"https:\/\/tru-life.com.vn\/en\/#organization","name":"C\u00d4NG TY C\u1ed4 PH\u1ea6N TRU-LIFE VI\u1ec6T NAM","url":"https:\/\/tru-life.com.vn\/en\/","logo":{"@type":"ImageObject","inLanguage":"en-US","@id":"https:\/\/tru-life.com.vn\/en\/#\/schema\/logo\/image\/","url":"https:\/\/tru-life.com.vn\/wp-content\/uploads\/2020\/08\/logo.png","contentUrl":"https:\/\/tru-life.com.vn\/wp-content\/uploads\/2020\/08\/logo.png","width":416,"height":159,"caption":"C\u00d4NG TY C\u1ed4 PH\u1ea6N TRU-LIFE VI\u1ec6T NAM"},"image":{"@id":"https:\/\/tru-life.com.vn\/en\/#\/schema\/logo\/image\/"},"sameAs":["https:\/\/www.facebook.com\/TruLife.VietNam.Headoffice\/","https:\/\/www.instagram.com\/trulifevietnam\/","https:\/\/www.linkedin.com\/company\/tru-life-vietnam"]}]}},"_links":{"self":[{"href":"https:\/\/tru-life.com.vn\/en\/wp-json\/wp\/v2\/product\/58265","targetHints":{"allow":["GET"]}}],"collection":[{"href":"https:\/\/tru-life.com.vn\/en\/wp-json\/wp\/v2\/product"}],"about":[{"href":"https:\/\/tru-life.com.vn\/en\/wp-json\/wp\/v2\/types\/product"}],"wp:featuredmedia":[{"embeddable":true,"href":"https:\/\/tru-life.com.vn\/en\/wp-json\/wp\/v2\/media\/58571"}],"wp:attachment":[{"href":"https:\/\/tru-life.com.vn\/en\/wp-json\/wp\/v2\/media?parent=58265"}],"wp:term":[{"taxonomy":"product_origin","embeddable":true,"href":"https:\/\/tru-life.com.vn\/en\/wp-json\/wp\/v2\/product_origin?post=58265"},{"taxonomy":"product_brand","embeddable":true,"href":"https:\/\/tru-life.com.vn\/en\/wp-json\/wp\/v2\/product_brand?post=58265"},{"taxonomy":"product_cat","embeddable":true,"href":"https:\/\/tru-life.com.vn\/en\/wp-json\/wp\/v2\/product_cat?post=58265"},{"taxonomy":"product_tag","embeddable":true,"href":"https:\/\/tru-life.com.vn\/en\/wp-json\/wp\/v2\/product_tag?post=58265"}],"curies":[{"name":"wp","href":"https:\/\/api.w.org\/{rel}","templated":true}]}}