{"id":58256,"date":"2025-11-07T14:07:25","date_gmt":"2025-11-07T07:07:25","guid":{"rendered":"https:\/\/tru-life.com.vn\/?post_type=product&#038;p=58256"},"modified":"2026-01-14T11:04:55","modified_gmt":"2026-01-14T04:04:55","slug":"than-noi-bo-uc-coorong-black","status":"publish","type":"product","link":"https:\/\/tru-life.com.vn\/en\/product\/than-noi-bo-uc-coorong-black\/","title":{"rendered":"Th\u0103n n\u1ed9i b\u00f2 \u00dac Coorong Black \u2013 100 ng\u00e0y \u0103n ng\u0169 c\u1ed1c"},"content":{"rendered":"<p>Th\u1ecbt th\u0103n n\u1ed9i b\u00f2 \u00dac Coorong Black &#8211; 100 ng\u00e0y \u0103n ng\u0169 c\u1ed1c c\u00f3 \u0111\u1ed9 m\u1ec1m, v\u1ecb ng\u1ecdt t\u1ef1 nhi\u00ean v\u00e0 b\u00e9o thanh.<\/p>\n<h2>Origin<\/h2>\n<p>Coorong Black Australian Beef is raised at the Wanderribby Feedlot, where meticulous care is taken to ensure superior quality.<\/p>\n<h2>Classification<\/h2>\n<p>Coorong Black Australian Beef Tenderloin (100 days grain-fed) is the softest, most delicious, and most valuable cut of all beef, located deep near the end of the short loin. This position experiences almost no movement, allowing the meat to achieve absolute tenderness and fine texture.<\/p>\n<h2>Product Code \/ Type \/ Brand<\/h2>\n<p>Coorong Black Australian Beef (100 days grain-fed) has a strong commitment to animal welfare, sustainability, and quality control, meeting the standards of high-end restaurants and international export markets.<\/p>\n<p>Note: The Tenderloin is sold whole\/in its original packaging only, no cutting into smaller portions.<\/p>\n<p>&nbsp;<\/p>","protected":false},"excerpt":{"rendered":"<p>Th\u1ecbt th\u0103n n\u1ed9i b\u00f2 \u00dac Coorong Black &#8211; 100 ng\u00e0y \u0103n ng\u0169 c\u1ed1c c\u00f3 \u0111\u1ed9 m\u1ec1m, v\u1ecb ng\u1ecdt t\u1ef1 nhi\u00ean v\u00e0 b\u00e9o thanh. Ngu\u1ed3n g\u1ed1c B\u00f2 \u00dac Coorong Black \u0111\u01b0\u1ee3c nu\u00f4i d\u01b0\u1ee1ng t\u1ea1i trang tr\u1ea1i Wanderribby Feedlot, n\u01a1i quy tr\u00ecnh ch\u0103m s\u00f3c \u0111\u01b0\u1ee3c th\u1ef1c hi\u1ec7n t\u1ec9 m\u1ec9 \u0111\u1ec3 \u0111\u1ea3m b\u1ea3o ch\u1ea5t l\u01b0\u1ee3ng v\u01b0\u1ee3t tr\u1ed9i Ph\u00e2n [&hellip;]<\/p>","protected":false},"featured_media":58263,"template":"","meta":{"_acf_changed":false},"product_origin":[43078],"product_brand":[43102],"product_cat":[43067,43069],"product_tag":[],"class_list":{"0":"post-58256","1":"product","2":"type-product","3":"status-publish","4":"has-post-thumbnail","6":"product_origin-australia","7":"product_brand-coorong-black","8":"product_cat-thit","9":"product_cat-bo-tuoi","11":"first","12":"instock","13":"shipping-taxable","14":"purchasable","15":"product-type-simple"},"acf":[],"yoast_head":"<!-- This site is optimized with the Yoast SEO plugin v26.5 - https:\/\/yoast.com\/wordpress\/plugins\/seo\/ -->\n<title>Th\u0103n n\u1ed9i b\u00f2 \u00dac Coorong Black \u2013 100 ng\u00e0y \u0103n ng\u0169 c\u1ed1c - Tru-Life<\/title>\n<meta name=\"robots\" content=\"index, follow, max-snippet:-1, max-image-preview:large, max-video-preview:-1\" \/>\n<link rel=\"canonical\" href=\"https:\/\/tru-life.com.vn\/en\/product\/than-noi-bo-uc-coorong-black\/\" \/>\n<script type=\"application\/ld+json\" class=\"yoast-schema-graph\">{\"@context\":\"https:\/\/schema.org\",\"@graph\":[{\"@type\":\"WebPage\",\"@id\":\"https:\/\/tru-life.com.vn\/en\/product\/than-noi-bo-uc-coorong-black\/\",\"url\":\"https:\/\/tru-life.com.vn\/en\/product\/than-noi-bo-uc-coorong-black\/\",\"name\":\"Th\u0103n n\u1ed9i b\u00f2 \u00dac Coorong Black \u2013 100 ng\u00e0y \u0103n ng\u0169 c\u1ed1c - Tru-Life\",\"isPartOf\":{\"@id\":\"https:\/\/tru-life.com.vn\/en\/#website\"},\"primaryImageOfPage\":{\"@id\":\"https:\/\/tru-life.com.vn\/en\/product\/than-noi-bo-uc-coorong-black\/#primaryimage\"},\"image\":{\"@id\":\"https:\/\/tru-life.com.vn\/en\/product\/than-noi-bo-uc-coorong-black\/#primaryimage\"},\"thumbnailUrl\":\"https:\/\/tru-life.com.vn\/wp-content\/uploads\/2025\/11\/Than-noi-bo-Angus-Uc-Coorong-Black.webp\",\"datePublished\":\"2025-11-07T07:07:25+00:00\",\"dateModified\":\"2026-01-14T04:04:55+00:00\",\"breadcrumb\":{\"@id\":\"https:\/\/tru-life.com.vn\/en\/product\/than-noi-bo-uc-coorong-black\/#breadcrumb\"},\"inLanguage\":\"en-US\",\"potentialAction\":[{\"@type\":\"ReadAction\",\"target\":[\"https:\/\/tru-life.com.vn\/en\/product\/than-noi-bo-uc-coorong-black\/\"]}]},{\"@type\":\"ImageObject\",\"inLanguage\":\"en-US\",\"@id\":\"https:\/\/tru-life.com.vn\/en\/product\/than-noi-bo-uc-coorong-black\/#primaryimage\",\"url\":\"https:\/\/tru-life.com.vn\/wp-content\/uploads\/2025\/11\/Than-noi-bo-Angus-Uc-Coorong-Black.webp\",\"contentUrl\":\"https:\/\/tru-life.com.vn\/wp-content\/uploads\/2025\/11\/Than-noi-bo-Angus-Uc-Coorong-Black.webp\",\"width\":900,\"height\":900},{\"@type\":\"BreadcrumbList\",\"@id\":\"https:\/\/tru-life.com.vn\/en\/product\/than-noi-bo-uc-coorong-black\/#breadcrumb\",\"itemListElement\":[{\"@type\":\"ListItem\",\"position\":1,\"name\":\"Trang ch\u1ee7\",\"item\":\"https:\/\/tru-life.com.vn\/en\/\"},{\"@type\":\"ListItem\",\"position\":2,\"name\":\"C\u1eeda h\u00e0ng\",\"item\":\"https:\/\/tru-life.com.vn\/en\/cua-hang\/\"},{\"@type\":\"ListItem\",\"position\":3,\"name\":\"Th\u0103n n\u1ed9i b\u00f2 \u00dac Coorong Black \u2013 100 ng\u00e0y \u0103n ng\u0169 c\u1ed1c\"}]},{\"@type\":\"WebSite\",\"@id\":\"https:\/\/tru-life.com.vn\/en\/#website\",\"url\":\"https:\/\/tru-life.com.vn\/en\/\",\"name\":\"Tru-Life\",\"description\":\"Nh\u1eadp Kh\u1ea9u &amp; Ph\u00e2n Ph\u1ed1i Th\u1ef1c Ph\u1ea9m Cao C\u1ea5p\",\"publisher\":{\"@id\":\"https:\/\/tru-life.com.vn\/en\/#organization\"},\"potentialAction\":[{\"@type\":\"SearchAction\",\"target\":{\"@type\":\"EntryPoint\",\"urlTemplate\":\"https:\/\/tru-life.com.vn\/en\/?s={search_term_string}\"},\"query-input\":{\"@type\":\"PropertyValueSpecification\",\"valueRequired\":true,\"valueName\":\"search_term_string\"}}],\"inLanguage\":\"en-US\"},{\"@type\":\"Organization\",\"@id\":\"https:\/\/tru-life.com.vn\/en\/#organization\",\"name\":\"C\u00d4NG TY C\u1ed4 PH\u1ea6N TRU-LIFE VI\u1ec6T NAM\",\"url\":\"https:\/\/tru-life.com.vn\/en\/\",\"logo\":{\"@type\":\"ImageObject\",\"inLanguage\":\"en-US\",\"@id\":\"https:\/\/tru-life.com.vn\/en\/#\/schema\/logo\/image\/\",\"url\":\"https:\/\/tru-life.com.vn\/wp-content\/uploads\/2020\/08\/logo.png\",\"contentUrl\":\"https:\/\/tru-life.com.vn\/wp-content\/uploads\/2020\/08\/logo.png\",\"width\":416,\"height\":159,\"caption\":\"C\u00d4NG TY C\u1ed4 PH\u1ea6N TRU-LIFE VI\u1ec6T NAM\"},\"image\":{\"@id\":\"https:\/\/tru-life.com.vn\/en\/#\/schema\/logo\/image\/\"},\"sameAs\":[\"https:\/\/www.facebook.com\/TruLife.VietNam.Headoffice\/\",\"https:\/\/www.instagram.com\/trulifevietnam\/\",\"https:\/\/www.linkedin.com\/company\/tru-life-vietnam\"]}]}<\/script>\n<!-- \/ Yoast SEO plugin. -->","yoast_head_json":{"title":"Th\u0103n n\u1ed9i b\u00f2 \u00dac Coorong Black \u2013 100 ng\u00e0y \u0103n ng\u0169 c\u1ed1c - Tru-Life","robots":{"index":"index","follow":"follow","max-snippet":"max-snippet:-1","max-image-preview":"max-image-preview:large","max-video-preview":"max-video-preview:-1"},"canonical":"https:\/\/tru-life.com.vn\/en\/product\/than-noi-bo-uc-coorong-black\/","schema":{"@context":"https:\/\/schema.org","@graph":[{"@type":"WebPage","@id":"https:\/\/tru-life.com.vn\/en\/product\/than-noi-bo-uc-coorong-black\/","url":"https:\/\/tru-life.com.vn\/en\/product\/than-noi-bo-uc-coorong-black\/","name":"Th\u0103n n\u1ed9i b\u00f2 \u00dac Coorong Black \u2013 100 ng\u00e0y \u0103n ng\u0169 c\u1ed1c - Tru-Life","isPartOf":{"@id":"https:\/\/tru-life.com.vn\/en\/#website"},"primaryImageOfPage":{"@id":"https:\/\/tru-life.com.vn\/en\/product\/than-noi-bo-uc-coorong-black\/#primaryimage"},"image":{"@id":"https:\/\/tru-life.com.vn\/en\/product\/than-noi-bo-uc-coorong-black\/#primaryimage"},"thumbnailUrl":"https:\/\/tru-life.com.vn\/wp-content\/uploads\/2025\/11\/Than-noi-bo-Angus-Uc-Coorong-Black.webp","datePublished":"2025-11-07T07:07:25+00:00","dateModified":"2026-01-14T04:04:55+00:00","breadcrumb":{"@id":"https:\/\/tru-life.com.vn\/en\/product\/than-noi-bo-uc-coorong-black\/#breadcrumb"},"inLanguage":"en-US","potentialAction":[{"@type":"ReadAction","target":["https:\/\/tru-life.com.vn\/en\/product\/than-noi-bo-uc-coorong-black\/"]}]},{"@type":"ImageObject","inLanguage":"en-US","@id":"https:\/\/tru-life.com.vn\/en\/product\/than-noi-bo-uc-coorong-black\/#primaryimage","url":"https:\/\/tru-life.com.vn\/wp-content\/uploads\/2025\/11\/Than-noi-bo-Angus-Uc-Coorong-Black.webp","contentUrl":"https:\/\/tru-life.com.vn\/wp-content\/uploads\/2025\/11\/Than-noi-bo-Angus-Uc-Coorong-Black.webp","width":900,"height":900},{"@type":"BreadcrumbList","@id":"https:\/\/tru-life.com.vn\/en\/product\/than-noi-bo-uc-coorong-black\/#breadcrumb","itemListElement":[{"@type":"ListItem","position":1,"name":"Trang ch\u1ee7","item":"https:\/\/tru-life.com.vn\/en\/"},{"@type":"ListItem","position":2,"name":"C\u1eeda h\u00e0ng","item":"https:\/\/tru-life.com.vn\/en\/cua-hang\/"},{"@type":"ListItem","position":3,"name":"Th\u0103n n\u1ed9i b\u00f2 \u00dac Coorong Black \u2013 100 ng\u00e0y \u0103n ng\u0169 c\u1ed1c"}]},{"@type":"WebSite","@id":"https:\/\/tru-life.com.vn\/en\/#website","url":"https:\/\/tru-life.com.vn\/en\/","name":"Tru-Life","description":"Nh\u1eadp Kh\u1ea9u &amp; Ph\u00e2n Ph\u1ed1i Th\u1ef1c Ph\u1ea9m Cao C\u1ea5p","publisher":{"@id":"https:\/\/tru-life.com.vn\/en\/#organization"},"potentialAction":[{"@type":"SearchAction","target":{"@type":"EntryPoint","urlTemplate":"https:\/\/tru-life.com.vn\/en\/?s={search_term_string}"},"query-input":{"@type":"PropertyValueSpecification","valueRequired":true,"valueName":"search_term_string"}}],"inLanguage":"en-US"},{"@type":"Organization","@id":"https:\/\/tru-life.com.vn\/en\/#organization","name":"C\u00d4NG TY C\u1ed4 PH\u1ea6N TRU-LIFE VI\u1ec6T NAM","url":"https:\/\/tru-life.com.vn\/en\/","logo":{"@type":"ImageObject","inLanguage":"en-US","@id":"https:\/\/tru-life.com.vn\/en\/#\/schema\/logo\/image\/","url":"https:\/\/tru-life.com.vn\/wp-content\/uploads\/2020\/08\/logo.png","contentUrl":"https:\/\/tru-life.com.vn\/wp-content\/uploads\/2020\/08\/logo.png","width":416,"height":159,"caption":"C\u00d4NG TY C\u1ed4 PH\u1ea6N TRU-LIFE VI\u1ec6T NAM"},"image":{"@id":"https:\/\/tru-life.com.vn\/en\/#\/schema\/logo\/image\/"},"sameAs":["https:\/\/www.facebook.com\/TruLife.VietNam.Headoffice\/","https:\/\/www.instagram.com\/trulifevietnam\/","https:\/\/www.linkedin.com\/company\/tru-life-vietnam"]}]}},"_links":{"self":[{"href":"https:\/\/tru-life.com.vn\/en\/wp-json\/wp\/v2\/product\/58256","targetHints":{"allow":["GET"]}}],"collection":[{"href":"https:\/\/tru-life.com.vn\/en\/wp-json\/wp\/v2\/product"}],"about":[{"href":"https:\/\/tru-life.com.vn\/en\/wp-json\/wp\/v2\/types\/product"}],"wp:featuredmedia":[{"embeddable":true,"href":"https:\/\/tru-life.com.vn\/en\/wp-json\/wp\/v2\/media\/58263"}],"wp:attachment":[{"href":"https:\/\/tru-life.com.vn\/en\/wp-json\/wp\/v2\/media?parent=58256"}],"wp:term":[{"taxonomy":"product_origin","embeddable":true,"href":"https:\/\/tru-life.com.vn\/en\/wp-json\/wp\/v2\/product_origin?post=58256"},{"taxonomy":"product_brand","embeddable":true,"href":"https:\/\/tru-life.com.vn\/en\/wp-json\/wp\/v2\/product_brand?post=58256"},{"taxonomy":"product_cat","embeddable":true,"href":"https:\/\/tru-life.com.vn\/en\/wp-json\/wp\/v2\/product_cat?post=58256"},{"taxonomy":"product_tag","embeddable":true,"href":"https:\/\/tru-life.com.vn\/en\/wp-json\/wp\/v2\/product_tag?post=58256"}],"curies":[{"name":"wp","href":"https:\/\/api.w.org\/{rel}","templated":true}]}}